{"id":382,"date":"2025-08-02T15:41:33","date_gmt":"2025-08-02T15:41:33","guid":{"rendered":"https:\/\/powerballticketonline.com\/home\/"},"modified":"2025-08-02T15:41:33","modified_gmt":"2025-08-02T15:41:33","slug":"home","status":"publish","type":"page","link":"https:\/\/powerballticketonline.com\/pl\/","title":{"rendered":"Home"},"content":{"rendered":"<h2>Jak kupi\u0107 losy Powerball online<\/h2>\n<p>PowerBall to niezwykle popularna gra loteryjna, oferuj\u0105ca ogromne wygrane i jackpoty od 140 do ponad 300 milion\u00f3w dolar\u00f3w! W 2012 roku w PowerBall Jackpot wygra\u0142o ju\u017c 7 os\u00f3b. Najni\u017csza kumulacja wynios\u0142a 60 milion\u00f3w dolar\u00f3w, a najwy\u017csza 337 milion\u00f3w dolar\u00f3w! To z \u0142atwo\u015bci\u0105 mo\u017cesz by\u0107 Ty \u2013 aby mie\u0107 szans\u0119 na miliony dolar\u00f3w, wystarczy <strong>kupi\u0107 los PowerBall online<\/strong>.<\/p>\n<p><img loading=\"lazy\" decoding=\"async\" style=\"margin: 1px; float: right;\" src=\"images\/powerball_lottery.gif\" alt=\"Loteria Powerball\" width=\"250\" height=\"96\" \/>Chocia\u017c loteria zosta\u0142a pierwotnie stworzona dla mieszka\u0144c\u00f3w USA, a losy mo\u017cna by\u0142o kupi\u0107 w lokalnych sklepach, teraz mo\u017cna kupi\u0107 los PowerBall online! Oznacza to, \u017ce nie ma znaczenia, czy mieszkasz w USA, czy w Australii, mo\u017cesz <span style=\"text-decoration: underline;\"><a href=\"https:\/\/www.onlinelotto365.com\/usa\/powerball-lotto-online\" target=\"_blank\" rel=\"noopener noreferrer\">gra\u0107 w loteri\u0119 PowerBall na ca\u0142ym \u015bwiecie! <\/a><\/span><\/p>\n<p>Zakup i udzia\u0142 w loterii PowerBall jest mo\u017cliwy dzi\u0119ki ekskluzywnej us\u0142udze oferowanej przez RedFoxLotto. To firma z setkami agent\u00f3w na ca\u0142ym \u015bwiecie, z ich pomoc\u0105 mo\u017cesz kupi\u0107 dowoln\u0105 loteri\u0119.<\/p>\n<p><strong>Przed otrzymaniem losu na loteri\u0119 nale\u017cy wykona\u0107 4 proste kroki:<\/strong><\/p>\n<ol>\n<li>Wybierz loteri\u0119, w kt\u00f3rej chcesz wzi\u0105\u0107 udzia\u0142 \u2013 w tym przypadku PowerBall \u2013 po klikni\u0119ciu baneru na naszej stronie <span style=\"text-decoration: underline;\"><strong><a href=\"https:\/\/redfoxlotto.com\/?ref=A8564250A2&amp;medium=pwb\" target=\"_blank\" rel=\"noopener noreferrer\">lub po prostu kliknij tutaj<\/a><\/strong><\/span><\/li>\n<li>Jeden z wielu lokalnych agent\u00f3w RedFoxLotto zakupi los w Twoim imieniu<\/li>\n<li>Los b\u0119dzie widoczny na Twoim koncie<\/li>\n<li>Po zako\u0144czeniu losowania, w przypadku wygranej, informacje o sposobie odbioru wygranej zostan\u0105 do Ciebie wys\u0142ane w kolejnym e-mailu.<\/li>\n<li>W\u0142a\u015bciwie wszystkie wygrane Wygrane poni\u017cej 2500 euro trafi\u0105 na Twoje konto klienta, a w przypadku wy\u017cszych nagr\u00f3d RedFoxLotto pomo\u017ce Ci odebra\u0107 czek. Bez dodatkowych op\u0142at za t\u0119 us\u0142ug\u0119!<\/li>\n<\/ol>\n<p>To ekskluzywna us\u0142uga, z kt\u00f3rej korzystaj\u0105 tysi\u0105ce os\u00f3b na ca\u0142ym \u015bwiecie. Je\u015bli zastanawiasz si\u0119, co by si\u0119 sta\u0142o, gdyby\u015b wygra\u0142 jackpota, przesta\u0144 si\u0119 martwi\u0107. Ta firma jest nie tylko w 100% rzetelna i legalna, ale na losie widnieje r\u00f3wnie\u017c Twoje imi\u0119 i nazwisko, wi\u0119c nie ma miejsca na b\u0142\u0105d ani oszustwo.<\/p>\n<p>Loteria PowerBall to nie jedyna loteria dost\u0119pna w tej us\u0142udze \u2013 mo\u017cesz r\u00f3wnie\u017c kupi\u0107 losy Euromillions, wzi\u0105\u0107 udzia\u0142 w loterii El Gordo i Superenalotto, a tak\u017ce zagra\u0107 w wielu innych mi\u0119dzynarodowych loteriach. Ostatecznie, niezale\u017cnie od tego, gdzie mieszkasz, b\u0119dziesz m\u00f3g\u0142 uczestniczy\u0107 w zagranicznych loteriach tyle razy, ile chcesz i kiedy chcesz.<\/p>\n<h2>Losowania nagr\u00f3d<\/h2>\n<p>Losowania nagr\u00f3d odbywaj\u0105 si\u0119 dwa razy w tygodniu \u2013 w ka\u017cd\u0105 \u015brod\u0119 i sobot\u0119 wieczorem, o godzinie 22:59 czasu wschodniego. Losy mo\u017cna kupi\u0107 do ostatniej godziny losowania, co oznacza, \u017ce \u200b\u200bsprzeda\u017c ko\u0144czy si\u0119 59 minut przed jego rozpocz\u0119ciem. Przy zakupie los\u00f3w online nale\u017cy zarezerwowa\u0107 co najmniej 2 godziny na przetworzenie zam\u00f3wienia przez RedFoxLotto.<br \/>\nZwyci\u0119zcy i szcz\u0119\u015bliwe numery s\u0105 wy\u0142aniani poprzez wylosowanie 5 bia\u0142ych kul z b\u0119bna, kt\u00f3ry zawiera \u0142\u0105cznie 59 kul. Dodano r\u00f3wnie\u017c now\u0105 funkcj\u0119 \u2013 jedn\u0105 czerwon\u0105 kul\u0119, kt\u00f3ra jest losowana z innego b\u0119bna, sk\u0142adaj\u0105cego si\u0119 z 35 czerwonych kul.<\/p>\n<h2>Sposoby na wygran\u0105<\/h2>\n<p>Istnieje 9 r\u00f3\u017cnych sposob\u00f3w na wygran\u0105 w loterii Powerball. G\u0142\u00f3wna nagroda, czyli jackpot, zostanie zdobyta, je\u015bli na Twoim losie trafi\u0105 wszystkie 5 bia\u0142ych kul i czerwona kula, znana r\u00f3wnie\u017c jako PowerBall. W przypadku wygranej jackpota mo\u017cesz wybra\u0107 jednorazow\u0105 wyp\u0142at\u0119 lub otrzymywa\u0107 ca\u0142\u0105 pul\u0119 corocznie, przez 29 lat. Cho\u0107 mo\u017ce si\u0119 to wydawa\u0107 d\u0142ugo, jeste\u015bmy pewni, \u017ce otrzymasz oko\u0142o 10 milion\u00f3w dolar\u00f3w rocznie!<\/p>\n<p>Szanse na wygranie jakiejkolwiek nagrody podczas gry w loterii Powerball wynosz\u0105 oko\u0142o 1 do 32. Mo\u017cesz wygra\u0107 nagrod\u0119 na nast\u0119puj\u0105ce sposoby:<\/p>\n<ul>\n<li>5 bia\u0142ych kul + PowerBall wygra jackpota<\/li>\n<li>5 bia\u0142ych kul wygra 1 milion dolar\u00f3w<\/li>\n<li>4 bia\u0142e kule + PowerBall wygra 10 000 dolar\u00f3w<\/li>\n<li>4 bia\u0142e kule wygraj\u0105 100 dolar\u00f3w<\/li>\n<li>3 bia\u0142e kule + PowerBall wygra 100 dolar\u00f3w<\/li>\n<li>3 bia\u0142e kule wygraj\u0105 7 dolar\u00f3w<\/li>\n<li>2 bia\u0142e kule + PowerBall wygraj\u0105 7 dolar\u00f3w<\/li>\n<li>1 bia\u0142a kula + PowerBall wygra 7 dolar\u00f3w<\/li>\n<li>Sama PowerBall wygra 4 dolary<\/li>\n<\/ul>\n<p>Dodatkowo, je\u015bli wybierzesz funkcj\u0119 PowerPlay, mo\u017cesz zwi\u0119kszy\u0107 pierwotn\u0105 kwot\u0119 nagrody. Je\u015bli na Twoim losie znajduje si\u0119 zwyci\u0119ska kombinacja 5+0, Twoja nagroda wyniesie 2 miliony dolar\u00f3w zamiast 1 miliona dolar\u00f3w. Funkcj\u0119 PowerPlay nale\u017cy wybra\u0107 podczas zakupu losu.<\/p>\n<h2>Gdzie mog\u0119 zagra\u0107?<\/h2>\n<p>Powerball to ulubiona loteria Amerykan\u00f3w.Ka\u017cda gra i mo\u017cna w ni\u0105 gra\u0107 z 42 stan\u00f3w w ca\u0142ym kraju. Gra si\u0119 w ni\u0105 r\u00f3wnie\u017c w Waszyngtonie i na Wyspach Dziewiczych Stan\u00f3w Zjednoczonych. Jest 8 stan\u00f3w, kt\u00f3re nie pozwalaj\u0105 swoim mieszka\u0144com na udzia\u0142 w tej loterii &#8211; Nevada, Kalifornia, Utah, Missisipi, Wyoming, Alabama, Hawaje i Alaska.<\/p>\n<p>Jednak, jak wspomniano na pocz\u0105tku tego artyku\u0142u, mo\u017cna r\u00f3wnie\u017c gra\u0107 w PowerBall poza Stanami Zjednoczonymi i jako osoba nieb\u0119d\u0105ca rezydentem USA lub z dowolnego stanu USA, w kt\u00f3rym nie mo\u017cna kupi\u0107 loterii w sklepie. RedFoxLotto umo\u017cliwia to ka\u017cdemu. <strong><span style=\"text-decoration: underline;\"><a href=\"https:\/\/redfoxlotto.com\/?ref=A8564250A2&amp;medium=pwb\" target=\"_blank\" rel=\"noopener noreferrer\">Kup sw\u00f3j los loterii PowerBall online ju\u017c teraz!<\/a><\/span><\/strong><\/p>\n","protected":false},"excerpt":{"rendered":"<p>Jak kupi\u0107 losy Powerball online PowerBall to niezwykle popularna gra loteryjna, oferuj\u0105ca ogromne wygrane i jackpoty od 140 do ponad 300 milion\u00f3w dolar\u00f3w! W 2012 roku w PowerBall Jackpot wygra\u0142o ju\u017c 7 os\u00f3b. Najni\u017csza kumulacja wynios\u0142a 60 milion\u00f3w dolar\u00f3w, a najwy\u017csza 337 milion\u00f3w dolar\u00f3w! To z \u0142atwo\u015bci\u0105 mo\u017cesz by\u0107 Ty \u2013 aby mie\u0107 szans\u0119 na &hellip; <\/p>\n<p class=\"link-more\"><a href=\"https:\/\/powerballticketonline.com\/pl\/\" class=\"more-link\">Read more<span class=\"screen-reader-text\"> &#8222;Home&#8221;<\/span><\/a><\/p>\n","protected":false},"author":1,"featured_media":0,"parent":0,"menu_order":0,"comment_status":"closed","ping_status":"closed","template":"","meta":{"footnotes":""},"class_list":["post-382","page","type-page","status-publish","hentry"],"yoast_head":"<!-- This site is optimized with the Yoast SEO plugin v27.3 - https:\/\/yoast.com\/product\/yoast-seo-wordpress\/ -->\n<title>Kup losy na loteri\u0119 Powerball online z dowolnego miejsca na \u015bwiecie<\/title>\n<meta name=\"robots\" content=\"index, follow, max-snippet:-1, max-image-preview:large, max-video-preview:-1\" \/>\n<link rel=\"canonical\" href=\"https:\/\/powerballticketonline.com\/pl\/\" \/>\n<meta property=\"og:locale\" content=\"pl_PL\" \/>\n<meta property=\"og:type\" content=\"article\" \/>\n<meta property=\"og:title\" content=\"Kup losy na loteri\u0119 Powerball online z dowolnego miejsca na \u015bwiecie\" \/>\n<meta property=\"og:description\" content=\"Jak kupi\u0107 losy Powerball online PowerBall to niezwykle popularna gra loteryjna, oferuj\u0105ca ogromne wygrane i jackpoty od 140 do ponad 300 milion\u00f3w dolar\u00f3w! W 2012 roku w PowerBall Jackpot wygra\u0142o ju\u017c 7 os\u00f3b. Najni\u017csza kumulacja wynios\u0142a 60 milion\u00f3w dolar\u00f3w, a najwy\u017csza 337 milion\u00f3w dolar\u00f3w! To z \u0142atwo\u015bci\u0105 mo\u017cesz by\u0107 Ty \u2013 aby mie\u0107 szans\u0119 na &hellip; Read more &quot;Home&quot;\" \/>\n<meta property=\"og:url\" content=\"https:\/\/powerballticketonline.com\/pl\/\" \/>\n<meta name=\"twitter:card\" content=\"summary_large_image\" \/>\n<meta name=\"twitter:label1\" content=\"Szacowany czas czytania\" \/>\n\t<meta name=\"twitter:data1\" content=\"4 minuty\" \/>\n<script type=\"application\/ld+json\" class=\"yoast-schema-graph\">{\"@context\":\"https:\\\/\\\/schema.org\",\"@graph\":[{\"@type\":\"WebPage\",\"@id\":\"https:\\\/\\\/powerballticketonline.com\\\/pl\\\/\",\"url\":\"https:\\\/\\\/powerballticketonline.com\\\/pl\\\/\",\"name\":\"Kup losy na loteri\u0119 Powerball online z dowolnego miejsca na \u015bwiecie\",\"isPartOf\":{\"@id\":\"https:\\\/\\\/powerballticketonline.com\\\/pl\\\/#website\"},\"datePublished\":\"2025-08-02T15:41:33+00:00\",\"breadcrumb\":{\"@id\":\"https:\\\/\\\/powerballticketonline.com\\\/pl\\\/#breadcrumb\"},\"inLanguage\":\"pl-PL\",\"potentialAction\":[{\"@type\":\"ReadAction\",\"target\":[\"https:\\\/\\\/powerballticketonline.com\\\/pl\\\/\"]}]},{\"@type\":\"BreadcrumbList\",\"@id\":\"https:\\\/\\\/powerballticketonline.com\\\/pl\\\/#breadcrumb\",\"itemListElement\":[{\"@type\":\"ListItem\",\"position\":1,\"name\":\"Home\",\"item\":\"https:\\\/\\\/powerballticketonline.com\\\/pl\\\/\"},{\"@type\":\"ListItem\",\"position\":2,\"name\":\"Home\"}]},{\"@type\":\"WebSite\",\"@id\":\"https:\\\/\\\/powerballticketonline.com\\\/pl\\\/#website\",\"url\":\"https:\\\/\\\/powerballticketonline.com\\\/pl\\\/\",\"name\":\"\",\"description\":\"\",\"potentialAction\":[{\"@type\":\"SearchAction\",\"target\":{\"@type\":\"EntryPoint\",\"urlTemplate\":\"https:\\\/\\\/powerballticketonline.com\\\/pl\\\/?s={search_term_string}\"},\"query-input\":{\"@type\":\"PropertyValueSpecification\",\"valueRequired\":true,\"valueName\":\"search_term_string\"}}],\"inLanguage\":\"pl-PL\"}]}<\/script>\n<!-- \/ Yoast SEO plugin. -->","yoast_head_json":{"title":"Kup losy na loteri\u0119 Powerball online z dowolnego miejsca na \u015bwiecie","robots":{"index":"index","follow":"follow","max-snippet":"max-snippet:-1","max-image-preview":"max-image-preview:large","max-video-preview":"max-video-preview:-1"},"canonical":"https:\/\/powerballticketonline.com\/pl\/","og_locale":"pl_PL","og_type":"article","og_title":"Kup losy na loteri\u0119 Powerball online z dowolnego miejsca na \u015bwiecie","og_description":"Jak kupi\u0107 losy Powerball online PowerBall to niezwykle popularna gra loteryjna, oferuj\u0105ca ogromne wygrane i jackpoty od 140 do ponad 300 milion\u00f3w dolar\u00f3w! W 2012 roku w PowerBall Jackpot wygra\u0142o ju\u017c 7 os\u00f3b. Najni\u017csza kumulacja wynios\u0142a 60 milion\u00f3w dolar\u00f3w, a najwy\u017csza 337 milion\u00f3w dolar\u00f3w! To z \u0142atwo\u015bci\u0105 mo\u017cesz by\u0107 Ty \u2013 aby mie\u0107 szans\u0119 na &hellip; Read more \"Home\"","og_url":"https:\/\/powerballticketonline.com\/pl\/","twitter_card":"summary_large_image","twitter_misc":{"Szacowany czas czytania":"4 minuty"},"schema":{"@context":"https:\/\/schema.org","@graph":[{"@type":"WebPage","@id":"https:\/\/powerballticketonline.com\/pl\/","url":"https:\/\/powerballticketonline.com\/pl\/","name":"Kup losy na loteri\u0119 Powerball online z dowolnego miejsca na \u015bwiecie","isPartOf":{"@id":"https:\/\/powerballticketonline.com\/pl\/#website"},"datePublished":"2025-08-02T15:41:33+00:00","breadcrumb":{"@id":"https:\/\/powerballticketonline.com\/pl\/#breadcrumb"},"inLanguage":"pl-PL","potentialAction":[{"@type":"ReadAction","target":["https:\/\/powerballticketonline.com\/pl\/"]}]},{"@type":"BreadcrumbList","@id":"https:\/\/powerballticketonline.com\/pl\/#breadcrumb","itemListElement":[{"@type":"ListItem","position":1,"name":"Home","item":"https:\/\/powerballticketonline.com\/pl\/"},{"@type":"ListItem","position":2,"name":"Home"}]},{"@type":"WebSite","@id":"https:\/\/powerballticketonline.com\/pl\/#website","url":"https:\/\/powerballticketonline.com\/pl\/","name":"","description":"","potentialAction":[{"@type":"SearchAction","target":{"@type":"EntryPoint","urlTemplate":"https:\/\/powerballticketonline.com\/pl\/?s={search_term_string}"},"query-input":{"@type":"PropertyValueSpecification","valueRequired":true,"valueName":"search_term_string"}}],"inLanguage":"pl-PL"}]}},"_links":{"self":[{"href":"https:\/\/powerballticketonline.com\/pl\/wp-json\/wp\/v2\/pages\/382","targetHints":{"allow":["GET"]}}],"collection":[{"href":"https:\/\/powerballticketonline.com\/pl\/wp-json\/wp\/v2\/pages"}],"about":[{"href":"https:\/\/powerballticketonline.com\/pl\/wp-json\/wp\/v2\/types\/page"}],"author":[{"embeddable":true,"href":"https:\/\/powerballticketonline.com\/pl\/wp-json\/wp\/v2\/users\/1"}],"replies":[{"embeddable":true,"href":"https:\/\/powerballticketonline.com\/pl\/wp-json\/wp\/v2\/comments?post=382"}],"version-history":[{"count":0,"href":"https:\/\/powerballticketonline.com\/pl\/wp-json\/wp\/v2\/pages\/382\/revisions"}],"wp:attachment":[{"href":"https:\/\/powerballticketonline.com\/pl\/wp-json\/wp\/v2\/media?parent=382"}],"curies":[{"name":"wp","href":"https:\/\/api.w.org\/{rel}","templated":true}]}}