{"id":383,"date":"2025-08-02T15:41:33","date_gmt":"2025-08-02T15:41:33","guid":{"rendered":"https:\/\/powerballticketonline.com\/casa\/"},"modified":"2025-08-02T15:41:33","modified_gmt":"2025-08-02T15:41:33","slug":"casa","status":"publish","type":"page","link":"https:\/\/powerballticketonline.com\/pt-pt\/","title":{"rendered":"Casa"},"content":{"rendered":"<h2>Como Comprar Bilhetes Powerball Online<\/h2>\n<p>A PowerBall \u00e9 uma lotaria extremamente popular, com pr\u00e9mios enormes e um jackpot que varia entre 140 e mais de 300 milh\u00f5es de d\u00f3lares! J\u00e1 s\u00e3o 7 os vencedores da PowerBall em 2012. O pr\u00e9mio mais baixo foi de 60 milh\u00f5es de d\u00f3lares, enquanto o maior foi de 337 milh\u00f5es de d\u00f3lares! Poderia facilmente ser voc\u00ea; a \u00fanica coisa que tem de fazer para ter a hip\u00f3tese de ganhar milh\u00f5es de d\u00f3lares \u00e9 <strong>comprar um bilhete da PowerBall online<\/strong>.<\/p>\n<p><img loading=\"lazy\" decoding=\"async\" style=\"margin: 1px; float: right;\" src=\"images\/powerball_lottery.gif\" alt=\"Powerball Lottery\" width=\"250\" height=\"96\" \/>Embora a lotaria tenha sido inicialmente criada para residentes nos EUA e os bilhetes possam ser adquiridos em lojas locais, \u00e9 agora poss\u00edvel comprar um bilhete PowerBall online! Isto significa que, independentemente de viver nos EUA ou na Austr\u00e1lia, pode <span style=\"text-decoration: underline;\"><a href=\"https:\/\/www.onlinelotto365.com\/usa\/powerball-lotto-online\" target=\"_blank\" rel=\"noopener noreferrer\">jogar na lotaria PowerBall em qualquer parte do mundo! <\/a><\/span><\/p>\n<p>Comprar e aderir \u00e0 PowerBall \u00e9 poss\u00edvel gra\u00e7as a um servi\u00e7o exclusivo oferecido pela RedFoxLotto. Esta \u00e9 uma empresa com centenas de agentes em todo o mundo e, com a sua ajuda, pode comprar qualquer lotaria que desejar.<\/p>\n<p><strong>Existem 4 passos simples a seguir antes de receber o seu bilhete de lotaria:<\/strong><\/p>\n<ol>\n<li>Escolha a lotaria em que pretende participar \u2013 PowerBall neste caso \u2013 ap\u00f3s clicar no banner do nosso site, <span style=\"text-decoration: underline;\"><strong><a href=\"https:\/\/redfoxlotto.com\/?ref=A8564250A2&amp;medium=pwb\" target=\"_blank\" rel=\"noopener noreferrer\">ou simplesmente clique aqui<\/a><\/strong><\/span><\/li>\n<li>Um dos muitos agentes locais da RedFoxLotto comprar\u00e1 um bilhete em seu nome<\/li>\n<li>O bilhete ser\u00e1 vis\u00edvel na sua conta<\/li>\n<li>Ap\u00f3s o sorteio, caso ganhe, as informa\u00e7\u00f5es sobre como receber os seus ganhos ser-lhe-\u00e3o enviadas noutro e-mail.<\/li>\n<li>Na verdade, todos os ganhos abaixo de 2.500 euros ser\u00e3o destinados \u00e0 sua conta de cliente e, para pr\u00e9mios mais elevados, a RedFoxLotto ir\u00e1 ajud\u00e1-lo a receber o seu cheque. Sem custos extra por este servi\u00e7o!<\/li>\n<\/ol>\n<p>Este \u00e9 um servi\u00e7o exclusivo, utilizado por milhares de pessoas em todo o mundo. Se est\u00e1 a pensar no que aconteceria se ganhasse um pr\u00e9mio m\u00e1ximo, pare de se preocupar. Al\u00e9m de ser uma empresa 100% fi\u00e1vel e leg\u00edtima, o bilhete tamb\u00e9m tem o seu nome, n\u00e3o havendo, por isso, espa\u00e7o para erros ou fraudes.<\/p>\n<p>A lotaria PowerBall n\u00e3o \u00e9 a \u00fanica dispon\u00edvel para compra atrav\u00e9s deste servi\u00e7o \u2013 pode tamb\u00e9m comprar bilhetes do Euromilh\u00f5es, participar na lotaria El Gordo e na Superenalotto, bem como jogar em v\u00e1rias outras lotarias internacionais. Portanto, n\u00e3o importa onde resida no mundo, poder\u00e1 participar em lotarias estrangeiras o quanto quiser, quando quiser.<\/p>\n<h2>Sorteios<\/h2>\n<p>Os sorteios decorrem duas vezes por semana \u2013 todas as quartas-feiras e s\u00e1bados \u00e0 noite, \u00e0s 22h59, hor\u00e1rio do leste dos EUA. Os bilhetes podem ser adquiridos at\u00e9 \u00e0 \u00faltima hora do sorteio, o que significa que a venda encerra 59 minutos antes do in\u00edcio. Para a compra de bilhetes online, reserve um intervalo de pelo menos 2 horas para que a RedFoxLotto tenha tempo suficiente para processar o seu pedido de bilhete Powerball.<br \/>\nOs vencedores e os n\u00fameros da sorte s\u00e3o determinados pelo sorteio de 5 bolas brancas de um tambor, que cont\u00e9m um total de 59 bolas. H\u00e1 tamb\u00e9m uma novidade \u2013 uma bola vermelha, que \u00e9 sorteada a partir de um tambor diferente, composto por 35 bolas vermelhas.<\/p>\n<h2>Formas de ganhar<\/h2>\n<p>Existem 9 formas diferentes de ganhar ao jogar na Lotaria Powerball. O pr\u00e9mio principal, o grande pr\u00e9mio acumulado, ser\u00e1 ganho se o seu bilhete de lotaria acertar em todos os 5 n\u00fameros das bolas brancas e na bola vermelha, tamb\u00e9m conhecida como PowerBall. Caso ganhe um pr\u00e9mio m\u00e1ximo, pode escolher entre receber um valor fixo pago de imediato ou receber o pr\u00e9mio m\u00e1ximo anualmente, ao longo de 29 anos. Embora pare\u00e7a muito tempo, temos a certeza de que ficar\u00e1 mais do que satisfeito por receber cerca de 10 milh\u00f5es de d\u00f3lares anualmente!<\/p>\n<p>As probabilidades de ganhar qualquer pr\u00e9mio na lotaria Powerball s\u00e3o de aproximadamente 1 em 32. Pode ganhar um pr\u00e9mio das seguintes formas:<\/p>\n<ul>\n<li>5 Bolas Brancas + a PowerBall ganhar\u00e3o o Jackpot<\/li>\n<li>5 Bolas Brancas v\u00e3o ganhar 1 Milh\u00e3o de d\u00f3lares<\/li>\n<li>4 Bolas Brancas + a PowerBall v\u00e3o ganhar 10.000 d\u00f3lares<\/li>\n<li>4 Bolas Brancas v\u00e3o ganhar 100 d\u00f3lares<\/li>\n<li>3 Bolas Brancas + a PowerBall v\u00e3o ganhar 100 d\u00f3lares<\/li>\n<li>3 Bolas Brancas v\u00e3o ganhar 7 d\u00f3lares<\/li>\n<li>2 Bolas Brancas + a PowerBall v\u00e3o ganhar 7 d\u00f3lares<\/li>\n<li>1 Bola Branca + a PowerBall ganhar\u00e1 7 d\u00f3lares<\/li>\n<li>S\u00f3 a PowerBall ganhar\u00e1 4 d\u00f3lares<\/li>\n<\/ul>\n<p>H\u00e1 tamb\u00e9m uma funcionalidade extra: se selecionar a funcionalidade PowerPlay, pode aumentar o valor do pr\u00e9mio original. Se o seu boletim apresentar a combina\u00e7\u00e3o vencedora 5+0, o seu pr\u00e9mio ser\u00e1 de 2 milh\u00f5es de d\u00f3lares, em vez de 1 milh\u00e3o de d\u00f3lares. A funcionalidade PowerPlay deve ser selecionada ao comprar o seu bilhete.<\/p>\n<h2>Onde posso jogar?<\/h2>\n<p>Powerball \u00e9 a lotaria favorita dos Estados UnidosO jogo \u00e9 muito popular e pode ser jogado em 42 estados de todo o pa\u00eds. Tamb\u00e9m \u00e9 jogado em Washington, D.C. e nas Ilhas Virgens Americanas. Existem 8 estados que n\u00e3o permitem que os seus residentes participem nesta lotaria: Nevada, Calif\u00f3rnia, Utah, Mississipi, Wyoming, Alabama, Havai e Alasca.<\/p>\n<p>No entanto, como referido no in\u00edcio deste artigo, tamb\u00e9m \u00e9 poss\u00edvel jogar na PowerBall fora dos EUA e como n\u00e3o residente nos EUA, ou num estado americano onde n\u00e3o seja poss\u00edvel compr\u00e1-la numa loja. A RedFoxLotto torna isso poss\u00edvel para qualquer pessoa. <strong><span style=\"text-decoration: underline;\"><a href=\"https:\/\/redfoxlotto.com\/?ref=A8564250A2&amp;medium=pwb\" target=\"_blank\" rel=\"noopener noreferrer\">Compre j\u00e1 o seu bilhete de lotaria PowerBall online!<\/a><\/span><\/strong><\/p>\n","protected":false},"excerpt":{"rendered":"<p>Como Comprar Bilhetes Powerball Online A PowerBall \u00e9 uma lotaria extremamente popular, com pr\u00e9mios enormes e um jackpot que varia entre 140 e mais de 300 milh\u00f5es de d\u00f3lares! J\u00e1 s\u00e3o 7 os vencedores da PowerBall em 2012. O pr\u00e9mio mais baixo foi de 60 milh\u00f5es de d\u00f3lares, enquanto o maior foi de 337 milh\u00f5es &hellip; <\/p>\n<p class=\"link-more\"><a href=\"https:\/\/powerballticketonline.com\/pt-pt\/\" class=\"more-link\">Read more<span class=\"screen-reader-text\"> &#8220;Casa&#8221;<\/span><\/a><\/p>\n","protected":false},"author":1,"featured_media":0,"parent":0,"menu_order":0,"comment_status":"closed","ping_status":"closed","template":"","meta":{"footnotes":""},"class_list":["post-383","page","type-page","status-publish","hentry"],"yoast_head":"<!-- This site is optimized with the Yoast SEO plugin v27.3 - https:\/\/yoast.com\/product\/yoast-seo-wordpress\/ -->\n<title>Compre bilhetes de lotaria Powerball online em qualquer parte do mundo<\/title>\n<meta name=\"robots\" content=\"index, follow, max-snippet:-1, max-image-preview:large, max-video-preview:-1\" \/>\n<link rel=\"canonical\" href=\"https:\/\/powerballticketonline.com\/pt-pt\/\" \/>\n<meta property=\"og:locale\" content=\"pt_PT\" \/>\n<meta property=\"og:type\" content=\"article\" \/>\n<meta property=\"og:title\" content=\"Compre bilhetes de lotaria Powerball online em qualquer parte do mundo\" \/>\n<meta property=\"og:description\" content=\"Como Comprar Bilhetes Powerball Online A PowerBall \u00e9 uma lotaria extremamente popular, com pr\u00e9mios enormes e um jackpot que varia entre 140 e mais de 300 milh\u00f5es de d\u00f3lares! J\u00e1 s\u00e3o 7 os vencedores da PowerBall em 2012. O pr\u00e9mio mais baixo foi de 60 milh\u00f5es de d\u00f3lares, enquanto o maior foi de 337 milh\u00f5es &hellip; Read more &quot;Casa&quot;\" \/>\n<meta property=\"og:url\" content=\"https:\/\/powerballticketonline.com\/pt-pt\/\" \/>\n<meta name=\"twitter:card\" content=\"summary_large_image\" \/>\n<meta name=\"twitter:label1\" content=\"Tempo estimado de leitura\" \/>\n\t<meta name=\"twitter:data1\" content=\"5 minutos\" \/>\n<script type=\"application\/ld+json\" class=\"yoast-schema-graph\">{\"@context\":\"https:\\\/\\\/schema.org\",\"@graph\":[{\"@type\":\"WebPage\",\"@id\":\"https:\\\/\\\/powerballticketonline.com\\\/pt-pt\\\/\",\"url\":\"https:\\\/\\\/powerballticketonline.com\\\/pt-pt\\\/\",\"name\":\"Compre bilhetes de lotaria Powerball online em qualquer parte do mundo\",\"isPartOf\":{\"@id\":\"https:\\\/\\\/powerballticketonline.com\\\/pt-pt\\\/#website\"},\"datePublished\":\"2025-08-02T15:41:33+00:00\",\"breadcrumb\":{\"@id\":\"https:\\\/\\\/powerballticketonline.com\\\/pt-pt\\\/#breadcrumb\"},\"inLanguage\":\"pt-PT\",\"potentialAction\":[{\"@type\":\"ReadAction\",\"target\":[\"https:\\\/\\\/powerballticketonline.com\\\/pt-pt\\\/\"]}]},{\"@type\":\"BreadcrumbList\",\"@id\":\"https:\\\/\\\/powerballticketonline.com\\\/pt-pt\\\/#breadcrumb\",\"itemListElement\":[{\"@type\":\"ListItem\",\"position\":1,\"name\":\"Home\",\"item\":\"https:\\\/\\\/powerballticketonline.com\\\/pt-pt\\\/\"},{\"@type\":\"ListItem\",\"position\":2,\"name\":\"Casa\"}]},{\"@type\":\"WebSite\",\"@id\":\"https:\\\/\\\/powerballticketonline.com\\\/pt-pt\\\/#website\",\"url\":\"https:\\\/\\\/powerballticketonline.com\\\/pt-pt\\\/\",\"name\":\"\",\"description\":\"\",\"potentialAction\":[{\"@type\":\"SearchAction\",\"target\":{\"@type\":\"EntryPoint\",\"urlTemplate\":\"https:\\\/\\\/powerballticketonline.com\\\/pt-pt\\\/?s={search_term_string}\"},\"query-input\":{\"@type\":\"PropertyValueSpecification\",\"valueRequired\":true,\"valueName\":\"search_term_string\"}}],\"inLanguage\":\"pt-PT\"}]}<\/script>\n<!-- \/ Yoast SEO plugin. -->","yoast_head_json":{"title":"Compre bilhetes de lotaria Powerball online em qualquer parte do mundo","robots":{"index":"index","follow":"follow","max-snippet":"max-snippet:-1","max-image-preview":"max-image-preview:large","max-video-preview":"max-video-preview:-1"},"canonical":"https:\/\/powerballticketonline.com\/pt-pt\/","og_locale":"pt_PT","og_type":"article","og_title":"Compre bilhetes de lotaria Powerball online em qualquer parte do mundo","og_description":"Como Comprar Bilhetes Powerball Online A PowerBall \u00e9 uma lotaria extremamente popular, com pr\u00e9mios enormes e um jackpot que varia entre 140 e mais de 300 milh\u00f5es de d\u00f3lares! J\u00e1 s\u00e3o 7 os vencedores da PowerBall em 2012. O pr\u00e9mio mais baixo foi de 60 milh\u00f5es de d\u00f3lares, enquanto o maior foi de 337 milh\u00f5es &hellip; Read more \"Casa\"","og_url":"https:\/\/powerballticketonline.com\/pt-pt\/","twitter_card":"summary_large_image","twitter_misc":{"Tempo estimado de leitura":"5 minutos"},"schema":{"@context":"https:\/\/schema.org","@graph":[{"@type":"WebPage","@id":"https:\/\/powerballticketonline.com\/pt-pt\/","url":"https:\/\/powerballticketonline.com\/pt-pt\/","name":"Compre bilhetes de lotaria Powerball online em qualquer parte do mundo","isPartOf":{"@id":"https:\/\/powerballticketonline.com\/pt-pt\/#website"},"datePublished":"2025-08-02T15:41:33+00:00","breadcrumb":{"@id":"https:\/\/powerballticketonline.com\/pt-pt\/#breadcrumb"},"inLanguage":"pt-PT","potentialAction":[{"@type":"ReadAction","target":["https:\/\/powerballticketonline.com\/pt-pt\/"]}]},{"@type":"BreadcrumbList","@id":"https:\/\/powerballticketonline.com\/pt-pt\/#breadcrumb","itemListElement":[{"@type":"ListItem","position":1,"name":"Home","item":"https:\/\/powerballticketonline.com\/pt-pt\/"},{"@type":"ListItem","position":2,"name":"Casa"}]},{"@type":"WebSite","@id":"https:\/\/powerballticketonline.com\/pt-pt\/#website","url":"https:\/\/powerballticketonline.com\/pt-pt\/","name":"","description":"","potentialAction":[{"@type":"SearchAction","target":{"@type":"EntryPoint","urlTemplate":"https:\/\/powerballticketonline.com\/pt-pt\/?s={search_term_string}"},"query-input":{"@type":"PropertyValueSpecification","valueRequired":true,"valueName":"search_term_string"}}],"inLanguage":"pt-PT"}]}},"_links":{"self":[{"href":"https:\/\/powerballticketonline.com\/pt-pt\/wp-json\/wp\/v2\/pages\/383","targetHints":{"allow":["GET"]}}],"collection":[{"href":"https:\/\/powerballticketonline.com\/pt-pt\/wp-json\/wp\/v2\/pages"}],"about":[{"href":"https:\/\/powerballticketonline.com\/pt-pt\/wp-json\/wp\/v2\/types\/page"}],"author":[{"embeddable":true,"href":"https:\/\/powerballticketonline.com\/pt-pt\/wp-json\/wp\/v2\/users\/1"}],"replies":[{"embeddable":true,"href":"https:\/\/powerballticketonline.com\/pt-pt\/wp-json\/wp\/v2\/comments?post=383"}],"version-history":[{"count":0,"href":"https:\/\/powerballticketonline.com\/pt-pt\/wp-json\/wp\/v2\/pages\/383\/revisions"}],"wp:attachment":[{"href":"https:\/\/powerballticketonline.com\/pt-pt\/wp-json\/wp\/v2\/media?parent=383"}],"curies":[{"name":"wp","href":"https:\/\/api.w.org\/{rel}","templated":true}]}}