{"id":381,"date":"2025-08-02T15:41:33","date_gmt":"2025-08-02T15:41:33","guid":{"rendered":"https:\/\/powerballticketonline.com\/acasa\/"},"modified":"2025-08-02T15:41:33","modified_gmt":"2025-08-02T15:41:33","slug":"acasa","status":"publish","type":"page","link":"https:\/\/powerballticketonline.com\/ro\/","title":{"rendered":"Acas\u0103"},"content":{"rendered":"<h2>Cum po\u021bi cump\u0103ra bilete PowerBall online<\/h2>\n<p>PowerBall este un joc de loterie extrem de popular, cu c\u00e2\u0219tiguri uria\u0219e \u0219i premii jackpot de la 140 USD la peste 300 de milioane de dolari! Exist\u0103 deja 7 persoane care au c\u00e2\u0219tigat Jackpot-ul PowerBall \u00een 2012. Cel mai mic jackpot a fost de 60 de milioane de dolari, iar cel mai mare de 337 de milioane de dolari americani! Ai putea fi cu u\u0219urin\u021b\u0103 tu, singurul lucru pe care trebuie s\u0103-l faci pentru a avea o \u0219ans\u0103 la milioane de dolari este s\u0103 <strong>cumperi un bilet PowerBall online<\/strong>.<\/p>\n<p><img loading=\"lazy\" decoding=\"async\" style=\"margin: 1px; float: right;\" src=\"images\/powerball_lottery.gif\" alt=\"Powerball lottery\" width=\"250\" height=\"96\" \/>De\u0219i loteria a fost creat\u0103 ini\u021bial pentru reziden\u021bii SUA, iar biletele pot fi achizi\u021bionate \u00een magazinele locale de acolo, acum este posibil s\u0103 cumperi un bilet PowerBall online! Asta \u00eenseamn\u0103 c\u0103, indiferent dac\u0103 locuie\u0219ti \u00een SUA sau \u00een Australia, po\u021bi <span style=\"text-decoration: underline;\"><a href=\"https:\/\/www.onlinelotto365.com\/usa\/powerball-lotto-online\" target=\"_blank\" rel=\"noopener noreferrer\">juca la loteria PowerBall oriunde \u00een lume! <\/a><\/span><\/p>\n<p>Achizi\u021bionarea \u0219i participarea la PowerBall sunt posibile datorit\u0103 unui serviciu exclusiv oferit de RedFoxLotto. Aceasta este o companie cu sute de agen\u021bi din \u00eentreaga lume \u0219i, cu ajutorul lor, po\u021bi achizi\u021biona orice loterie dore\u0219ti.<\/p>\n<p><strong>Exist\u0103 4 pa\u0219i simpli de urmat \u00eenainte de a primi biletul de loterie:<\/strong><\/p>\n<ol>\n<li>Alege\u021bi loteria la care dori\u021bi s\u0103 participa\u021bi &#8211; PowerBall \u00een acest caz &#8211; dup\u0103 ce face\u021bi clic pe bannerul de pe site-ul nostru, <span style=\"text-decoration: underline;\"><strong><a href=\"https:\/\/redfoxlotto.com\/?ref=A8564250A2&amp;medium=pwb\" target=\"_blank\" rel=\"noopener noreferrer\">sau pur \u0219i simplu face\u021bi clic aici<\/a><\/strong><\/span><\/li>\n<li>Unul dintre numero\u0219ii agen\u021bi locali RedFoxLotto va achizi\u021biona un bilet \u00een numele dumneavoastr\u0103<\/li>\n<li>Biletul va fi apoi vizibil \u00een contul dumneavoastr\u0103<\/li>\n<li>Dup\u0103 ce extragerea este finalizat\u0103 \u0219i \u00een cazul \u00een care a\u021bi c\u00e2\u0219tigat, informa\u021bii despre cum s\u0103 v\u0103 colecta\u021bi c\u00e2\u0219tigurile v\u0103 vor fi trimise \u00eentr-un alt e-mail.<\/li>\n<li>De fapt, toate c\u00e2\u0219tigurile sub 2500 \u20ac vor intra \u00een contul dumneavoastr\u0103 de client, iar pentru premii mai mari, RedFoxLotto v\u0103 va ajuta s\u0103 v\u0103 primi\u021bi cecul. F\u0103r\u0103 costuri suplimentare pentru acest serviciu!<\/li>\n<\/ol>\n<p>Acesta este un serviciu exclusiv, folosit de mii de oameni din \u00eentreaga lume. Dac\u0103 v\u0103 g\u00e2ndi\u021bi ce s-ar \u00eent\u00e2mpla \u00een cazul \u00een care a\u021bi c\u00e2\u0219tiga un jackpot, nu v\u0103 mai face\u021bi griji. Nu numai c\u0103 aceast\u0103 companie este 100% reputat\u0103 \u0219i legitim\u0103, dar biletul con\u021bine \u0219i numele dvs., deci nu exist\u0103 loc de eroare sau fraud\u0103.<\/p>\n<p>Loteria PowerBall nu este singura disponibil\u0103 pentru cump\u0103rare prin intermediul acestui serviciu &#8211; pute\u021bi cump\u0103ra \u0219i bilete Euromillions, precum \u0219i participa la loteria El Gordo \u0219i Superenalotto \u0219i juca la o serie de alte loterii interna\u021bionale. A\u0219adar, \u00een cele din urm\u0103, nu conteaz\u0103 unde locui\u021bi \u00een lume, ve\u021bi putea participa la loterii str\u0103ine c\u00e2t de mult dori\u021bi, c\u00e2nd dori\u021bi.<\/p>\n<h2>Trageri la sor\u021bi<\/h2>\n<p>Tragerile la sor\u021bi au loc de dou\u0103 ori pe s\u0103pt\u0103m\u00e2n\u0103 &#8211; \u00een fiecare miercuri \u0219i s\u00e2mb\u0103t\u0103 seara, la ora 22:59, ora estic\u0103. Biletele pot fi achizi\u021bionate p\u00e2n\u0103 \u00een ultima or\u0103 a extragerii, ceea ce \u00eenseamn\u0103 c\u0103 v\u00e2nzarea se \u00eenchide cu 59 de minute \u00eenainte de \u00eenceperea extragerii. Pentru achizi\u021bionarea biletelor online, acorda\u021bi o perioad\u0103 de a\u0219teptare de cel pu\u021bin 2 ore pentru a-i oferi RedFoxLotto suficient timp s\u0103 proceseze comanda dvs. de bilete Powerball.<\/p>\n<p>C\u00e2\u0219tig\u0103torii \u0219i numerele norocoase sunt determinate prin extragerea a 5 bile albe de pe un tambur, care con\u021bine un total de 59 de bile. Exist\u0103, de asemenea, o nou\u0103 ad\u0103ugire &#8211; o bil\u0103 ro\u0219ie, care este extras\u0103 dintr-un tambur diferit, format din 35 de bile ro\u0219ii.<\/p>\n<h2>Modalit\u0103\u021bi de c\u00e2\u0219tig<\/h2>\n<p>Exist\u0103 9 modalit\u0103\u021bi diferite de a c\u00e2\u0219tiga atunci c\u00e2nd juca\u021bi la Loteria Powerball. Premiul principal, marele jackpot, va fi c\u00e2\u0219tigat dac\u0103 biletul dvs. de loterie se potrive\u0219te cu toate cele 5 numere ale bilelor albe \u0219i cu bila ro\u0219ie, care este cunoscut\u0103 \u0219i sub numele de PowerBall. \u00cen cazul c\u00e2\u0219tig\u0103rii unui jackpot, pute\u021bi alege fie o sum\u0103 forfetar\u0103 pl\u0103tit\u0103 imediat, fie pute\u021bi primi jackpotul integral pl\u0103tit anual, pe parcursul a 29 de ani. De\u0219i pare o perioad\u0103 lung\u0103 de timp, suntem siguri c\u0103 ve\u021bi fi mai mult dec\u00e2t ok s\u0103 primi\u021bi \u00een jur de 10 milioane de dolari anual!<\/p>\n<p>\u0218ansele de a c\u00e2\u0219tiga orice premiu \u00een timp ce juca\u021bi la Loteria Powerball sunt de aproximativ 1 la 32. Pute\u021bi c\u00e2\u0219tiga un premiu \u00een urm\u0103toarele moduri:<\/p>\n<ul>\n<li>5 Bile Albe + PowerBall vor c\u00e2\u0219tiga Jackpot-ul<\/li>\n<li>5 Bile Albe vor c\u00e2\u0219tiga 1 milion de dolari<\/li>\n<li>4 Bile Albe + PowerBall vor c\u00e2\u0219tiga 10.000 de dolari<\/li>\n<li>4 Bile Albe vor c\u00e2\u0219tiga 100 de dolari<\/li>\n<li>3 Bile Albe + PowerBall vor c\u00e2\u0219tiga 100 de dolari<\/li>\n<li>3 Bile Albe vor c\u00e2\u0219tiga 7 dolari<\/li>\n<li>2 Bile Albe + PowerBall vor c\u00e2\u0219tiga 7 dolari<\/li>\n<li>1 Bil\u0103 Alb\u0103 + PowerBall va c\u00e2\u0219tiga 7 dolari<\/li>\n<li>Doar PowerBall-ul va c\u00e2\u0219tiga 4 dolari<\/li>\n<\/ul>\n<p>De asemenea, a fost ad\u0103ugat\u0103 o func\u021bie suplimentar\u0103: dac\u0103 selecta\u021bi func\u021bia PowerPlay, pute\u021bi cre\u0219te valoarea ini\u021bial\u0103 a premiului. Dac\u0103 biletul t\u0103u con\u021bine combina\u021bia c\u00e2\u0219tig\u0103toare 5+0, premiul t\u0103u va fi de 2 milioane de dolari, \u00een loc de 1 milion de dolari. Func\u021bia PowerPlay trebuie selectat\u0103 la achizi\u021bionarea biletului.<\/p>\n<h2>Unde pot juca?<\/h2>\n<p>Powerball este loteria preferat\u0103 a Americii.ery joc \u0219i poate fi jucat din 42 de state din \u00eentreaga \u021bar\u0103. Se joac\u0103 \u0219i \u00een Washington, D.C. \u0219i \u00een Insulele Virgine Americane. Exist\u0103 8 state care nu permit reziden\u021bilor lor s\u0103 participe la aceast\u0103 loterie &#8211; Nevada, California, Utah, Mississippi, Wyoming, Alabama, Hawaii \u0219i Alaska.<\/p>\n<p>Cu toate acestea, a\u0219a cum s-a men\u021bionat la \u00eenceputul acestui articol, este posibil s\u0103 juca\u021bi PowerBall \u0219i \u00een afara SUA \u0219i ca rezident non-SUA sau dintr-un stat american unde nu le pute\u021bi cump\u0103ra \u00eentr-un magazin. RedFoxLotto face acest lucru posibil pentru oricine. <strong><span style=\"text-decoration: underline;\"><a href=\"https:\/\/redfoxlotto.com\/?ref=A8564250A2&amp;medium=pwb\" target=\"_blank\" rel=\"noopener noreferrer\">Ob\u021bine\u021bi-v\u0103 biletul de loterie PowerBall online acum!<\/a><\/span><\/strong><\/p>\n","protected":false},"excerpt":{"rendered":"<p>Cum po\u021bi cump\u0103ra bilete PowerBall online PowerBall este un joc de loterie extrem de popular, cu c\u00e2\u0219tiguri uria\u0219e \u0219i premii jackpot de la 140 USD la peste 300 de milioane de dolari! Exist\u0103 deja 7 persoane care au c\u00e2\u0219tigat Jackpot-ul PowerBall \u00een 2012. Cel mai mic jackpot a fost de 60 de milioane de dolari, &hellip; <\/p>\n<p class=\"link-more\"><a href=\"https:\/\/powerballticketonline.com\/ro\/\" class=\"more-link\">Cite\u0219te mai multe<span class=\"screen-reader-text\">\u201eAcas\u0103\u201d<\/span><\/a><\/p>\n","protected":false},"author":1,"featured_media":0,"parent":0,"menu_order":0,"comment_status":"closed","ping_status":"closed","template":"","meta":{"footnotes":""},"class_list":["post-381","page","type-page","status-publish","hentry"],"yoast_head":"<!-- This site is optimized with the Yoast SEO plugin v27.3 - https:\/\/yoast.com\/product\/yoast-seo-wordpress\/ -->\n<title>Cump\u0103r\u0103 bilete de loterie Powerball online de oriunde din lume<\/title>\n<meta name=\"robots\" content=\"index, follow, max-snippet:-1, max-image-preview:large, max-video-preview:-1\" \/>\n<link rel=\"canonical\" href=\"https:\/\/powerballticketonline.com\/ro\/\" \/>\n<meta property=\"og:locale\" content=\"ro_RO\" \/>\n<meta property=\"og:type\" content=\"article\" \/>\n<meta property=\"og:title\" content=\"Cump\u0103r\u0103 bilete de loterie Powerball online de oriunde din lume\" \/>\n<meta property=\"og:description\" content=\"Cum po\u021bi cump\u0103ra bilete PowerBall online PowerBall este un joc de loterie extrem de popular, cu c\u00e2\u0219tiguri uria\u0219e \u0219i premii jackpot de la 140 USD la peste 300 de milioane de dolari! Exist\u0103 deja 7 persoane care au c\u00e2\u0219tigat Jackpot-ul PowerBall \u00een 2012. Cel mai mic jackpot a fost de 60 de milioane de dolari, &hellip; Cite\u0219te mai multe\u201eAcas\u0103\u201d\" \/>\n<meta property=\"og:url\" content=\"https:\/\/powerballticketonline.com\/ro\/\" \/>\n<meta name=\"twitter:card\" content=\"summary_large_image\" \/>\n<meta name=\"twitter:label1\" content=\"Timp estimat pentru citire\" \/>\n\t<meta name=\"twitter:data1\" content=\"5 minute\" \/>\n<script type=\"application\/ld+json\" class=\"yoast-schema-graph\">{\"@context\":\"https:\\\/\\\/schema.org\",\"@graph\":[{\"@type\":\"WebPage\",\"@id\":\"https:\\\/\\\/powerballticketonline.com\\\/ro\\\/\",\"url\":\"https:\\\/\\\/powerballticketonline.com\\\/ro\\\/\",\"name\":\"Cump\u0103r\u0103 bilete de loterie Powerball online de oriunde din lume\",\"isPartOf\":{\"@id\":\"https:\\\/\\\/powerballticketonline.com\\\/ro\\\/#website\"},\"datePublished\":\"2025-08-02T15:41:33+00:00\",\"breadcrumb\":{\"@id\":\"https:\\\/\\\/powerballticketonline.com\\\/ro\\\/#breadcrumb\"},\"inLanguage\":\"ro-RO\",\"potentialAction\":[{\"@type\":\"ReadAction\",\"target\":[\"https:\\\/\\\/powerballticketonline.com\\\/ro\\\/\"]}]},{\"@type\":\"BreadcrumbList\",\"@id\":\"https:\\\/\\\/powerballticketonline.com\\\/ro\\\/#breadcrumb\",\"itemListElement\":[{\"@type\":\"ListItem\",\"position\":1,\"name\":\"Home\",\"item\":\"https:\\\/\\\/powerballticketonline.com\\\/ro\\\/\"},{\"@type\":\"ListItem\",\"position\":2,\"name\":\"Acas\u0103\"}]},{\"@type\":\"WebSite\",\"@id\":\"https:\\\/\\\/powerballticketonline.com\\\/ro\\\/#website\",\"url\":\"https:\\\/\\\/powerballticketonline.com\\\/ro\\\/\",\"name\":\"\",\"description\":\"\",\"potentialAction\":[{\"@type\":\"SearchAction\",\"target\":{\"@type\":\"EntryPoint\",\"urlTemplate\":\"https:\\\/\\\/powerballticketonline.com\\\/ro\\\/?s={search_term_string}\"},\"query-input\":{\"@type\":\"PropertyValueSpecification\",\"valueRequired\":true,\"valueName\":\"search_term_string\"}}],\"inLanguage\":\"ro-RO\"}]}<\/script>\n<!-- \/ Yoast SEO plugin. -->","yoast_head_json":{"title":"Cump\u0103r\u0103 bilete de loterie Powerball online de oriunde din lume","robots":{"index":"index","follow":"follow","max-snippet":"max-snippet:-1","max-image-preview":"max-image-preview:large","max-video-preview":"max-video-preview:-1"},"canonical":"https:\/\/powerballticketonline.com\/ro\/","og_locale":"ro_RO","og_type":"article","og_title":"Cump\u0103r\u0103 bilete de loterie Powerball online de oriunde din lume","og_description":"Cum po\u021bi cump\u0103ra bilete PowerBall online PowerBall este un joc de loterie extrem de popular, cu c\u00e2\u0219tiguri uria\u0219e \u0219i premii jackpot de la 140 USD la peste 300 de milioane de dolari! Exist\u0103 deja 7 persoane care au c\u00e2\u0219tigat Jackpot-ul PowerBall \u00een 2012. Cel mai mic jackpot a fost de 60 de milioane de dolari, &hellip; Cite\u0219te mai multe\u201eAcas\u0103\u201d","og_url":"https:\/\/powerballticketonline.com\/ro\/","twitter_card":"summary_large_image","twitter_misc":{"Timp estimat pentru citire":"5 minute"},"schema":{"@context":"https:\/\/schema.org","@graph":[{"@type":"WebPage","@id":"https:\/\/powerballticketonline.com\/ro\/","url":"https:\/\/powerballticketonline.com\/ro\/","name":"Cump\u0103r\u0103 bilete de loterie Powerball online de oriunde din lume","isPartOf":{"@id":"https:\/\/powerballticketonline.com\/ro\/#website"},"datePublished":"2025-08-02T15:41:33+00:00","breadcrumb":{"@id":"https:\/\/powerballticketonline.com\/ro\/#breadcrumb"},"inLanguage":"ro-RO","potentialAction":[{"@type":"ReadAction","target":["https:\/\/powerballticketonline.com\/ro\/"]}]},{"@type":"BreadcrumbList","@id":"https:\/\/powerballticketonline.com\/ro\/#breadcrumb","itemListElement":[{"@type":"ListItem","position":1,"name":"Home","item":"https:\/\/powerballticketonline.com\/ro\/"},{"@type":"ListItem","position":2,"name":"Acas\u0103"}]},{"@type":"WebSite","@id":"https:\/\/powerballticketonline.com\/ro\/#website","url":"https:\/\/powerballticketonline.com\/ro\/","name":"","description":"","potentialAction":[{"@type":"SearchAction","target":{"@type":"EntryPoint","urlTemplate":"https:\/\/powerballticketonline.com\/ro\/?s={search_term_string}"},"query-input":{"@type":"PropertyValueSpecification","valueRequired":true,"valueName":"search_term_string"}}],"inLanguage":"ro-RO"}]}},"_links":{"self":[{"href":"https:\/\/powerballticketonline.com\/ro\/wp-json\/wp\/v2\/pages\/381","targetHints":{"allow":["GET"]}}],"collection":[{"href":"https:\/\/powerballticketonline.com\/ro\/wp-json\/wp\/v2\/pages"}],"about":[{"href":"https:\/\/powerballticketonline.com\/ro\/wp-json\/wp\/v2\/types\/page"}],"author":[{"embeddable":true,"href":"https:\/\/powerballticketonline.com\/ro\/wp-json\/wp\/v2\/users\/1"}],"replies":[{"embeddable":true,"href":"https:\/\/powerballticketonline.com\/ro\/wp-json\/wp\/v2\/comments?post=381"}],"version-history":[{"count":0,"href":"https:\/\/powerballticketonline.com\/ro\/wp-json\/wp\/v2\/pages\/381\/revisions"}],"wp:attachment":[{"href":"https:\/\/powerballticketonline.com\/ro\/wp-json\/wp\/v2\/media?parent=381"}],"curies":[{"name":"wp","href":"https:\/\/api.w.org\/{rel}","templated":true}]}}