{"id":399,"date":"2025-08-02T15:41:33","date_gmt":"2025-08-02T15:41:33","guid":{"rendered":"https:\/\/powerballticketonline.com\/home\/"},"modified":"2025-08-02T15:41:33","modified_gmt":"2025-08-02T15:41:33","slug":"home","status":"publish","type":"page","link":"https:\/\/powerballticketonline.com\/sk\/","title":{"rendered":"Home"},"content":{"rendered":"<h2>Ako si m\u00f4\u017eete k\u00fapi\u0165 tikety Powerball online<\/h2>\n<p>PowerBall je mimoriadne popul\u00e1rna lot\u00e9riov\u00e1 hra s obrovsk\u00fdmi v\u00fdplatami a jackpotom od 140 do viac ako 300 mili\u00f3nov dol\u00e1rov! V roku 2012 u\u017e 7 \u013eud\u00ed vyhralo jackpot PowerBall. Najni\u017e\u0161\u00ed jackpot bol 60 mili\u00f3nov dol\u00e1rov a najvy\u0161\u0161\u00ed 337 mili\u00f3nov americk\u00fdch dol\u00e1rov! Toto by ste mohli by\u0165 pokojne aj vy. Jedin\u00e9, \u010do mus\u00edte urobi\u0165, aby ste mali \u0161ancu vyhra\u0165 mili\u00f3ny dol\u00e1rov, je <strong>k\u00fapi\u0165 si tiket PowerBall online<\/strong>.<\/p>\n<p><img loading=\"lazy\" decoding=\"async\" style=\"margin: 1px; float: right;\" src=\"images\/powerball_lottery.gif\" alt=\"Powerball lot\u00e9ria\" width=\"250\" height=\"96\" \/>Hoci bola lot\u00e9ria p\u00f4vodne vytvoren\u00e1 pre obyvate\u013eov USA a tikety si m\u00f4\u017eete k\u00fapi\u0165 v miestnych obchodoch, teraz je mo\u017en\u00e9 k\u00fapi\u0165 si tiket PowerBall online! To znamen\u00e1, \u017ee nez\u00e1le\u017e\u00ed na tom, \u010di \u017eijete v USA alebo v Austr\u00e1lii, m\u00f4\u017eete hra\u0165 lot\u00e9riu PowerBall kdeko\u013evek na svete!\u00a0 <\/a><\/span><\/p>\n<p>N\u00e1kup a \u00fa\u010das\u0165 v PowerBall je mo\u017en\u00e1 v\u010faka exkluz\u00edvnej slu\u017ebe, ktor\u00fa pon\u00faka RedFoxLotto. Ide o spolo\u010dnos\u0165 so stovkami agentov po celom svete a s ich pomocou si m\u00f4\u017eete zak\u00fapi\u0165 ak\u00fako\u013evek lot\u00e9riu, ktor\u00fa si \u017eel\u00e1te.<\/p>\n<p><strong>Predt\u00fdm, ako dostanete svoj \u017ereb, mus\u00edte vykona\u0165 4 jednoduch\u00e9 kroky:<\/strong><\/p>\n<ol>\n<li>Vyberte si lot\u00e9riu, ktorej sa chcete z\u00fa\u010dastni\u0165 \u2013 v tomto pr\u00edpade PowerBall \u2013 po kliknut\u00ed na banner na na\u0161ej str\u00e1nke, <span style=\"text-decoration: underline;\"><strong><a href=\"https:\/\/redfoxlotto.com\/?ref=A8564250A2&amp;medium=pwb\" target=\"_blank\" rel=\"noopener noreferrer\">alebo jednoducho kliknite sem<\/a><\/strong><\/span><\/li>\n<li>Jeden z mnoh\u00fdch miestnych agentov RedFoxLotto zak\u00fapi \u017ereb za v\u00e1s<\/li>\n<li>\u017dreb bude potom vidite\u013en\u00fd vo va\u0161om \u00fa\u010dte<\/li>\n<li>Po skon\u010den\u00ed \u017erebovania a v pr\u00edpade, \u017ee ste vyhrali, v\u00e1m bud\u00fa v \u010fal\u0161om e-maile zaslan\u00e9 inform\u00e1cie o tom, ako si vyzdvihn\u00fa\u0165 v\u00fdhru.<\/li>\n<li>V skuto\u010dnosti v\u0161etky v\u00fdhry do 2 500 \u20ac p\u00f4jdu na v\u00e1\u0161 z\u00e1kazn\u00edcky \u00fa\u010det a pri vy\u0161\u0161\u00edch v\u00fdhrach ceny, RedFoxLotto v\u00e1m pom\u00f4\u017ee z\u00edska\u0165 v\u00e1\u0161 \u0161ek. Za t\u00fato slu\u017ebu sa ne\u00fa\u010dtuj\u00fa \u017eiadne \u010fal\u0161ie poplatky!<\/li>\n<\/ol>\n<p>Toto je exkluz\u00edvna slu\u017eba, ktor\u00fa vyu\u017e\u00edvaj\u00fa tis\u00edce \u013eud\u00ed na celom svete. Ak prem\u00fd\u0161\u013eate o tom, \u010do by sa stalo, keby ste vyhrali jackpot, presta\u0148te sa b\u00e1\u0165. T\u00e1to spolo\u010dnos\u0165 je nielen 100 % seri\u00f3zna a legit\u00edmna, ale na tikete je aj va\u0161e meno, tak\u017ee nie je priestor na chyby ani podvody.<\/p>\n<p>Lot\u00e9ria PowerBall nie je jedin\u00e1, ktor\u00fa je mo\u017en\u00e9 zak\u00fapi\u0165 prostredn\u00edctvom tejto slu\u017eby \u2013 m\u00f4\u017eete si tie\u017e k\u00fapi\u0165 tikety Euromillions, z\u00fa\u010dastni\u0165 sa lot\u00e9rie El Gordo a SuperEnalotto a hra\u0165 mno\u017estvo \u010fal\u0161\u00edch medzin\u00e1rodn\u00fdch lot\u00e9ri\u00ed. Tak\u017ee nakoniec nez\u00e1le\u017e\u00ed na tom, kde na svete b\u00fdvate, budete sa m\u00f4c\u0165 z\u00fa\u010dast\u0148ova\u0165 zahrani\u010dn\u00fdch lot\u00e9ri\u00ed to\u013eko, ko\u013eko chcete, kedy chcete.<\/p>\n<h2>\u017drebovania o ceny<\/h2>\n<p>\u017drebovania o ceny sa konaj\u00fa dvakr\u00e1t t\u00fd\u017edenne \u2013 ka\u017ed\u00fa stredu a sobotu ve\u010der o 22:59 v\u00fdchodn\u00e9ho \u010dasu. L\u00edstky je mo\u017en\u00e9 zak\u00fapi\u0165 do poslednej hodiny \u017erebovania, \u010do znamen\u00e1, \u017ee predaj sa uzatv\u00e1ra 59 min\u00fat pred za\u010diatkom. Pri online n\u00e1kupe l\u00edstkov po\u010d\u00edtajte s rezervou aspo\u0148 2 hodiny, aby mal RedFoxLotto dostatok \u010dasu na spracovanie va\u0161ej objedn\u00e1vky tiketu Powerball.<br \/>\nV\u00fdhercovia a \u0161\u0165astn\u00e9 \u010d\u00edsla sa ur\u010dia vy\u017erebovan\u00edm 5 bielych guli\u010diek z bubna, ktor\u00fd obsahuje celkovo 59 guli\u010diek. Novinkou je aj jedna \u010derven\u00e1 guli\u010dka, ktor\u00e1 sa vy\u017erebuje z in\u00e9ho bubna pozost\u00e1vaj\u00faceho z 35 \u010derven\u00fdch guli\u010diek.<\/p>\n<h2>Sp\u00f4soby v\u00fdhry<\/h2>\n<p>Pri hran\u00ed lot\u00e9rie Powerball existuje 9 r\u00f4znych sp\u00f4sobov v\u00fdhry. Hlavn\u00fa cenu, ve\u013ek\u00fd jackpot, vyhr\u00e1te, ak sa na va\u0161om lot\u00e9riovom tikete uh\u00e1dne v\u0161etk\u00fdch 5 \u010d\u00edsel bielych guli\u010diek a \u010derven\u00e1 guli\u010dka, ktor\u00e1 je zn\u00e1ma aj ako PowerBall. V pr\u00edpade v\u00fdhry jackpotu si m\u00f4\u017eete vybra\u0165 bu\u010f jednorazov\u00fa vyplaten\u00fa sumu pe\u0148az\u00ed, alebo si necha\u0165 vyplati\u0165 cel\u00fd jackpot ro\u010dne po\u010das 29 rokov. Aj ke\u010f sa to zd\u00e1 by\u0165 dlh\u00e1 doba, sme si ist\u00ed, \u017ee s ro\u010dn\u00fdm pr\u00edjmom okolo 10 mili\u00f3nov dol\u00e1rov budete viac ne\u017e spokojn\u00ed!<\/p>\n<p>\u0160anca na v\u00fdhru akejko\u013evek ceny pri hran\u00ed lot\u00e9rie Powerball je pribli\u017ene 1 ku 32. Cenu m\u00f4\u017eete vyhra\u0165 nasleduj\u00facimi sp\u00f4sobmi:<\/p>\n<ul>\n<li>5 bielych guli\u010diek + PowerBall vyhr\u00e1 jackpot<\/li>\n<li>5 bielych guli\u010diek vyhr\u00e1 1 mili\u00f3n dol\u00e1rov<\/li>\n<li>4 biele guli\u010dky + PowerBall vyhr\u00e1 10 000 dol\u00e1rov<\/li>\n<li>4 biele guli\u010dky vyhr\u00e1vaj\u00fa 100 dol\u00e1rov<\/li>\n<li>3 biele guli\u010dky + PowerBall vyhr\u00e1vaj\u00fa 100 dol\u00e1rov<\/li>\n<li>3 biele guli\u010dky vyhr\u00e1vaj\u00fa 7 dol\u00e1rov<\/li>\n<li>2 biele guli\u010dky + PowerBall vyhr\u00e1vaj\u00fa 7 dol\u00e1rov<\/li>\n<li>1 biela guli\u010dka + PowerBall vyhr\u00e1 7 dol\u00e1rov<\/li>\n<li>Samotn\u00fd PowerBall vyhr\u00e1 4 dol\u00e1re<\/li>\n<\/ul>\n<p>Pridan\u00e1 je aj \u010fal\u0161ia funkcia: ak si vyberiete funkciu PowerPlay, m\u00f4\u017eete zv\u00fd\u0161i\u0165 p\u00f4vodn\u00fa v\u00fd\u0161ku v\u00fdhry. Ak v\u00e1\u0161 tiket obsahuje v\u00fdhern\u00fa kombin\u00e1ciu 5+0, va\u0161a v\u00fdhra bude 2 mili\u00f3ny dol\u00e1rov namiesto 1 mili\u00f3na dol\u00e1rov. Funkciu PowerPlay je potrebn\u00e9 vybra\u0165 pri k\u00fape tiketu.<\/p>\n<h2>Kde m\u00f4\u017eem hra\u0165?<\/h2>\n<p>Powerball je ob\u013e\u00faben\u00e1 lot\u00e9ria v Amerike.Je to hra, ktor\u00fa je mo\u017en\u00e9 hra\u0165 v 42 \u0161t\u00e1toch po celej krajine. Hr\u00e1 sa aj vo Washingtone, D.C. a na Americk\u00fdch Panensk\u00fdch ostrovoch. Existuje 8 \u0161t\u00e1tov, ktor\u00e9 svojim obyvate\u013eom neumo\u017e\u0148uj\u00fa \u00fa\u010das\u0165 v tejto lot\u00e9rii \u2013 Nevada, Kalifornia, Utah, Mississippi, Wyoming, Alabama, Havaj a Alja\u0161ka.<\/p>\n<p>Ako v\u0161ak bolo uveden\u00e9 na za\u010diatku tohto \u010dl\u00e1nku, PowerBall je mo\u017en\u00e9 hra\u0165 aj mimo USA a ako osoba s trval\u00fdm pobytom mimo USA alebo zo \u0161t\u00e1tu USA, kde si ich nem\u00f4\u017eete k\u00fapi\u0165 v obchode. RedFoxLotto to umo\u017e\u0148uje ka\u017ed\u00e9mu. <strong><span style=\"text-decoration: underline;\"><a href=\"https:\/\/redfoxlotto.com\/?ref=A8564250A2&amp;medium=pwb\" target=\"_blank\" rel=\"noopener noreferrer\">Z\u00edskajte svoj lot\u00e9riov\u00fd tiket PowerBall online teraz!<\/a><\/span><\/strong><\/p>\n","protected":false},"excerpt":{"rendered":"<p>Ako si m\u00f4\u017eete k\u00fapi\u0165 tikety Powerball online PowerBall je mimoriadne popul\u00e1rna lot\u00e9riov\u00e1 hra s obrovsk\u00fdmi v\u00fdplatami a jackpotom od 140 do viac ako 300 mili\u00f3nov dol\u00e1rov! V roku 2012 u\u017e 7 \u013eud\u00ed vyhralo jackpot PowerBall. Najni\u017e\u0161\u00ed jackpot bol 60 mili\u00f3nov dol\u00e1rov a najvy\u0161\u0161\u00ed 337 mili\u00f3nov americk\u00fdch dol\u00e1rov! Toto by ste mohli by\u0165 pokojne aj vy. &hellip; <\/p>\n<p class=\"link-more\"><a href=\"https:\/\/powerballticketonline.com\/sk\/\" class=\"more-link\">Read more<span class=\"screen-reader-text\"> &#8222;Home&#8220;<\/span><\/a><\/p>\n","protected":false},"author":1,"featured_media":0,"parent":0,"menu_order":0,"comment_status":"closed","ping_status":"closed","template":"","meta":{"footnotes":""},"class_list":["post-399","page","type-page","status-publish","hentry"],"yoast_head":"<!-- This site is optimized with the Yoast SEO plugin v27.3 - https:\/\/yoast.com\/product\/yoast-seo-wordpress\/ -->\n<title>K\u00fapte si losy Powerball online odkia\u013eko\u013evek na svete<\/title>\n<meta name=\"robots\" content=\"index, follow, max-snippet:-1, max-image-preview:large, max-video-preview:-1\" \/>\n<link rel=\"canonical\" href=\"https:\/\/powerballticketonline.com\/sk\/\" \/>\n<meta property=\"og:locale\" content=\"sk_SK\" \/>\n<meta property=\"og:type\" content=\"article\" \/>\n<meta property=\"og:title\" content=\"K\u00fapte si losy Powerball online odkia\u013eko\u013evek na svete\" \/>\n<meta property=\"og:description\" content=\"Ako si m\u00f4\u017eete k\u00fapi\u0165 tikety Powerball online PowerBall je mimoriadne popul\u00e1rna lot\u00e9riov\u00e1 hra s obrovsk\u00fdmi v\u00fdplatami a jackpotom od 140 do viac ako 300 mili\u00f3nov dol\u00e1rov! V roku 2012 u\u017e 7 \u013eud\u00ed vyhralo jackpot PowerBall. Najni\u017e\u0161\u00ed jackpot bol 60 mili\u00f3nov dol\u00e1rov a najvy\u0161\u0161\u00ed 337 mili\u00f3nov americk\u00fdch dol\u00e1rov! Toto by ste mohli by\u0165 pokojne aj vy. &hellip; Read more &quot;Home&quot;\" \/>\n<meta property=\"og:url\" content=\"https:\/\/powerballticketonline.com\/sk\/\" \/>\n<meta name=\"twitter:card\" content=\"summary_large_image\" \/>\n<meta name=\"twitter:label1\" content=\"Predpokladan\u00fd \u010das \u010d\u00edtania\" \/>\n\t<meta name=\"twitter:data1\" content=\"5 min\u00fat\" \/>\n<script type=\"application\/ld+json\" class=\"yoast-schema-graph\">{\"@context\":\"https:\\\/\\\/schema.org\",\"@graph\":[{\"@type\":\"WebPage\",\"@id\":\"https:\\\/\\\/powerballticketonline.com\\\/sk\\\/\",\"url\":\"https:\\\/\\\/powerballticketonline.com\\\/sk\\\/\",\"name\":\"K\u00fapte si losy Powerball online odkia\u013eko\u013evek na svete\",\"isPartOf\":{\"@id\":\"https:\\\/\\\/powerballticketonline.com\\\/sk\\\/#website\"},\"datePublished\":\"2025-08-02T15:41:33+00:00\",\"breadcrumb\":{\"@id\":\"https:\\\/\\\/powerballticketonline.com\\\/sk\\\/#breadcrumb\"},\"inLanguage\":\"sk-SK\",\"potentialAction\":[{\"@type\":\"ReadAction\",\"target\":[\"https:\\\/\\\/powerballticketonline.com\\\/sk\\\/\"]}]},{\"@type\":\"BreadcrumbList\",\"@id\":\"https:\\\/\\\/powerballticketonline.com\\\/sk\\\/#breadcrumb\",\"itemListElement\":[{\"@type\":\"ListItem\",\"position\":1,\"name\":\"Home\",\"item\":\"https:\\\/\\\/powerballticketonline.com\\\/sk\\\/\"},{\"@type\":\"ListItem\",\"position\":2,\"name\":\"Home\"}]},{\"@type\":\"WebSite\",\"@id\":\"https:\\\/\\\/powerballticketonline.com\\\/sk\\\/#website\",\"url\":\"https:\\\/\\\/powerballticketonline.com\\\/sk\\\/\",\"name\":\"\",\"description\":\"\",\"potentialAction\":[{\"@type\":\"SearchAction\",\"target\":{\"@type\":\"EntryPoint\",\"urlTemplate\":\"https:\\\/\\\/powerballticketonline.com\\\/sk\\\/?s={search_term_string}\"},\"query-input\":{\"@type\":\"PropertyValueSpecification\",\"valueRequired\":true,\"valueName\":\"search_term_string\"}}],\"inLanguage\":\"sk-SK\"}]}<\/script>\n<!-- \/ Yoast SEO plugin. -->","yoast_head_json":{"title":"K\u00fapte si losy Powerball online odkia\u013eko\u013evek na svete","robots":{"index":"index","follow":"follow","max-snippet":"max-snippet:-1","max-image-preview":"max-image-preview:large","max-video-preview":"max-video-preview:-1"},"canonical":"https:\/\/powerballticketonline.com\/sk\/","og_locale":"sk_SK","og_type":"article","og_title":"K\u00fapte si losy Powerball online odkia\u013eko\u013evek na svete","og_description":"Ako si m\u00f4\u017eete k\u00fapi\u0165 tikety Powerball online PowerBall je mimoriadne popul\u00e1rna lot\u00e9riov\u00e1 hra s obrovsk\u00fdmi v\u00fdplatami a jackpotom od 140 do viac ako 300 mili\u00f3nov dol\u00e1rov! V roku 2012 u\u017e 7 \u013eud\u00ed vyhralo jackpot PowerBall. Najni\u017e\u0161\u00ed jackpot bol 60 mili\u00f3nov dol\u00e1rov a najvy\u0161\u0161\u00ed 337 mili\u00f3nov americk\u00fdch dol\u00e1rov! Toto by ste mohli by\u0165 pokojne aj vy. &hellip; Read more \"Home\"","og_url":"https:\/\/powerballticketonline.com\/sk\/","twitter_card":"summary_large_image","twitter_misc":{"Predpokladan\u00fd \u010das \u010d\u00edtania":"5 min\u00fat"},"schema":{"@context":"https:\/\/schema.org","@graph":[{"@type":"WebPage","@id":"https:\/\/powerballticketonline.com\/sk\/","url":"https:\/\/powerballticketonline.com\/sk\/","name":"K\u00fapte si losy Powerball online odkia\u013eko\u013evek na svete","isPartOf":{"@id":"https:\/\/powerballticketonline.com\/sk\/#website"},"datePublished":"2025-08-02T15:41:33+00:00","breadcrumb":{"@id":"https:\/\/powerballticketonline.com\/sk\/#breadcrumb"},"inLanguage":"sk-SK","potentialAction":[{"@type":"ReadAction","target":["https:\/\/powerballticketonline.com\/sk\/"]}]},{"@type":"BreadcrumbList","@id":"https:\/\/powerballticketonline.com\/sk\/#breadcrumb","itemListElement":[{"@type":"ListItem","position":1,"name":"Home","item":"https:\/\/powerballticketonline.com\/sk\/"},{"@type":"ListItem","position":2,"name":"Home"}]},{"@type":"WebSite","@id":"https:\/\/powerballticketonline.com\/sk\/#website","url":"https:\/\/powerballticketonline.com\/sk\/","name":"","description":"","potentialAction":[{"@type":"SearchAction","target":{"@type":"EntryPoint","urlTemplate":"https:\/\/powerballticketonline.com\/sk\/?s={search_term_string}"},"query-input":{"@type":"PropertyValueSpecification","valueRequired":true,"valueName":"search_term_string"}}],"inLanguage":"sk-SK"}]}},"_links":{"self":[{"href":"https:\/\/powerballticketonline.com\/sk\/wp-json\/wp\/v2\/pages\/399","targetHints":{"allow":["GET"]}}],"collection":[{"href":"https:\/\/powerballticketonline.com\/sk\/wp-json\/wp\/v2\/pages"}],"about":[{"href":"https:\/\/powerballticketonline.com\/sk\/wp-json\/wp\/v2\/types\/page"}],"author":[{"embeddable":true,"href":"https:\/\/powerballticketonline.com\/sk\/wp-json\/wp\/v2\/users\/1"}],"replies":[{"embeddable":true,"href":"https:\/\/powerballticketonline.com\/sk\/wp-json\/wp\/v2\/comments?post=399"}],"version-history":[{"count":0,"href":"https:\/\/powerballticketonline.com\/sk\/wp-json\/wp\/v2\/pages\/399\/revisions"}],"wp:attachment":[{"href":"https:\/\/powerballticketonline.com\/sk\/wp-json\/wp\/v2\/media?parent=399"}],"curies":[{"name":"wp","href":"https:\/\/api.w.org\/{rel}","templated":true}]}}