{"id":401,"date":"2025-08-02T15:41:33","date_gmt":"2025-08-02T15:41:33","guid":{"rendered":"https:\/\/powerballticketonline.com\/domov\/"},"modified":"2025-08-02T15:41:33","modified_gmt":"2025-08-02T15:41:33","slug":"domov","status":"publish","type":"page","link":"https:\/\/powerballticketonline.com\/sl\/","title":{"rendered":"Domov"},"content":{"rendered":"<h2>Kako lahko kupite Powerball sre\u010dke na spletu<\/h2>\n<p>PowerBall je izjemno priljubljena loterijska igra z ogromnimi izpla\u010dili in glavnim dobitkom od 140 do ve\u010d kot 300 milijonov dolarjev! Leta 2012 je PowerBall glavni dobitek \u017ee osvojilo 7 ljudi. Najni\u017eji glavni dobitek je bil 60 milijonov dolarjev, najvi\u0161ji pa 337 milijonov ameri\u0161kih dolarjev! To bi zlahka lahko bili vi, saj morate za osvojitev ve\u010d milijonov dolarjev le <strong>kupiti PowerBall sre\u010dko na spletu<\/strong>.<\/p>\n<p><img loading=\"lazy\" decoding=\"async\" style=\"margin: 1px; float: right;\" src=\"images\/powerball_lottery.gif\" alt=\"Powerball lottery\" width=\"250\" height=\"96\" \/>\u010ceprav je bila loterija prvotno ustvarjena za prebivalce ZDA in je sre\u010dke mogo\u010de kupiti v lokalnih trgovinah, je zdaj PowerBall sre\u010dko mogo\u010de kupiti tudi na spletu! To pomeni, da ni pomembno, ali \u017eivite v ZDA ali Avstraliji, lahko <span style=\"text-decoration: underline;\"><a href=\"https:\/\/www.onlinelotto365.com\/usa\/powerball-lotto-online\" target=\"_blank\" rel=\"noopener noreferrer\">igrate loto PowerBall kjer koli na svetu! <\/a><\/span><\/p>\n<p>Nakup in sodelovanje v PowerBallu je mogo\u010de zaradi ekskluzivne storitve, ki jo ponuja RedFoxLotto. To je podjetje s stotinami agentov po vsem svetu in z njihovo pomo\u010djo lahko kupite katero koli loterijo, ki si jo \u017eelite.<\/p>\n<p><strong>Preden prejmete svojo sre\u010dko, morate narediti 4 preproste korake:<\/strong><\/p>\n<ol>\n<li>Izberite loterijo, v kateri \u017eelite sodelovati \u2013 v tem primeru PowerBall \u2013 po kliku na pasico na na\u0161i spletni strani <span style=\"text-decoration: underline;\"><strong><a href=\"https:\/\/redfoxlotto.com\/?ref=A8564250A2&amp;medium=pwb\" target=\"_blank\" rel=\"noopener noreferrer\">ali preprosto kliknite tukaj<\/a><\/strong><\/span><\/li>\n<li>Eden od \u0161tevilnih lokalnih agentov RedFoxLotto bo v va\u0161em imenu kupil sre\u010dko<\/li>\n<li>Sre\u010dka bo nato vidna v va\u0161em ra\u010dunu<\/li>\n<li>Po kon\u010danem \u017erebanju in \u010de ste zmagali, vam bomo v drugem e-po\u0161tnem sporo\u010dilu poslali informacije o prevzemu dobitkov.<\/li>\n<li>Pravzaprav bodo vsi dobitki pod 2500 \u20ac nakazani na va\u0161 uporabni\u0161ki ra\u010dun, za vi\u0161je nagrade, RedFoxLotto vam bo pomagal dobiti va\u0161 \u010dek. Za to storitev ni dodatnih stro\u0161kov!<\/li>\n<\/ol>\n<p>To je ekskluzivna storitev, ki jo uporabljajo tiso\u010di ljudi po vsem svetu. \u010ce razmi\u0161ljate o tem, kaj bi se zgodilo, \u010de bi zadeli jackpot, ne skrbite. To podjetje ni le 100-odstotno ugledno in legitimno, ampak je na sre\u010dki tudi va\u0161e ime, zato ni prostora za napake ali goljufije.<\/p>\n<p>Loterija PowerBall ni edina, ki jo je mogo\u010de kupiti prek te storitve \u2013 kupite lahko tudi sre\u010dke Euromillions, sodelujete v loteriji El Gordo in SuperEnalotto ter igrate \u0161tevilne druge mednarodne loterije. Torej na koncu ni pomembno, kje na svetu prebivate, saj boste lahko sodelovali v tujih loterijah, kolikor \u017eelite in kadar \u017eelite.<\/p>\n<h2>\u017drebanja nagrad<\/h2>\n<p>\u017drebanja nagrad potekajo dvakrat na teden \u2013 vsako sredo in soboto zve\u010der ob 22.59 po vzhodnem \u010dasu. Vstopnice je mogo\u010de kupiti do zadnje ure \u017erebanja, kar pomeni, da se prodaja zaklju\u010di 59 minut pred za\u010detkom. Za spletni nakup vstopnic si zagotovite vsaj 2 uri \u010dasa, da bo imel RedFoxLotto dovolj \u010dasa za obdelavo va\u0161ega naro\u010dila vstopnic za Powerball.<br \/>\nZmagovalci in sre\u010dne \u0161tevilke se dolo\u010dijo z \u017erebanjem 5 belih kroglic iz bobna, ki ima skupno 59 kroglic. Novost je tudi ena rde\u010da kroglica, ki se iz\u017ereba iz drugega bobna, ki vsebuje 35 rde\u010dih kroglic.<\/p>\n<h2>Na\u010dini za zmago<\/h2>\n<p>Pri igranju loterije Powerball je na voljo 9 razli\u010dnih na\u010dinov za zmago. Glavno nagrado, veliki jackpot, boste osvojili, \u010de se na va\u0161i sre\u010dki ujemajo vse \u0161tevilke 5 belih kroglic in rde\u010da kroglica, ki je znana tudi kot PowerBall. V primeru zmage na jackpotu lahko izberete takoj\u0161nje izpla\u010dilo enkratnega zneska denarja ali pa vam bo celoten jackpot izpla\u010dan letno, v 29 letih. \u010ceprav se zdi to dolgo obdobje, smo prepri\u010dani, da boste z letnim prejemanjem pribli\u017eno 10 milijonov dolarjev ve\u010d kot zadovoljni!<\/p>\n<p>Verjetnost osvojitve katere koli nagrade pri igranju loterije Powerball je pribli\u017eno 1 proti 32. Nagrado lahko osvojite na naslednje na\u010dine:<\/p>\n<ul>\n<li>5 belih kroglic + PowerBall bo osvojilo glavni dobitek<\/li>\n<li>5 belih kroglic bo osvojilo 1 milijon dolarjev<\/li>\n<li>4 bele kroglice + PowerBall bodo osvojile 10.000 dolarjev<\/li>\n<li>4 bele kroglice bodo osvojile 100 dolarjev<\/li>\n<li>3 bele kroglice + PowerBall bodo osvojile 100 dolarjev<\/li>\n<li>3 bele kroglice bodo osvojile 7 dolarjev<\/li>\n<li>2 beli kroglici + PowerBall bo osvojila 7 dolarjev<\/li>\n<li>1 bela kroglica + PowerBall bo osvojila 7 dolarjev<\/li>\n<li>Samo PowerBall bo osvojil 4 dolarje<\/li>\n<\/ul>\n<p>Dodana je tudi dodatna funkcija: \u010de izberete funkcijo PowerPlay, lahko pove\u010date prvotni znesek nagrade. \u010ce va\u0161a sre\u010dka vsebuje zmagovalno kombinacijo 5+0, bo va\u0161a nagrada 2 milijona dolarjev namesto 1 milijona dolarjev. Funkcijo PowerPlay morate izbrati ob nakupu sre\u010dke.<\/p>\n<h2>Kje lahko igram?<\/h2>\n<p>Powerball je najljub\u0161a ameri\u0161ka loto.Igra se lahko igra v 42 zveznih dr\u017eavah po vsej dr\u017eavi. Igra se tudi v Washingtonu, D.C. in na Ameri\u0161kih Devi\u0161kih otokih. Obstaja 8 zveznih dr\u017eav, ki svojim prebivalcem ne dovoljujejo sodelovanja v tej loteriji \u2013 Nevada, Kalifornija, Utah, Mississippi, Wyoming, Alabama, Havaji in Aljaska.<\/p>\n<p>Vendar pa je, kot je bilo omenjeno na za\u010detku tega \u010dlanka, PowerBall mogo\u010de igrati tudi zunaj ZDA in kot nerezident ZDA ali iz zvezne dr\u017eave ZDA, kjer jih ne morete kupiti v trgovini. RedFoxLotto to omogo\u010da vsakomur. <strong><span style=\"text-decoration: underline;\"><a href=\"https:\/\/redfoxlotto.com\/?ref=A8564250A2&amp;medium=pwb\" target=\"_blank\" rel=\"noopener noreferrer\">Pridobite svojo loto sre\u010dko PowerBall na spletu zdaj!<\/a><\/span><\/strong><\/p>\n","protected":false},"excerpt":{"rendered":"<p>Kako lahko kupite Powerball sre\u010dke na spletu PowerBall je izjemno priljubljena loterijska igra z ogromnimi izpla\u010dili in glavnim dobitkom od 140 do ve\u010d kot 300 milijonov dolarjev! Leta 2012 je PowerBall glavni dobitek \u017ee osvojilo 7 ljudi. Najni\u017eji glavni dobitek je bil 60 milijonov dolarjev, najvi\u0161ji pa 337 milijonov ameri\u0161kih dolarjev! To bi zlahka lahko &hellip; <\/p>\n<p class=\"link-more\"><a href=\"https:\/\/powerballticketonline.com\/sl\/\" class=\"more-link\">Read more<span class=\"screen-reader-text\"> &#8220;Domov&#8221;<\/span><\/a><\/p>\n","protected":false},"author":1,"featured_media":0,"parent":0,"menu_order":0,"comment_status":"closed","ping_status":"closed","template":"","meta":{"footnotes":""},"class_list":["post-401","page","type-page","status-publish","hentry"],"yoast_head":"<!-- This site is optimized with the Yoast SEO plugin v27.3 - https:\/\/yoast.com\/product\/yoast-seo-wordpress\/ -->\n<title>Kupite loterijske vstopnice Powerball prek spleta od kjer koli na svetu<\/title>\n<meta name=\"robots\" content=\"index, follow, max-snippet:-1, max-image-preview:large, max-video-preview:-1\" \/>\n<link rel=\"canonical\" href=\"https:\/\/powerballticketonline.com\/sl\/\" \/>\n<meta property=\"og:locale\" content=\"sl_SI\" \/>\n<meta property=\"og:type\" content=\"article\" \/>\n<meta property=\"og:title\" content=\"Kupite loterijske vstopnice Powerball prek spleta od kjer koli na svetu\" \/>\n<meta property=\"og:description\" content=\"Kako lahko kupite Powerball sre\u010dke na spletu PowerBall je izjemno priljubljena loterijska igra z ogromnimi izpla\u010dili in glavnim dobitkom od 140 do ve\u010d kot 300 milijonov dolarjev! Leta 2012 je PowerBall glavni dobitek \u017ee osvojilo 7 ljudi. Najni\u017eji glavni dobitek je bil 60 milijonov dolarjev, najvi\u0161ji pa 337 milijonov ameri\u0161kih dolarjev! To bi zlahka lahko &hellip; Read more &quot;Domov&quot;\" \/>\n<meta property=\"og:url\" content=\"https:\/\/powerballticketonline.com\/sl\/\" \/>\n<meta name=\"twitter:card\" content=\"summary_large_image\" \/>\n<meta name=\"twitter:label1\" content=\"Est. reading time\" \/>\n\t<meta name=\"twitter:data1\" content=\"4 minute\" \/>\n<script type=\"application\/ld+json\" class=\"yoast-schema-graph\">{\"@context\":\"https:\\\/\\\/schema.org\",\"@graph\":[{\"@type\":\"WebPage\",\"@id\":\"https:\\\/\\\/powerballticketonline.com\\\/sl\\\/\",\"url\":\"https:\\\/\\\/powerballticketonline.com\\\/sl\\\/\",\"name\":\"Kupite loterijske vstopnice Powerball prek spleta od kjer koli na svetu\",\"isPartOf\":{\"@id\":\"https:\\\/\\\/powerballticketonline.com\\\/sl\\\/#website\"},\"datePublished\":\"2025-08-02T15:41:33+00:00\",\"breadcrumb\":{\"@id\":\"https:\\\/\\\/powerballticketonline.com\\\/sl\\\/#breadcrumb\"},\"inLanguage\":\"sl-SI\",\"potentialAction\":[{\"@type\":\"ReadAction\",\"target\":[\"https:\\\/\\\/powerballticketonline.com\\\/sl\\\/\"]}]},{\"@type\":\"BreadcrumbList\",\"@id\":\"https:\\\/\\\/powerballticketonline.com\\\/sl\\\/#breadcrumb\",\"itemListElement\":[{\"@type\":\"ListItem\",\"position\":1,\"name\":\"Home\",\"item\":\"https:\\\/\\\/powerballticketonline.com\\\/sl\\\/\"},{\"@type\":\"ListItem\",\"position\":2,\"name\":\"Domov\"}]},{\"@type\":\"WebSite\",\"@id\":\"https:\\\/\\\/powerballticketonline.com\\\/sl\\\/#website\",\"url\":\"https:\\\/\\\/powerballticketonline.com\\\/sl\\\/\",\"name\":\"\",\"description\":\"\",\"potentialAction\":[{\"@type\":\"SearchAction\",\"target\":{\"@type\":\"EntryPoint\",\"urlTemplate\":\"https:\\\/\\\/powerballticketonline.com\\\/sl\\\/?s={search_term_string}\"},\"query-input\":{\"@type\":\"PropertyValueSpecification\",\"valueRequired\":true,\"valueName\":\"search_term_string\"}}],\"inLanguage\":\"sl-SI\"}]}<\/script>\n<!-- \/ Yoast SEO plugin. -->","yoast_head_json":{"title":"Kupite loterijske vstopnice Powerball prek spleta od kjer koli na svetu","robots":{"index":"index","follow":"follow","max-snippet":"max-snippet:-1","max-image-preview":"max-image-preview:large","max-video-preview":"max-video-preview:-1"},"canonical":"https:\/\/powerballticketonline.com\/sl\/","og_locale":"sl_SI","og_type":"article","og_title":"Kupite loterijske vstopnice Powerball prek spleta od kjer koli na svetu","og_description":"Kako lahko kupite Powerball sre\u010dke na spletu PowerBall je izjemno priljubljena loterijska igra z ogromnimi izpla\u010dili in glavnim dobitkom od 140 do ve\u010d kot 300 milijonov dolarjev! Leta 2012 je PowerBall glavni dobitek \u017ee osvojilo 7 ljudi. Najni\u017eji glavni dobitek je bil 60 milijonov dolarjev, najvi\u0161ji pa 337 milijonov ameri\u0161kih dolarjev! To bi zlahka lahko &hellip; Read more \"Domov\"","og_url":"https:\/\/powerballticketonline.com\/sl\/","twitter_card":"summary_large_image","twitter_misc":{"Est. reading time":"4 minute"},"schema":{"@context":"https:\/\/schema.org","@graph":[{"@type":"WebPage","@id":"https:\/\/powerballticketonline.com\/sl\/","url":"https:\/\/powerballticketonline.com\/sl\/","name":"Kupite loterijske vstopnice Powerball prek spleta od kjer koli na svetu","isPartOf":{"@id":"https:\/\/powerballticketonline.com\/sl\/#website"},"datePublished":"2025-08-02T15:41:33+00:00","breadcrumb":{"@id":"https:\/\/powerballticketonline.com\/sl\/#breadcrumb"},"inLanguage":"sl-SI","potentialAction":[{"@type":"ReadAction","target":["https:\/\/powerballticketonline.com\/sl\/"]}]},{"@type":"BreadcrumbList","@id":"https:\/\/powerballticketonline.com\/sl\/#breadcrumb","itemListElement":[{"@type":"ListItem","position":1,"name":"Home","item":"https:\/\/powerballticketonline.com\/sl\/"},{"@type":"ListItem","position":2,"name":"Domov"}]},{"@type":"WebSite","@id":"https:\/\/powerballticketonline.com\/sl\/#website","url":"https:\/\/powerballticketonline.com\/sl\/","name":"","description":"","potentialAction":[{"@type":"SearchAction","target":{"@type":"EntryPoint","urlTemplate":"https:\/\/powerballticketonline.com\/sl\/?s={search_term_string}"},"query-input":{"@type":"PropertyValueSpecification","valueRequired":true,"valueName":"search_term_string"}}],"inLanguage":"sl-SI"}]}},"_links":{"self":[{"href":"https:\/\/powerballticketonline.com\/sl\/wp-json\/wp\/v2\/pages\/401","targetHints":{"allow":["GET"]}}],"collection":[{"href":"https:\/\/powerballticketonline.com\/sl\/wp-json\/wp\/v2\/pages"}],"about":[{"href":"https:\/\/powerballticketonline.com\/sl\/wp-json\/wp\/v2\/types\/page"}],"author":[{"embeddable":true,"href":"https:\/\/powerballticketonline.com\/sl\/wp-json\/wp\/v2\/users\/1"}],"replies":[{"embeddable":true,"href":"https:\/\/powerballticketonline.com\/sl\/wp-json\/wp\/v2\/comments?post=401"}],"version-history":[{"count":0,"href":"https:\/\/powerballticketonline.com\/sl\/wp-json\/wp\/v2\/pages\/401\/revisions"}],"wp:attachment":[{"href":"https:\/\/powerballticketonline.com\/sl\/wp-json\/wp\/v2\/media?parent=401"}],"curies":[{"name":"wp","href":"https:\/\/api.w.org\/{rel}","templated":true}]}}