{"id":396,"date":"2025-08-02T15:41:33","date_gmt":"2025-08-02T15:41:33","guid":{"rendered":"https:\/\/powerballticketonline.com\/hem\/"},"modified":"2025-08-02T15:41:33","modified_gmt":"2025-08-02T15:41:33","slug":"hem","status":"publish","type":"page","link":"https:\/\/powerballticketonline.com\/sv\/","title":{"rendered":"Hem"},"content":{"rendered":"<h2>Hur du kan k\u00f6pa Powerball-biljetter online<\/h2>\n<p>PowerBall \u00e4r ett extremt popul\u00e4rt lotterispel med enorma utbetalningar och jackpottar p\u00e5 allt fr\u00e5n 140 dollar till mer \u00e4n 300 miljoner dollar! Det finns redan 7 personer som har vunnit PowerBall-jackpotten 2012. Den l\u00e4gsta jackpotten var 60 miljoner dollar, och den h\u00f6gsta var 337 miljoner amerikanska dollar! Det h\u00e4r kan l\u00e4tt vara du, det enda du beh\u00f6ver g\u00f6ra f\u00f6r att ha en chans att vinna miljontals dollar \u00e4r att <strong>k\u00f6pa en PowerBall-biljett online<\/strong>.<\/p>\n<p><img loading=\"lazy\" decoding=\"async\" style=\"margin: 1px; float: right;\" src=\"images\/powerball_lottery.gif\" alt=\"Powerball-lotteriet\" width=\"250\" height=\"96\" \/>Medan lotteriet ursprungligen skapades f\u00f6r inv\u00e5nare i USA och biljetter kan k\u00f6pas i lokala butiker d\u00e4r, \u00e4r det nu m\u00f6jligt att k\u00f6pa en PowerBall-biljett online! Det betyder att det inte spelar n\u00e5gon roll om du bor i USA eller Australien, du kan <span style=\"text-decoration: underline;\"><a href=\"https:\/\/www.onlinelotto365.com\/usa\/powerball-lotto-online\" target=\"_blank\" rel=\"noopener noreferrer\">spela PowerBall-lotto var som helst i v\u00e4rlden! <\/a><\/span><\/p>\n<p>K\u00f6p och deltagande i PowerBall \u00e4r m\u00f6jligt tack vare en exklusiv tj\u00e4nst som erbjuds av RedFoxLotto. Detta \u00e4r ett f\u00f6retag med hundratals agenter runt om i v\u00e4rlden och med deras hj\u00e4lp kan du k\u00f6pa vilket lotteri du vill.<\/p>\n<p><strong>Det finns fyra enkla steg att g\u00f6ra innan du f\u00e5r din lott:<\/strong><\/p>\n<ol>\n<li>V\u00e4lj det lotteri du vill delta i \u2013 PowerBall i det h\u00e4r fallet \u2013 efter att du klickat p\u00e5 bannern p\u00e5 v\u00e5r webbplats, <span style=\"text-decoration: underline;\"><strong><a href=\"https:\/\/redfoxlotto.com\/?ref=A8564250A2&amp;medium=pwb\" target=\"_blank\" rel=\"noopener noreferrer\">eller klicka helt enkelt h\u00e4r<\/a><\/strong><\/span><\/li>\n<li>En av RedFoxLottos m\u00e5nga lokala agenter kommer att k\u00f6pa en lott \u00e5t dig<\/li>\n<li>Lotten kommer sedan att synas p\u00e5 ditt konto<\/li>\n<li>Efter att dragningen \u00e4r klar och om du har vunnit kommer information om hur du h\u00e4mtar ut dina vinster att skickas till dig i ett annat e-postmeddelande.<\/li>\n<li>Faktum \u00e4r att alla vinster under \u20ac2500 kommer att g\u00e5 in p\u00e5 ditt kundkonto, och f\u00f6r h\u00f6gre priser, RedFoxLotto hj\u00e4lper dig att f\u00e5 din check. Inga extra avgifter f\u00f6r den tj\u00e4nsten!<\/li>\n<\/ol>\n<p>Detta \u00e4r en exklusiv tj\u00e4nst som anv\u00e4nds av tusentals m\u00e4nniskor v\u00e4rlden \u00f6ver. Om du funderar p\u00e5 vad som skulle h\u00e4nda om du vinner en jackpott, sluta oroa dig. Detta f\u00f6retag \u00e4r inte bara 100 % v\u00e4lrenommerat och legitimt, utan lotten har ocks\u00e5 ditt namn p\u00e5 sig, s\u00e5 det finns inget utrymme f\u00f6r fel eller bedr\u00e4gerier.<\/p>\n<p>PowerBall-lotteriet \u00e4r inte det enda som finns tillg\u00e4ngligt f\u00f6r k\u00f6p via den h\u00e4r tj\u00e4nsten \u2013 du kan ocks\u00e5 k\u00f6pa Euromillions-lottor, samt delta i El Gordo-lotteriet och Superenalotto, och spela ett antal andra internationella lotterier. S\u00e5 i slut\u00e4ndan spelar det ingen roll var i v\u00e4rlden du bor, du kommer att kunna delta i utl\u00e4ndska lotterier s\u00e5 mycket du vill, n\u00e4r du vill.<\/p>\n<h2>Prisdragningar<\/h2>\n<p>Prisdragningarna g\u00f6rs tv\u00e5 g\u00e5nger i veckan \u2013 varje onsdag och l\u00f6rdag kv\u00e4ll, klockan 22:59 Eastern Time. Biljetter kan k\u00f6pas fram till dragningens sista timme, vilket inneb\u00e4r att f\u00f6rs\u00e4ljningen st\u00e4ngs 59 minuter f\u00f6re start. F\u00f6r ditt onlinek\u00f6p av biljetter, avs\u00e4tt en buffert p\u00e5 minst 2 timmar f\u00f6r att ge RedFoxLotto tillr\u00e4ckligt med tid att behandla din Powerball-biljettbest\u00e4llning.<\/p>\n<p>Vinnarna och lyckonumren best\u00e4ms genom att dra 5 vita kulor fr\u00e5n en trumma, som har totalt 59 kulor. Det finns ocks\u00e5 ett nytt till\u00e4gg \u2013 en r\u00f6d kula, som dras fr\u00e5n en annan trumma best\u00e5ende av 35 r\u00f6da kulor.<\/p>\n<h2>S\u00e4tt att vinna<\/h2>\n<p>Det finns 9 olika s\u00e4tt att vinna n\u00e4r du spelar Powerball-lotteriet. Huvudpriset, den stora jackpotten, vinner du om din lott matchar alla 5 vita kulnummer och den r\u00f6da kulan, som ocks\u00e5 kallas PowerBall. Om du vinner en jackpott kan du antingen v\u00e4lja en klumpsumma som betalas ut omedelbart eller f\u00e5 hela jackpotten utbetald \u00e5rligen, under 29 \u00e5r. \u00c4ven om detta verkar vara en l\u00e5ng tid, \u00e4r vi s\u00e4kra p\u00e5 att du kommer att vara mer \u00e4n n\u00f6jd med att f\u00e5 cirka 10 miljoner dollar \u00e5rligen!<\/p>\n<p>Oddsen att vinna ett pris n\u00e4r du spelar Powerball-lotteriet \u00e4r ungef\u00e4r 1 p\u00e5 32. Du kan vinna ett pris p\u00e5 f\u00f6ljande s\u00e4tt:<\/p>\n<ul>\n<li>5 vita bollar + Powerballen vinner jackpotten<\/li>\n<li>5 vita bollar vinner 1 miljon dollar<\/li>\n<li>4 vita bollar + Powerballen vinner 10 000 dollar<\/li>\n<li>4 vita bollar vinner 100 dollar<\/li>\n<li>3 vita bollar + Powerballen vinner 100 dollar<\/li>\n<li>3 vita bollar vinner 7 dollar<\/li>\n<li>2 vita bollar + Powerballen vinner 7 dollar<\/li>\n<li>1 vit boll + Powerballen vinner 7 dollar<\/li>\n<li>Enbart Powerballen vinner 4 dollar<\/li>\n<\/ul>\n<p>Det finns ocks\u00e5 en extra funktion: om du v\u00e4ljer PowerPlay-funktionen kan du \u00f6ka det ursprungliga prisbeloppet. Om din lott inneh\u00e5ller den vinnande kombinationen 5+0 blir ditt pris 2 miljoner dollar ist\u00e4llet f\u00f6r 1 miljon dollar. PowerPlay-funktionen m\u00e5ste v\u00e4ljas n\u00e4r du k\u00f6per din lott.<\/p>\n<h2>Var kan jag spela?<\/h2>\n<p>Powerball \u00e4r Amerikas favoritlottvarje spel och kan spelas fr\u00e5n 42 stater \u00f6ver hela landet. Det spelas ocks\u00e5 i Washington, D.C. och Amerikanska Jungfru\u00f6arna. Det finns 8 stater som inte till\u00e5ter sina inv\u00e5nare att delta i detta lotteri &#8211; Nevada, Kalifornien, Utah, Mississippi, Wyoming, Alabama, Hawaii och Alaska.<\/p>\n<p>Men som n\u00e4mnts i b\u00f6rjan av den h\u00e4r artikeln \u00e4r det ocks\u00e5 m\u00f6jligt att spela PowerBall utanf\u00f6r USA och som icke-amerikansk bosatt, eller fr\u00e5n en amerikansk stat d\u00e4r du inte kan k\u00f6pa dem i en butik. RedFoxLotto g\u00f6r det m\u00f6jligt f\u00f6r alla. <strong><span style=\"text-decoration: underline;\"><a href=\"https:\/\/redfoxlotto.com\/?ref=A8564250A2&amp;medium=pwb\" target=\"_blank\" rel=\"noopener noreferrer\">Skaffa din PowerBall-lott online nu!<\/a><\/span><\/strong><\/p>\n","protected":false},"excerpt":{"rendered":"<p>Hur du kan k\u00f6pa Powerball-biljetter online PowerBall \u00e4r ett extremt popul\u00e4rt lotterispel med enorma utbetalningar och jackpottar p\u00e5 allt fr\u00e5n 140 dollar till mer \u00e4n 300 miljoner dollar! Det finns redan 7 personer som har vunnit PowerBall-jackpotten 2012. Den l\u00e4gsta jackpotten var 60 miljoner dollar, och den h\u00f6gsta var 337 miljoner amerikanska dollar! Det h\u00e4r &hellip; <\/p>\n<p class=\"link-more\"><a href=\"https:\/\/powerballticketonline.com\/sv\/\" class=\"more-link\">L\u00e4s mer<span class=\"screen-reader-text\"> \u201dHem\u201d<\/span><\/a><\/p>\n","protected":false},"author":1,"featured_media":0,"parent":0,"menu_order":0,"comment_status":"closed","ping_status":"closed","template":"","meta":{"footnotes":""},"class_list":["post-396","page","type-page","status-publish","hentry"],"yoast_head":"<!-- This site is optimized with the Yoast SEO plugin v27.3 - https:\/\/yoast.com\/product\/yoast-seo-wordpress\/ -->\n<title>K\u00f6p Powerball-lotteribiljetter online var som helst i v\u00e4rlden<\/title>\n<meta name=\"robots\" content=\"index, follow, max-snippet:-1, max-image-preview:large, max-video-preview:-1\" \/>\n<link rel=\"canonical\" href=\"https:\/\/powerballticketonline.com\/sv\/\" \/>\n<meta property=\"og:locale\" content=\"sv_SE\" \/>\n<meta property=\"og:type\" content=\"article\" \/>\n<meta property=\"og:title\" content=\"K\u00f6p Powerball-lotteribiljetter online var som helst i v\u00e4rlden\" \/>\n<meta property=\"og:description\" content=\"Hur du kan k\u00f6pa Powerball-biljetter online PowerBall \u00e4r ett extremt popul\u00e4rt lotterispel med enorma utbetalningar och jackpottar p\u00e5 allt fr\u00e5n 140 dollar till mer \u00e4n 300 miljoner dollar! Det finns redan 7 personer som har vunnit PowerBall-jackpotten 2012. Den l\u00e4gsta jackpotten var 60 miljoner dollar, och den h\u00f6gsta var 337 miljoner amerikanska dollar! Det h\u00e4r &hellip; L\u00e4s mer \u201dHem\u201d\" \/>\n<meta property=\"og:url\" content=\"https:\/\/powerballticketonline.com\/sv\/\" \/>\n<meta name=\"twitter:card\" content=\"summary_large_image\" \/>\n<meta name=\"twitter:label1\" content=\"Ber\u00e4knad l\u00e4stid\" \/>\n\t<meta name=\"twitter:data1\" content=\"4 minuter\" \/>\n<script type=\"application\/ld+json\" class=\"yoast-schema-graph\">{\"@context\":\"https:\\\/\\\/schema.org\",\"@graph\":[{\"@type\":\"WebPage\",\"@id\":\"https:\\\/\\\/powerballticketonline.com\\\/sv\\\/\",\"url\":\"https:\\\/\\\/powerballticketonline.com\\\/sv\\\/\",\"name\":\"K\u00f6p Powerball-lotteribiljetter online var som helst i v\u00e4rlden\",\"isPartOf\":{\"@id\":\"https:\\\/\\\/powerballticketonline.com\\\/sv\\\/#website\"},\"datePublished\":\"2025-08-02T15:41:33+00:00\",\"breadcrumb\":{\"@id\":\"https:\\\/\\\/powerballticketonline.com\\\/sv\\\/#breadcrumb\"},\"inLanguage\":\"sv-SE\",\"potentialAction\":[{\"@type\":\"ReadAction\",\"target\":[\"https:\\\/\\\/powerballticketonline.com\\\/sv\\\/\"]}]},{\"@type\":\"BreadcrumbList\",\"@id\":\"https:\\\/\\\/powerballticketonline.com\\\/sv\\\/#breadcrumb\",\"itemListElement\":[{\"@type\":\"ListItem\",\"position\":1,\"name\":\"Home\",\"item\":\"https:\\\/\\\/powerballticketonline.com\\\/sv\\\/\"},{\"@type\":\"ListItem\",\"position\":2,\"name\":\"Hem\"}]},{\"@type\":\"WebSite\",\"@id\":\"https:\\\/\\\/powerballticketonline.com\\\/sv\\\/#website\",\"url\":\"https:\\\/\\\/powerballticketonline.com\\\/sv\\\/\",\"name\":\"\",\"description\":\"\",\"potentialAction\":[{\"@type\":\"SearchAction\",\"target\":{\"@type\":\"EntryPoint\",\"urlTemplate\":\"https:\\\/\\\/powerballticketonline.com\\\/sv\\\/?s={search_term_string}\"},\"query-input\":{\"@type\":\"PropertyValueSpecification\",\"valueRequired\":true,\"valueName\":\"search_term_string\"}}],\"inLanguage\":\"sv-SE\"}]}<\/script>\n<!-- \/ Yoast SEO plugin. -->","yoast_head_json":{"title":"K\u00f6p Powerball-lotteribiljetter online var som helst i v\u00e4rlden","robots":{"index":"index","follow":"follow","max-snippet":"max-snippet:-1","max-image-preview":"max-image-preview:large","max-video-preview":"max-video-preview:-1"},"canonical":"https:\/\/powerballticketonline.com\/sv\/","og_locale":"sv_SE","og_type":"article","og_title":"K\u00f6p Powerball-lotteribiljetter online var som helst i v\u00e4rlden","og_description":"Hur du kan k\u00f6pa Powerball-biljetter online PowerBall \u00e4r ett extremt popul\u00e4rt lotterispel med enorma utbetalningar och jackpottar p\u00e5 allt fr\u00e5n 140 dollar till mer \u00e4n 300 miljoner dollar! Det finns redan 7 personer som har vunnit PowerBall-jackpotten 2012. Den l\u00e4gsta jackpotten var 60 miljoner dollar, och den h\u00f6gsta var 337 miljoner amerikanska dollar! Det h\u00e4r &hellip; L\u00e4s mer \u201dHem\u201d","og_url":"https:\/\/powerballticketonline.com\/sv\/","twitter_card":"summary_large_image","twitter_misc":{"Ber\u00e4knad l\u00e4stid":"4 minuter"},"schema":{"@context":"https:\/\/schema.org","@graph":[{"@type":"WebPage","@id":"https:\/\/powerballticketonline.com\/sv\/","url":"https:\/\/powerballticketonline.com\/sv\/","name":"K\u00f6p Powerball-lotteribiljetter online var som helst i v\u00e4rlden","isPartOf":{"@id":"https:\/\/powerballticketonline.com\/sv\/#website"},"datePublished":"2025-08-02T15:41:33+00:00","breadcrumb":{"@id":"https:\/\/powerballticketonline.com\/sv\/#breadcrumb"},"inLanguage":"sv-SE","potentialAction":[{"@type":"ReadAction","target":["https:\/\/powerballticketonline.com\/sv\/"]}]},{"@type":"BreadcrumbList","@id":"https:\/\/powerballticketonline.com\/sv\/#breadcrumb","itemListElement":[{"@type":"ListItem","position":1,"name":"Home","item":"https:\/\/powerballticketonline.com\/sv\/"},{"@type":"ListItem","position":2,"name":"Hem"}]},{"@type":"WebSite","@id":"https:\/\/powerballticketonline.com\/sv\/#website","url":"https:\/\/powerballticketonline.com\/sv\/","name":"","description":"","potentialAction":[{"@type":"SearchAction","target":{"@type":"EntryPoint","urlTemplate":"https:\/\/powerballticketonline.com\/sv\/?s={search_term_string}"},"query-input":{"@type":"PropertyValueSpecification","valueRequired":true,"valueName":"search_term_string"}}],"inLanguage":"sv-SE"}]}},"_links":{"self":[{"href":"https:\/\/powerballticketonline.com\/sv\/wp-json\/wp\/v2\/pages\/396","targetHints":{"allow":["GET"]}}],"collection":[{"href":"https:\/\/powerballticketonline.com\/sv\/wp-json\/wp\/v2\/pages"}],"about":[{"href":"https:\/\/powerballticketonline.com\/sv\/wp-json\/wp\/v2\/types\/page"}],"author":[{"embeddable":true,"href":"https:\/\/powerballticketonline.com\/sv\/wp-json\/wp\/v2\/users\/1"}],"replies":[{"embeddable":true,"href":"https:\/\/powerballticketonline.com\/sv\/wp-json\/wp\/v2\/comments?post=396"}],"version-history":[{"count":0,"href":"https:\/\/powerballticketonline.com\/sv\/wp-json\/wp\/v2\/pages\/396\/revisions"}],"wp:attachment":[{"href":"https:\/\/powerballticketonline.com\/sv\/wp-json\/wp\/v2\/media?parent=396"}],"curies":[{"name":"wp","href":"https:\/\/api.w.org\/{rel}","templated":true}]}}