{"id":102,"date":"2025-08-04T09:55:18","date_gmt":"2025-08-04T09:55:18","guid":{"rendered":"https:\/\/powerballticketonline.com\/powerball-usa\/"},"modified":"2025-08-04T22:37:12","modified_gmt":"2025-08-04T22:37:12","slug":"powerball-usa","status":"publish","type":"page","link":"https:\/\/powerballticketonline.com\/tr\/diger-ulkelerden-powerball-bileti-satin-almak-yasal-mi\/powerball-usa\/","title":{"rendered":"Powerball USA"},"content":{"rendered":"<h1>Powerball biletlerinizi \u00e7evrimi\u00e7i nas\u0131l alabilirsiniz?<\/h1>\n<p>ABD&#8217;de haftal\u0131k Powerball Lotto&#8217;da sunulanlarla kar\u015f\u0131la\u015ft\u0131r\u0131ld\u0131\u011f\u0131nda, di\u011fer \u00fclkelerdeki piyangolar, b\u00fcy\u00fck ikramiyeleri y\u00fcksek olsa bile, nispeten k\u00fc\u00e7\u00fck g\u00f6r\u00fcn\u00fcyor. ABD&#8217;deki rekor b\u00fcy\u00fck ikramiye \u015fu anda 1,5 milyar dolar gibi \u015fa\u015f\u0131rt\u0131c\u0131 bir rakama ula\u015ft\u0131 ve 2017&#8217;de \u00f6dendi!<\/p>\n<p>Elbette, bu durum hemen Powerball i\u00e7in \u00e7evrimi\u00e7i bilet al\u0131p alamayaca\u011f\u0131n\u0131z\u0131 merak etmenize neden oluyor. Ve asl\u0131nda, d\u00fcnyan\u0131n herhangi bir \u00fclkesinden, kredi kart\u0131n\u0131z varsa veya ba\u015fka bir \u00e7evrimi\u00e7i \u00f6deme y\u00f6ntemini kullanabiliyorsan\u0131z, \u00e7evrimi\u00e7i Powerball oynayabilirsiniz. Bu tamamen g\u00fcvenli ve yasald\u0131r!<\/p>\n<p>Bu, tan\u0131nm\u0131\u015f bir loto kurye hizmeti olan RedFoxLotto adl\u0131 bir \u015firket arac\u0131l\u0131\u011f\u0131yla m\u00fcmk\u00fcnd\u00fcr &#8211; <strong><span style=\"text-decoration: underline;\"><a href=\"https:\/\/redfoxlotto.com\/?ref=A8564250A2&#038;medium=lo365\" target=\"_blank\" rel=\"noopener\">RedFoxLotto web sitesini ziyaret etmek i\u00e7in buraya t\u0131klay\u0131n<\/a><\/span><\/strong>. Tek yapman\u0131z gereken bir piyango se\u00e7mek, numaralar\u0131 i\u015faretlemek ve ard\u0131ndan \u00f6deme yapmak. Ki\u015fisel biletiniz daha sonra bir RedFoxLotto temsilcisi taraf\u0131ndan sat\u0131n al\u0131nacak ve size e-posta ile g\u00f6nderilecektir &#8211; hepsi bu!<\/p>\n<h2>Powerball nas\u0131l \u00e7al\u0131\u015f\u0131r?<\/h2>\n<p>Powerball, muhtemelen yerel piyangonuzdan biraz farkl\u0131d\u0131r. Burada 69 say\u0131 aras\u0131ndan 5 say\u0131 ve 1 ile 26 aras\u0131nda bir Powerball numaras\u0131 se\u00e7iyorsunuz. Dolay\u0131s\u0131yla b\u00fcy\u00fck ikramiyeyi kazanma \u015fans\u0131n\u0131z (bunun i\u00e7in elbette 5 ana say\u0131n\u0131n tamam\u0131n\u0131 ve Powerball numaras\u0131n\u0131 do\u011fru bilmelisiniz) 292 milyonda 1. Kula\u011fa korkutucu geliyor, ancak birileri her zaman bir noktada b\u00fcy\u00fck ikramiyeyi kazan\u0131r!<\/p>\n<p>Bir di\u011fer \u00f6zellik ise: Bilet al\u0131rken &#8220;\u00c7arpan&#8221; se\u00e7ene\u011fini tercih edebilirsiniz. Her \u00e7ekili\u015fte, iki, \u00fc\u00e7, d\u00f6rt, be\u015f veya on kat\u0131 olabilen bir \u00e7arpan \u00e7ekilecek. \u00c7ekilen \u00c7arpan&#8217;a ba\u011fl\u0131 olarak, t\u00fcm &#8220;k\u00fc\u00e7\u00fck&#8221; kazan\u00e7lar \u00e7arp\u0131l\u0131r (b\u00fcy\u00fck ikramiyeler ve 5 do\u011fru ana say\u0131 \u00f6d\u00fcl\u00fc hari\u00e7).<\/p>\n<p>Powerball&#8217;u \u00e7evrimi\u00e7i oynuyorsan\u0131z, t\u00fcm s\u00fcre\u00e7 olduk\u00e7a basittir &#8211; say\u0131larda hata yapamazs\u0131n\u0131z (elbette yanl\u0131\u015f say\u0131lar\u0131 se\u00e7mek d\u0131\u015f\u0131nda). 5 yerine yaln\u0131zca 4 say\u0131 i\u015faretlerseniz veya bir Powerball numaras\u0131 se\u00e7meyi unutursan\u0131z, RedFoxLotto bunu size g\u00f6sterecektir.<\/p>\n<p>Powerball ve di\u011fer b\u00fcy\u00fck <a href=\"https:\/\/lottoonline365.com\/en\/mega-millions\" target=\"_blank\" rel=\"noopener\">ABD piyangosu Mega Millions<\/a>&#8216;a ek olarak, RedFoxLotto&#8217;da d\u00fcnya \u00e7ap\u0131nda 20&#8217;den fazla piyango i\u00e7in bilet sat\u0131n alabilirsiniz. B\u00f6ylece, en y\u00fcksek ikramiyeyi bulmak i\u00e7in web sitesinde arama yapabilir ve biletinizi alabilirsiniz. Bu, <a href=\"https:\/\/lottoonline365.com\/tr\/oyuncular-icin-ipuclari\/hangi-piyango-en-iyi-kazanma-sanslarini-sunuyor\" target=\"_blank\" rel=\"noopener\">kazanma-\u015fanslar\u0131<\/a> &#8211; e\u015fit bilet \u00f6d\u00fcl\u00fc varsay\u0131ld\u0131\u011f\u0131nda, potansiyel k\u00e2r ne kadar y\u00fcksek olursa, kazanma beklentisi de o kadar y\u00fcksek olur!<\/p>\n","protected":false},"excerpt":{"rendered":"<p>Powerball biletlerinizi \u00e7evrimi\u00e7i nas\u0131l alabilirsiniz? ABD&#8217;de haftal\u0131k Powerball Lotto&#8217;da sunulanlarla kar\u015f\u0131la\u015ft\u0131r\u0131ld\u0131\u011f\u0131nda, di\u011fer \u00fclkelerdeki piyangolar, b\u00fcy\u00fck ikramiyeleri y\u00fcksek olsa bile, nispeten k\u00fc\u00e7\u00fck g\u00f6r\u00fcn\u00fcyor. ABD&#8217;deki rekor b\u00fcy\u00fck ikramiye \u015fu anda 1,5 milyar dolar gibi \u015fa\u015f\u0131rt\u0131c\u0131 bir rakama ula\u015ft\u0131 ve 2017&#8217;de \u00f6dendi! Elbette, bu durum hemen Powerball i\u00e7in \u00e7evrimi\u00e7i bilet al\u0131p alamayaca\u011f\u0131n\u0131z\u0131 merak etmenize neden oluyor. Ve asl\u0131nda, &hellip; <\/p>\n<p class=\"link-more\"><a href=\"https:\/\/powerballticketonline.com\/tr\/diger-ulkelerden-powerball-bileti-satin-almak-yasal-mi\/powerball-usa\/\" class=\"more-link\"><span class=\"screen-reader-text\"> &#8220;Powerball USA&#8221;<\/span>devam\u0131n\u0131 oku<\/a><\/p>\n","protected":false},"author":1,"featured_media":0,"parent":106,"menu_order":0,"comment_status":"closed","ping_status":"closed","template":"","meta":{"footnotes":""},"class_list":["post-102","page","type-page","status-publish","hentry"],"yoast_head":"<!-- This site is optimized with the Yoast SEO plugin v27.3 - https:\/\/yoast.com\/product\/yoast-seo-wordpress\/ -->\n<title>Powerball biletlerini internetten sat\u0131n alabilir miyim?<\/title>\n<meta name=\"robots\" content=\"index, follow, max-snippet:-1, max-image-preview:large, max-video-preview:-1\" \/>\n<link rel=\"canonical\" href=\"https:\/\/powerballticketonline.com\/tr\/diger-ulkelerden-powerball-bileti-satin-almak-yasal-mi\/powerball-usa\/\" \/>\n<meta property=\"og:locale\" content=\"tr_TR\" \/>\n<meta property=\"og:type\" content=\"article\" \/>\n<meta property=\"og:title\" content=\"Powerball biletlerini internetten sat\u0131n alabilir miyim?\" \/>\n<meta property=\"og:description\" content=\"Powerball biletlerinizi \u00e7evrimi\u00e7i nas\u0131l alabilirsiniz? ABD&#8217;de haftal\u0131k Powerball Lotto&#8217;da sunulanlarla kar\u015f\u0131la\u015ft\u0131r\u0131ld\u0131\u011f\u0131nda, di\u011fer \u00fclkelerdeki piyangolar, b\u00fcy\u00fck ikramiyeleri y\u00fcksek olsa bile, nispeten k\u00fc\u00e7\u00fck g\u00f6r\u00fcn\u00fcyor. ABD&#8217;deki rekor b\u00fcy\u00fck ikramiye \u015fu anda 1,5 milyar dolar gibi \u015fa\u015f\u0131rt\u0131c\u0131 bir rakama ula\u015ft\u0131 ve 2017&#8217;de \u00f6dendi! Elbette, bu durum hemen Powerball i\u00e7in \u00e7evrimi\u00e7i bilet al\u0131p alamayaca\u011f\u0131n\u0131z\u0131 merak etmenize neden oluyor. Ve asl\u0131nda, &hellip; &quot;Powerball USA&quot;devam\u0131n\u0131 oku\" \/>\n<meta property=\"og:url\" content=\"https:\/\/powerballticketonline.com\/tr\/diger-ulkelerden-powerball-bileti-satin-almak-yasal-mi\/powerball-usa\/\" \/>\n<meta property=\"article:modified_time\" content=\"2025-08-04T22:37:12+00:00\" \/>\n<meta name=\"twitter:card\" content=\"summary_large_image\" \/>\n<meta name=\"twitter:label1\" content=\"Tahmini okuma s\u00fcresi\" \/>\n\t<meta name=\"twitter:data1\" content=\"2 dakika\" \/>\n<script type=\"application\/ld+json\" class=\"yoast-schema-graph\">{\"@context\":\"https:\\\/\\\/schema.org\",\"@graph\":[{\"@type\":\"WebPage\",\"@id\":\"https:\\\/\\\/powerballticketonline.com\\\/tr\\\/diger-ulkelerden-powerball-bileti-satin-almak-yasal-mi\\\/powerball-usa\\\/\",\"url\":\"https:\\\/\\\/powerballticketonline.com\\\/tr\\\/diger-ulkelerden-powerball-bileti-satin-almak-yasal-mi\\\/powerball-usa\\\/\",\"name\":\"Powerball biletlerini internetten sat\u0131n alabilir miyim?\",\"isPartOf\":{\"@id\":\"https:\\\/\\\/powerballticketonline.com\\\/tr\\\/#website\"},\"datePublished\":\"2025-08-04T09:55:18+00:00\",\"dateModified\":\"2025-08-04T22:37:12+00:00\",\"breadcrumb\":{\"@id\":\"https:\\\/\\\/powerballticketonline.com\\\/tr\\\/diger-ulkelerden-powerball-bileti-satin-almak-yasal-mi\\\/powerball-usa\\\/#breadcrumb\"},\"inLanguage\":\"tr\",\"potentialAction\":[{\"@type\":\"ReadAction\",\"target\":[\"https:\\\/\\\/powerballticketonline.com\\\/tr\\\/diger-ulkelerden-powerball-bileti-satin-almak-yasal-mi\\\/powerball-usa\\\/\"]}]},{\"@type\":\"BreadcrumbList\",\"@id\":\"https:\\\/\\\/powerballticketonline.com\\\/tr\\\/diger-ulkelerden-powerball-bileti-satin-almak-yasal-mi\\\/powerball-usa\\\/#breadcrumb\",\"itemListElement\":[{\"@type\":\"ListItem\",\"position\":1,\"name\":\"Home\",\"item\":\"https:\\\/\\\/powerballticketonline.com\\\/tr\\\/\"},{\"@type\":\"ListItem\",\"position\":2,\"name\":\"Di\u011fer \u00dclkelerden Powerball Bileti Sat\u0131n Almak Yasal m\u0131?\",\"item\":\"https:\\\/\\\/powerballticketonline.com\\\/tr\\\/is-it-legal-to-buy-powerball-tickets-from-other-countries\\\/\"},{\"@type\":\"ListItem\",\"position\":3,\"name\":\"Powerball USA\"}]},{\"@type\":\"WebSite\",\"@id\":\"https:\\\/\\\/powerballticketonline.com\\\/tr\\\/#website\",\"url\":\"https:\\\/\\\/powerballticketonline.com\\\/tr\\\/\",\"name\":\"\",\"description\":\"\",\"potentialAction\":[{\"@type\":\"SearchAction\",\"target\":{\"@type\":\"EntryPoint\",\"urlTemplate\":\"https:\\\/\\\/powerballticketonline.com\\\/tr\\\/?s={search_term_string}\"},\"query-input\":{\"@type\":\"PropertyValueSpecification\",\"valueRequired\":true,\"valueName\":\"search_term_string\"}}],\"inLanguage\":\"tr\"}]}<\/script>\n<!-- \/ Yoast SEO plugin. -->","yoast_head_json":{"title":"Powerball biletlerini internetten sat\u0131n alabilir miyim?","robots":{"index":"index","follow":"follow","max-snippet":"max-snippet:-1","max-image-preview":"max-image-preview:large","max-video-preview":"max-video-preview:-1"},"canonical":"https:\/\/powerballticketonline.com\/tr\/diger-ulkelerden-powerball-bileti-satin-almak-yasal-mi\/powerball-usa\/","og_locale":"tr_TR","og_type":"article","og_title":"Powerball biletlerini internetten sat\u0131n alabilir miyim?","og_description":"Powerball biletlerinizi \u00e7evrimi\u00e7i nas\u0131l alabilirsiniz? ABD&#8217;de haftal\u0131k Powerball Lotto&#8217;da sunulanlarla kar\u015f\u0131la\u015ft\u0131r\u0131ld\u0131\u011f\u0131nda, di\u011fer \u00fclkelerdeki piyangolar, b\u00fcy\u00fck ikramiyeleri y\u00fcksek olsa bile, nispeten k\u00fc\u00e7\u00fck g\u00f6r\u00fcn\u00fcyor. ABD&#8217;deki rekor b\u00fcy\u00fck ikramiye \u015fu anda 1,5 milyar dolar gibi \u015fa\u015f\u0131rt\u0131c\u0131 bir rakama ula\u015ft\u0131 ve 2017&#8217;de \u00f6dendi! Elbette, bu durum hemen Powerball i\u00e7in \u00e7evrimi\u00e7i bilet al\u0131p alamayaca\u011f\u0131n\u0131z\u0131 merak etmenize neden oluyor. Ve asl\u0131nda, &hellip; \"Powerball USA\"devam\u0131n\u0131 oku","og_url":"https:\/\/powerballticketonline.com\/tr\/diger-ulkelerden-powerball-bileti-satin-almak-yasal-mi\/powerball-usa\/","article_modified_time":"2025-08-04T22:37:12+00:00","twitter_card":"summary_large_image","twitter_misc":{"Tahmini okuma s\u00fcresi":"2 dakika"},"schema":{"@context":"https:\/\/schema.org","@graph":[{"@type":"WebPage","@id":"https:\/\/powerballticketonline.com\/tr\/diger-ulkelerden-powerball-bileti-satin-almak-yasal-mi\/powerball-usa\/","url":"https:\/\/powerballticketonline.com\/tr\/diger-ulkelerden-powerball-bileti-satin-almak-yasal-mi\/powerball-usa\/","name":"Powerball biletlerini internetten sat\u0131n alabilir miyim?","isPartOf":{"@id":"https:\/\/powerballticketonline.com\/tr\/#website"},"datePublished":"2025-08-04T09:55:18+00:00","dateModified":"2025-08-04T22:37:12+00:00","breadcrumb":{"@id":"https:\/\/powerballticketonline.com\/tr\/diger-ulkelerden-powerball-bileti-satin-almak-yasal-mi\/powerball-usa\/#breadcrumb"},"inLanguage":"tr","potentialAction":[{"@type":"ReadAction","target":["https:\/\/powerballticketonline.com\/tr\/diger-ulkelerden-powerball-bileti-satin-almak-yasal-mi\/powerball-usa\/"]}]},{"@type":"BreadcrumbList","@id":"https:\/\/powerballticketonline.com\/tr\/diger-ulkelerden-powerball-bileti-satin-almak-yasal-mi\/powerball-usa\/#breadcrumb","itemListElement":[{"@type":"ListItem","position":1,"name":"Home","item":"https:\/\/powerballticketonline.com\/tr\/"},{"@type":"ListItem","position":2,"name":"Di\u011fer \u00dclkelerden Powerball Bileti Sat\u0131n Almak Yasal m\u0131?","item":"https:\/\/powerballticketonline.com\/tr\/is-it-legal-to-buy-powerball-tickets-from-other-countries\/"},{"@type":"ListItem","position":3,"name":"Powerball USA"}]},{"@type":"WebSite","@id":"https:\/\/powerballticketonline.com\/tr\/#website","url":"https:\/\/powerballticketonline.com\/tr\/","name":"","description":"","potentialAction":[{"@type":"SearchAction","target":{"@type":"EntryPoint","urlTemplate":"https:\/\/powerballticketonline.com\/tr\/?s={search_term_string}"},"query-input":{"@type":"PropertyValueSpecification","valueRequired":true,"valueName":"search_term_string"}}],"inLanguage":"tr"}]}},"_links":{"self":[{"href":"https:\/\/powerballticketonline.com\/tr\/wp-json\/wp\/v2\/pages\/102","targetHints":{"allow":["GET"]}}],"collection":[{"href":"https:\/\/powerballticketonline.com\/tr\/wp-json\/wp\/v2\/pages"}],"about":[{"href":"https:\/\/powerballticketonline.com\/tr\/wp-json\/wp\/v2\/types\/page"}],"author":[{"embeddable":true,"href":"https:\/\/powerballticketonline.com\/tr\/wp-json\/wp\/v2\/users\/1"}],"replies":[{"embeddable":true,"href":"https:\/\/powerballticketonline.com\/tr\/wp-json\/wp\/v2\/comments?post=102"}],"version-history":[{"count":1,"href":"https:\/\/powerballticketonline.com\/tr\/wp-json\/wp\/v2\/pages\/102\/revisions"}],"predecessor-version":[{"id":108,"href":"https:\/\/powerballticketonline.com\/tr\/wp-json\/wp\/v2\/pages\/102\/revisions\/108"}],"up":[{"embeddable":true,"href":"https:\/\/powerballticketonline.com\/tr\/wp-json\/wp\/v2\/pages\/106"}],"wp:attachment":[{"href":"https:\/\/powerballticketonline.com\/tr\/wp-json\/wp\/v2\/media?parent=102"}],"curies":[{"name":"wp","href":"https:\/\/api.w.org\/{rel}","templated":true}]}}