{"id":106,"date":"2025-08-02T15:17:16","date_gmt":"2025-08-02T15:17:16","guid":{"rendered":"https:\/\/powerballticketonline.com\/diger-ulkelerden-powerball-bileti-satin-almak-yasal-mi\/"},"modified":"2025-08-02T15:17:16","modified_gmt":"2025-08-02T15:17:16","slug":"diger-ulkelerden-powerball-bileti-satin-almak-yasal-mi","status":"publish","type":"page","link":"https:\/\/powerballticketonline.com\/tr\/diger-ulkelerden-powerball-bileti-satin-almak-yasal-mi\/","title":{"rendered":"Di\u011fer \u00dclkelerden Powerball Bileti Sat\u0131n Almak Yasal m\u0131?"},"content":{"rendered":"<h1>Di\u011fer \u00dclkelerden Powerball Bileti Almak Yasal m\u0131?<\/h1>\n<p><a href=\"https:\/\/redfoxlotto.com\/play\/\" target=\"_blank\" rel=\"noopener noreferrer\"><span style=\"text-decoration: underline;\">Powerball oynamak<\/span><\/a> istiyor ancak buna izin verilip verilmedi\u011finden emin de\u011fil misiniz? \u00d6yleyse, bunu kendiniz denemenizin zaman\u0131 geldi. \u00c7\u00fcnk\u00fc nerede olursan\u0131z olun veya nereden olursan\u0131z olun, Powerball bileti sat\u0131n alman\u0131z kesinlikle yasal.<\/p>\n<h2>Yurt D\u0131\u015f\u0131na Seyahat Eden Amerikal\u0131lar<\/h2>\n<p>Asl\u0131nda Amerika Birle\u015fik Devletleri&#8217;ndenseniz ancak seyahat ediyorsan\u0131z, Powerball biletlerini istedi\u011finiz zaman alabilirsiniz. Tek yapman\u0131z gereken, bu t\u00fcr biletler sunan bir hizmette \u00e7evrimi\u00e7i bir hesap a\u00e7mak. Sonu\u00e7ta biletlerin sat\u0131ld\u0131\u011f\u0131 yerde ya\u015f\u0131yorsunuz, bu y\u00fczden <a href=\"https:\/\/redfoxlotto.com\/lotteries\/\" target=\"_blank\" rel=\"noopener noreferrer\"><span style=\"text-decoration: underline;\">nerede olursan\u0131z olun yeni bilet sat\u0131n alman\u0131zda<\/span><\/a> hi\u00e7bir k\u0131s\u0131tlama yok.<\/p>\n<h2>Peki Ya D\u00fcnyan\u0131n Geri Kalan\u0131?<\/h2>\n<p>Amerika&#8217;dan de\u011filseniz ve Amerika Birle\u015fik Devletleri i\u00e7inde seyahat etmiyorsan\u0131z, bu bir Powerball bileti alamayaca\u011f\u0131n\u0131z anlam\u0131na m\u0131 geliyor? Kesinlikle hay\u0131r! Yine de bir Powerball bileti alabilir ve o harika \u00f6d\u00fcl\u00fc kazanma \u015fans\u0131n\u0131 yakalayabilirsiniz. Tek yapman\u0131z gereken, Powerball biletleri satan bir \u00e7evrimi\u00e7i hizmet bulmak. Asl\u0131nda d\u00fc\u015f\u00fcnd\u00fc\u011f\u00fcn\u00fczden \u00e7ok daha kolay, hatta b\u00f6lgenizde isteyebilece\u011finiz di\u011fer biletlerden bile daha kolay.<\/p>\n<h2>\u0130nternete Girin ve Biletlerinizi Sat\u0131n Al\u0131n<\/h2>\n<p>En \u00f6nemlisi, biletlerinizi sat\u0131n alabilece\u011finiz bir <a href=\"https:\/\/redfoxlotto.com\/\" target=\"_blank\" rel=\"noopener noreferrer\"><span style=\"text-decoration: underline;\">web sitesine<\/span><\/a> sahip olmakt\u0131r. Sonu\u00e7ta, Amerika Birle\u015fik Devletleri&#8217;nde ya\u015fam\u0131yorsan\u0131z, Powerball bileti almak i\u00e7in markete gidemezsiniz. Ancak RedFoxLotto ile bunun i\u00e7in endi\u015felenmenize gerek yok. Bu veya ba\u015fka bir oyun i\u00e7in istedi\u011finiz biletleri se\u00e7ebilir ve hemen ba\u015flayabilirsiniz. <br \/>RedFoxLotto ile \u00e7evrimi\u00e7i bilet sat\u0131n almak asl\u0131nda olduk\u00e7a basit. Tek ihtiyac\u0131n\u0131z olan bir hesap ve ard\u0131ndan <a href=\"https:\/\/redfoxlotto.com\/play\/\" target=\"_blank\" rel=\"noopener noreferrer\"><span style=\"text-decoration: underline;\">hangi oyunlar\u0131 oynamak istedi\u011finizi<\/span><\/a> ve hangi say\u0131lar\u0131 istedi\u011finizi se\u00e7iyorsunuz. Tek ihtiyac\u0131n\u0131z olan bu! Ve b\u00f6ylece milyonlarca dolar kazanma \u015fans\u0131na sahip olabilirsiniz.<\/p>\n","protected":false},"excerpt":{"rendered":"<p>Di\u011fer \u00dclkelerden Powerball Bileti Almak Yasal m\u0131? Powerball oynamak istiyor ancak buna izin verilip verilmedi\u011finden emin de\u011fil misiniz? \u00d6yleyse, bunu kendiniz denemenizin zaman\u0131 geldi. \u00c7\u00fcnk\u00fc nerede olursan\u0131z olun veya nereden olursan\u0131z olun, Powerball bileti sat\u0131n alman\u0131z kesinlikle yasal. Yurt D\u0131\u015f\u0131na Seyahat Eden Amerikal\u0131lar Asl\u0131nda Amerika Birle\u015fik Devletleri&#8217;ndenseniz ancak seyahat ediyorsan\u0131z, Powerball biletlerini istedi\u011finiz zaman alabilirsiniz. &hellip; <\/p>\n<p class=\"link-more\"><a href=\"https:\/\/powerballticketonline.com\/tr\/diger-ulkelerden-powerball-bileti-satin-almak-yasal-mi\/\" class=\"more-link\"><span class=\"screen-reader-text\"> &#8220;Di\u011fer \u00dclkelerden Powerball Bileti Sat\u0131n Almak Yasal m\u0131?&#8221;<\/span>devam\u0131n\u0131 oku<\/a><\/p>\n","protected":false},"author":1,"featured_media":0,"parent":0,"menu_order":0,"comment_status":"closed","ping_status":"closed","template":"","meta":{"footnotes":""},"class_list":["post-106","page","type-page","status-publish","hentry"],"yoast_head":"<!-- This site is optimized with the Yoast SEO plugin v27.3 - https:\/\/yoast.com\/product\/yoast-seo-wordpress\/ -->\n<title>Di\u011fer \u00dclkelerden Powerball Bileti Sat\u0131n Almak Yasal m\u0131?<\/title>\n<meta name=\"robots\" content=\"index, follow, max-snippet:-1, max-image-preview:large, max-video-preview:-1\" \/>\n<link rel=\"canonical\" href=\"https:\/\/powerballticketonline.com\/tr\/diger-ulkelerden-powerball-bileti-satin-almak-yasal-mi\/\" \/>\n<meta property=\"og:locale\" content=\"tr_TR\" \/>\n<meta property=\"og:type\" content=\"article\" \/>\n<meta property=\"og:title\" content=\"Di\u011fer \u00dclkelerden Powerball Bileti Sat\u0131n Almak Yasal m\u0131?\" \/>\n<meta property=\"og:description\" content=\"Di\u011fer \u00dclkelerden Powerball Bileti Almak Yasal m\u0131? Powerball oynamak istiyor ancak buna izin verilip verilmedi\u011finden emin de\u011fil misiniz? \u00d6yleyse, bunu kendiniz denemenizin zaman\u0131 geldi. \u00c7\u00fcnk\u00fc nerede olursan\u0131z olun veya nereden olursan\u0131z olun, Powerball bileti sat\u0131n alman\u0131z kesinlikle yasal. Yurt D\u0131\u015f\u0131na Seyahat Eden Amerikal\u0131lar Asl\u0131nda Amerika Birle\u015fik Devletleri&#8217;ndenseniz ancak seyahat ediyorsan\u0131z, Powerball biletlerini istedi\u011finiz zaman alabilirsiniz. &hellip; &quot;Di\u011fer \u00dclkelerden Powerball Bileti Sat\u0131n Almak Yasal m\u0131?&quot;devam\u0131n\u0131 oku\" \/>\n<meta property=\"og:url\" content=\"https:\/\/powerballticketonline.com\/tr\/diger-ulkelerden-powerball-bileti-satin-almak-yasal-mi\/\" \/>\n<meta name=\"twitter:card\" content=\"summary_large_image\" \/>\n<meta name=\"twitter:label1\" content=\"Tahmini okuma s\u00fcresi\" \/>\n\t<meta name=\"twitter:data1\" content=\"2 dakika\" \/>\n<script type=\"application\/ld+json\" class=\"yoast-schema-graph\">{\"@context\":\"https:\\\/\\\/schema.org\",\"@graph\":[{\"@type\":\"WebPage\",\"@id\":\"https:\\\/\\\/powerballticketonline.com\\\/tr\\\/diger-ulkelerden-powerball-bileti-satin-almak-yasal-mi\\\/\",\"url\":\"https:\\\/\\\/powerballticketonline.com\\\/tr\\\/diger-ulkelerden-powerball-bileti-satin-almak-yasal-mi\\\/\",\"name\":\"Di\u011fer \u00dclkelerden Powerball Bileti Sat\u0131n Almak Yasal m\u0131?\",\"isPartOf\":{\"@id\":\"https:\\\/\\\/powerballticketonline.com\\\/tr\\\/#website\"},\"datePublished\":\"2025-08-02T15:17:16+00:00\",\"breadcrumb\":{\"@id\":\"https:\\\/\\\/powerballticketonline.com\\\/tr\\\/diger-ulkelerden-powerball-bileti-satin-almak-yasal-mi\\\/#breadcrumb\"},\"inLanguage\":\"tr\",\"potentialAction\":[{\"@type\":\"ReadAction\",\"target\":[\"https:\\\/\\\/powerballticketonline.com\\\/tr\\\/diger-ulkelerden-powerball-bileti-satin-almak-yasal-mi\\\/\"]}]},{\"@type\":\"BreadcrumbList\",\"@id\":\"https:\\\/\\\/powerballticketonline.com\\\/tr\\\/diger-ulkelerden-powerball-bileti-satin-almak-yasal-mi\\\/#breadcrumb\",\"itemListElement\":[{\"@type\":\"ListItem\",\"position\":1,\"name\":\"Home\",\"item\":\"https:\\\/\\\/powerballticketonline.com\\\/tr\\\/\"},{\"@type\":\"ListItem\",\"position\":2,\"name\":\"Di\u011fer \u00dclkelerden Powerball Bileti Sat\u0131n Almak Yasal m\u0131?\"}]},{\"@type\":\"WebSite\",\"@id\":\"https:\\\/\\\/powerballticketonline.com\\\/tr\\\/#website\",\"url\":\"https:\\\/\\\/powerballticketonline.com\\\/tr\\\/\",\"name\":\"\",\"description\":\"\",\"potentialAction\":[{\"@type\":\"SearchAction\",\"target\":{\"@type\":\"EntryPoint\",\"urlTemplate\":\"https:\\\/\\\/powerballticketonline.com\\\/tr\\\/?s={search_term_string}\"},\"query-input\":{\"@type\":\"PropertyValueSpecification\",\"valueRequired\":true,\"valueName\":\"search_term_string\"}}],\"inLanguage\":\"tr\"}]}<\/script>\n<!-- \/ Yoast SEO plugin. -->","yoast_head_json":{"title":"Di\u011fer \u00dclkelerden Powerball Bileti Sat\u0131n Almak Yasal m\u0131?","robots":{"index":"index","follow":"follow","max-snippet":"max-snippet:-1","max-image-preview":"max-image-preview:large","max-video-preview":"max-video-preview:-1"},"canonical":"https:\/\/powerballticketonline.com\/tr\/diger-ulkelerden-powerball-bileti-satin-almak-yasal-mi\/","og_locale":"tr_TR","og_type":"article","og_title":"Di\u011fer \u00dclkelerden Powerball Bileti Sat\u0131n Almak Yasal m\u0131?","og_description":"Di\u011fer \u00dclkelerden Powerball Bileti Almak Yasal m\u0131? Powerball oynamak istiyor ancak buna izin verilip verilmedi\u011finden emin de\u011fil misiniz? \u00d6yleyse, bunu kendiniz denemenizin zaman\u0131 geldi. \u00c7\u00fcnk\u00fc nerede olursan\u0131z olun veya nereden olursan\u0131z olun, Powerball bileti sat\u0131n alman\u0131z kesinlikle yasal. Yurt D\u0131\u015f\u0131na Seyahat Eden Amerikal\u0131lar Asl\u0131nda Amerika Birle\u015fik Devletleri&#8217;ndenseniz ancak seyahat ediyorsan\u0131z, Powerball biletlerini istedi\u011finiz zaman alabilirsiniz. &hellip; \"Di\u011fer \u00dclkelerden Powerball Bileti Sat\u0131n Almak Yasal m\u0131?\"devam\u0131n\u0131 oku","og_url":"https:\/\/powerballticketonline.com\/tr\/diger-ulkelerden-powerball-bileti-satin-almak-yasal-mi\/","twitter_card":"summary_large_image","twitter_misc":{"Tahmini okuma s\u00fcresi":"2 dakika"},"schema":{"@context":"https:\/\/schema.org","@graph":[{"@type":"WebPage","@id":"https:\/\/powerballticketonline.com\/tr\/diger-ulkelerden-powerball-bileti-satin-almak-yasal-mi\/","url":"https:\/\/powerballticketonline.com\/tr\/diger-ulkelerden-powerball-bileti-satin-almak-yasal-mi\/","name":"Di\u011fer \u00dclkelerden Powerball Bileti Sat\u0131n Almak Yasal m\u0131?","isPartOf":{"@id":"https:\/\/powerballticketonline.com\/tr\/#website"},"datePublished":"2025-08-02T15:17:16+00:00","breadcrumb":{"@id":"https:\/\/powerballticketonline.com\/tr\/diger-ulkelerden-powerball-bileti-satin-almak-yasal-mi\/#breadcrumb"},"inLanguage":"tr","potentialAction":[{"@type":"ReadAction","target":["https:\/\/powerballticketonline.com\/tr\/diger-ulkelerden-powerball-bileti-satin-almak-yasal-mi\/"]}]},{"@type":"BreadcrumbList","@id":"https:\/\/powerballticketonline.com\/tr\/diger-ulkelerden-powerball-bileti-satin-almak-yasal-mi\/#breadcrumb","itemListElement":[{"@type":"ListItem","position":1,"name":"Home","item":"https:\/\/powerballticketonline.com\/tr\/"},{"@type":"ListItem","position":2,"name":"Di\u011fer \u00dclkelerden Powerball Bileti Sat\u0131n Almak Yasal m\u0131?"}]},{"@type":"WebSite","@id":"https:\/\/powerballticketonline.com\/tr\/#website","url":"https:\/\/powerballticketonline.com\/tr\/","name":"","description":"","potentialAction":[{"@type":"SearchAction","target":{"@type":"EntryPoint","urlTemplate":"https:\/\/powerballticketonline.com\/tr\/?s={search_term_string}"},"query-input":{"@type":"PropertyValueSpecification","valueRequired":true,"valueName":"search_term_string"}}],"inLanguage":"tr"}]}},"_links":{"self":[{"href":"https:\/\/powerballticketonline.com\/tr\/wp-json\/wp\/v2\/pages\/106","targetHints":{"allow":["GET"]}}],"collection":[{"href":"https:\/\/powerballticketonline.com\/tr\/wp-json\/wp\/v2\/pages"}],"about":[{"href":"https:\/\/powerballticketonline.com\/tr\/wp-json\/wp\/v2\/types\/page"}],"author":[{"embeddable":true,"href":"https:\/\/powerballticketonline.com\/tr\/wp-json\/wp\/v2\/users\/1"}],"replies":[{"embeddable":true,"href":"https:\/\/powerballticketonline.com\/tr\/wp-json\/wp\/v2\/comments?post=106"}],"version-history":[{"count":0,"href":"https:\/\/powerballticketonline.com\/tr\/wp-json\/wp\/v2\/pages\/106\/revisions"}],"wp:attachment":[{"href":"https:\/\/powerballticketonline.com\/tr\/wp-json\/wp\/v2\/media?parent=106"}],"curies":[{"name":"wp","href":"https:\/\/api.w.org\/{rel}","templated":true}]}}