{"id":110,"date":"2025-08-02T15:36:06","date_gmt":"2025-08-02T15:36:06","guid":{"rendered":"https:\/\/powerballticketonline.com\/loto-nasil-olusturuldu\/"},"modified":"2025-08-02T15:36:06","modified_gmt":"2025-08-02T15:36:06","slug":"loto-nasil-olusturuldu","status":"publish","type":"page","link":"https:\/\/powerballticketonline.com\/tr\/loto-nasil-olusturuldu\/","title":{"rendered":"Loto Nas\u0131l Olu\u015fturuldu?"},"content":{"rendered":"<h1>D\u00fcn\u00fcn ve bug\u00fcn\u00fcn en pop\u00fcler loto oyunu<\/h1>\n<p>Piyangonun neredeyse 500 ya\u015f\u0131nda oldu\u011funu biliyor muydunuz? Bu kadar uzun s\u00fcredir var olmas\u0131 pek olas\u0131 g\u00f6r\u00fcnm\u00fcyor, ama \u00f6yle. O zamandan beri, en az\u0131ndan bir \u015fekilde, ge\u00e7mi\u015fte 1530&#8217;da Floransa&#8217;da ba\u015flad\u0131. Di\u011fer \u00fclkelerin de hemen kat\u0131lmas\u0131 uzun s\u00fcrmedi \u00e7\u00fcnk\u00fc sonunda <a href=\"https:\/\/redfoxlotto.com\/largest-lottery-jackpots\/\" target=\"_blank\" rel=\"noopener noreferrer\"><span style=\"text-decoration: underline;\">piyango<\/span><\/a>, \u00fclkeye kar sa\u011flaman\u0131n harika bir yoluydu ve herkes bundan pay almak istiyordu. Floransa&#8217;n\u0131n ba\u015flatt\u0131\u011f\u0131 \u015feye, Fransa ve Britanya h\u0131zla dahil olmay\u0131 se\u00e7ti.<\/p>\n<p>\u0130\u015fte, modern piyangonun tarihi tam olarak budur, ancak ilk piyangolara veya en az\u0131ndan bug\u00fcn piyango dedi\u011fimiz \u015feyin k\u00f6kenlerine geri d\u00f6nmek istiyorsan\u0131z, \u00e7ok daha geriye gitmeniz gerekir. M\u00d6 200 civar\u0131nda Asya&#8217;da piyango vard\u0131. Hun Hanedanl\u0131\u011f\u0131 d\u00f6nemindeydi ve piyangolar asl\u0131nda <a href=\"https:\/\/redfoxlotto.com\/is-the-lottery-tax-free\/\" target=\"_blank\" rel=\"noopener noreferrer\"><span style=\"text-decoration: underline;\">vergileri finanse etmek<\/span><\/a> i\u00e7in kullan\u0131l\u0131yordu. Bilmiyor olabilece\u011finiz tek \u015fey, bu piyango bileti sat\u0131\u015flar\u0131n\u0131n, bug\u00fcn Keno olarak bilinen \u015feyin ilk versiyonu oldu\u011fudur. Ayr\u0131ca \u00c7in&#8217;in muhte\u015fem Duvar yap\u0131s\u0131n\u0131n in\u015fas\u0131na da yard\u0131mc\u0131 oldular.<\/p>\n<h2>Di\u011fer piyangolar<\/h2>\n<p>\u00c7ekili\u015fler \u015feklinde ba\u015flayan piyangolar, 1400&#8217;lerin ortalar\u0131ndan itibaren ortaya \u00e7\u0131kt\u0131. Bunlar, nakit \u00f6d\u00fcller yerine e\u015fya \u00f6d\u00fclleri kulland\u0131. Ve asl\u0131nda olduk\u00e7a iyi i\u015f \u00e7\u0131kard\u0131lar. Elbette, \u00e7ekili\u015fli bir etkinli\u011fe kat\u0131lm\u0131\u015f olan herkes, bu t\u00fcr oyunlar\u0131n olduk\u00e7a iyi performans g\u00f6sterme e\u011filiminde oldu\u011funu ve kesinlikle sunacaklar\u0131 \u00e7ok \u015fey oldu\u011funu bilir. Farkl\u0131 yard\u0131m kurulu\u015flar\u0131, hay\u0131r kurumlar\u0131na veya toplumdaki \u00e7e\u015fitli ama\u00e7lara para toplamak i\u00e7in bunlar\u0131 s\u0131kl\u0131kla kullan\u0131r.<\/p>\n<p>ABD&#8217;de piyango, 1700&#8217;lerde olduk\u00e7a k\u0131sa bir s\u00fcrede ortaya \u00e7\u0131kt\u0131. Ayr\u0131ca, Amerikan Ba\u011f\u0131ms\u0131zl\u0131k Sava\u015f\u0131&#8217;n\u0131n k\u0131smen piyangodan elde edilen parayla finanse edildi\u011fine inan\u0131l\u0131yor. Bu, lotoyu kesinlikle <a href=\"https:\/\/redfoxlotto.com\/how-to-buy-usa-lottery-tickets-online\/\" target=\"_blank\" rel=\"noopener noreferrer\"><span style=\"text-decoration: underline;\">Amerika Birle\u015fik Devletleri<\/span><\/a> ge\u00e7mi\u015fine sa\u011flam ve g\u00fc\u00e7l\u00fc bir \u015fekilde yerle\u015ftiriyor, \u00f6yle de\u011fil mi? Genel olarak, piyango d\u00fcnyadaki \u00e7o\u011fu \u00fclkenin ba\u015flang\u0131c\u0131nda \u00f6nemli bir rol oynam\u0131\u015ft\u0131r ve hala b\u00fcy\u00fck bir etkiye sahip olmaya devam etmektedir. Bir\u00e7ok y\u00f6nden, bir piyango bileti sat\u0131n ald\u0131\u011f\u0131n\u0131zda, d\u00fcnya \u00e7ap\u0131ndaki b\u00fcy\u00fck uluslar\u0131n tarihine katk\u0131da bulunuyorsunuz ve bu, her zaman dahil olman\u0131z gereken \u00f6zel bir konudur.<\/p>\n<p>D\u00fcnya \u00e7ap\u0131nda ger\u00e7ekle\u015fen harika loto oyunlar\u0131ndan herhangi biri i\u00e7in bir bilet sat\u0131n almak istiyorsan\u0131z, RedFoxLotto.com adresini ziyaret edebilirsiniz. Mevcut oyunlar hakk\u0131nda daha fazla bilgi edinmek ve bir sonraki \u00e7ekili\u015f i\u00e7in kendi biletinizi se\u00e7mek i\u00e7in buraya t\u0131klamay\u0131 unutmay\u0131n. Asl\u0131nda farkl\u0131 uluslar\u0131n tarihinde sayg\u0131n bir yer edinebilir ve bunu yaparken b\u00fcy\u00fck bir \u015fampiyon olabilirsiniz. Bu, yapt\u0131\u011f\u0131n\u0131z yat\u0131r\u0131m\u0131n kar\u015f\u0131l\u0131\u011f\u0131n\u0131 kesinlikle verecektir. Bu y\u00fczden bir sonraki biletleri do\u011fru se\u00e7in ve b\u00fcy\u00fck ikramiye \u015fampiyonu olun.<\/p>\n","protected":false},"excerpt":{"rendered":"<p>D\u00fcn\u00fcn ve bug\u00fcn\u00fcn en pop\u00fcler loto oyunu Piyangonun neredeyse 500 ya\u015f\u0131nda oldu\u011funu biliyor muydunuz? Bu kadar uzun s\u00fcredir var olmas\u0131 pek olas\u0131 g\u00f6r\u00fcnm\u00fcyor, ama \u00f6yle. O zamandan beri, en az\u0131ndan bir \u015fekilde, ge\u00e7mi\u015fte 1530&#8217;da Floransa&#8217;da ba\u015flad\u0131. Di\u011fer \u00fclkelerin de hemen kat\u0131lmas\u0131 uzun s\u00fcrmedi \u00e7\u00fcnk\u00fc sonunda piyango, \u00fclkeye kar sa\u011flaman\u0131n harika bir yoluydu ve herkes bundan &hellip; <\/p>\n<p class=\"link-more\"><a href=\"https:\/\/powerballticketonline.com\/tr\/loto-nasil-olusturuldu\/\" class=\"more-link\"><span class=\"screen-reader-text\"> &#8220;Loto Nas\u0131l Olu\u015fturuldu?&#8221;<\/span>devam\u0131n\u0131 oku<\/a><\/p>\n","protected":false},"author":1,"featured_media":0,"parent":0,"menu_order":0,"comment_status":"closed","ping_status":"closed","template":"","meta":{"footnotes":""},"class_list":["post-110","page","type-page","status-publish","hentry"],"yoast_head":"<!-- This site is optimized with the Yoast SEO plugin v27.3 - https:\/\/yoast.com\/product\/yoast-seo-wordpress\/ -->\n<title>Loto&#039;nun \u0130cad\u0131<\/title>\n<meta name=\"robots\" content=\"index, follow, max-snippet:-1, max-image-preview:large, max-video-preview:-1\" \/>\n<link rel=\"canonical\" href=\"https:\/\/powerballticketonline.com\/tr\/loto-nasil-olusturuldu\/\" \/>\n<meta property=\"og:locale\" content=\"tr_TR\" \/>\n<meta property=\"og:type\" content=\"article\" \/>\n<meta property=\"og:title\" content=\"Loto&#039;nun \u0130cad\u0131\" \/>\n<meta property=\"og:description\" content=\"D\u00fcn\u00fcn ve bug\u00fcn\u00fcn en pop\u00fcler loto oyunu Piyangonun neredeyse 500 ya\u015f\u0131nda oldu\u011funu biliyor muydunuz? Bu kadar uzun s\u00fcredir var olmas\u0131 pek olas\u0131 g\u00f6r\u00fcnm\u00fcyor, ama \u00f6yle. O zamandan beri, en az\u0131ndan bir \u015fekilde, ge\u00e7mi\u015fte 1530&#8217;da Floransa&#8217;da ba\u015flad\u0131. Di\u011fer \u00fclkelerin de hemen kat\u0131lmas\u0131 uzun s\u00fcrmedi \u00e7\u00fcnk\u00fc sonunda piyango, \u00fclkeye kar sa\u011flaman\u0131n harika bir yoluydu ve herkes bundan &hellip; &quot;Loto Nas\u0131l Olu\u015fturuldu?&quot;devam\u0131n\u0131 oku\" \/>\n<meta property=\"og:url\" content=\"https:\/\/powerballticketonline.com\/tr\/loto-nasil-olusturuldu\/\" \/>\n<meta name=\"twitter:card\" content=\"summary_large_image\" \/>\n<meta name=\"twitter:label1\" content=\"Tahmini okuma s\u00fcresi\" \/>\n\t<meta name=\"twitter:data1\" content=\"3 dakika\" \/>\n<script type=\"application\/ld+json\" class=\"yoast-schema-graph\">{\"@context\":\"https:\\\/\\\/schema.org\",\"@graph\":[{\"@type\":\"WebPage\",\"@id\":\"https:\\\/\\\/powerballticketonline.com\\\/tr\\\/loto-nasil-olusturuldu\\\/\",\"url\":\"https:\\\/\\\/powerballticketonline.com\\\/tr\\\/loto-nasil-olusturuldu\\\/\",\"name\":\"Loto'nun \u0130cad\u0131\",\"isPartOf\":{\"@id\":\"https:\\\/\\\/powerballticketonline.com\\\/tr\\\/#website\"},\"datePublished\":\"2025-08-02T15:36:06+00:00\",\"breadcrumb\":{\"@id\":\"https:\\\/\\\/powerballticketonline.com\\\/tr\\\/loto-nasil-olusturuldu\\\/#breadcrumb\"},\"inLanguage\":\"tr\",\"potentialAction\":[{\"@type\":\"ReadAction\",\"target\":[\"https:\\\/\\\/powerballticketonline.com\\\/tr\\\/loto-nasil-olusturuldu\\\/\"]}]},{\"@type\":\"BreadcrumbList\",\"@id\":\"https:\\\/\\\/powerballticketonline.com\\\/tr\\\/loto-nasil-olusturuldu\\\/#breadcrumb\",\"itemListElement\":[{\"@type\":\"ListItem\",\"position\":1,\"name\":\"Home\",\"item\":\"https:\\\/\\\/powerballticketonline.com\\\/tr\\\/\"},{\"@type\":\"ListItem\",\"position\":2,\"name\":\"Loto Nas\u0131l Olu\u015fturuldu?\"}]},{\"@type\":\"WebSite\",\"@id\":\"https:\\\/\\\/powerballticketonline.com\\\/tr\\\/#website\",\"url\":\"https:\\\/\\\/powerballticketonline.com\\\/tr\\\/\",\"name\":\"\",\"description\":\"\",\"potentialAction\":[{\"@type\":\"SearchAction\",\"target\":{\"@type\":\"EntryPoint\",\"urlTemplate\":\"https:\\\/\\\/powerballticketonline.com\\\/tr\\\/?s={search_term_string}\"},\"query-input\":{\"@type\":\"PropertyValueSpecification\",\"valueRequired\":true,\"valueName\":\"search_term_string\"}}],\"inLanguage\":\"tr\"}]}<\/script>\n<!-- \/ Yoast SEO plugin. -->","yoast_head_json":{"title":"Loto'nun \u0130cad\u0131","robots":{"index":"index","follow":"follow","max-snippet":"max-snippet:-1","max-image-preview":"max-image-preview:large","max-video-preview":"max-video-preview:-1"},"canonical":"https:\/\/powerballticketonline.com\/tr\/loto-nasil-olusturuldu\/","og_locale":"tr_TR","og_type":"article","og_title":"Loto'nun \u0130cad\u0131","og_description":"D\u00fcn\u00fcn ve bug\u00fcn\u00fcn en pop\u00fcler loto oyunu Piyangonun neredeyse 500 ya\u015f\u0131nda oldu\u011funu biliyor muydunuz? Bu kadar uzun s\u00fcredir var olmas\u0131 pek olas\u0131 g\u00f6r\u00fcnm\u00fcyor, ama \u00f6yle. O zamandan beri, en az\u0131ndan bir \u015fekilde, ge\u00e7mi\u015fte 1530&#8217;da Floransa&#8217;da ba\u015flad\u0131. Di\u011fer \u00fclkelerin de hemen kat\u0131lmas\u0131 uzun s\u00fcrmedi \u00e7\u00fcnk\u00fc sonunda piyango, \u00fclkeye kar sa\u011flaman\u0131n harika bir yoluydu ve herkes bundan &hellip; \"Loto Nas\u0131l Olu\u015fturuldu?\"devam\u0131n\u0131 oku","og_url":"https:\/\/powerballticketonline.com\/tr\/loto-nasil-olusturuldu\/","twitter_card":"summary_large_image","twitter_misc":{"Tahmini okuma s\u00fcresi":"3 dakika"},"schema":{"@context":"https:\/\/schema.org","@graph":[{"@type":"WebPage","@id":"https:\/\/powerballticketonline.com\/tr\/loto-nasil-olusturuldu\/","url":"https:\/\/powerballticketonline.com\/tr\/loto-nasil-olusturuldu\/","name":"Loto'nun \u0130cad\u0131","isPartOf":{"@id":"https:\/\/powerballticketonline.com\/tr\/#website"},"datePublished":"2025-08-02T15:36:06+00:00","breadcrumb":{"@id":"https:\/\/powerballticketonline.com\/tr\/loto-nasil-olusturuldu\/#breadcrumb"},"inLanguage":"tr","potentialAction":[{"@type":"ReadAction","target":["https:\/\/powerballticketonline.com\/tr\/loto-nasil-olusturuldu\/"]}]},{"@type":"BreadcrumbList","@id":"https:\/\/powerballticketonline.com\/tr\/loto-nasil-olusturuldu\/#breadcrumb","itemListElement":[{"@type":"ListItem","position":1,"name":"Home","item":"https:\/\/powerballticketonline.com\/tr\/"},{"@type":"ListItem","position":2,"name":"Loto Nas\u0131l Olu\u015fturuldu?"}]},{"@type":"WebSite","@id":"https:\/\/powerballticketonline.com\/tr\/#website","url":"https:\/\/powerballticketonline.com\/tr\/","name":"","description":"","potentialAction":[{"@type":"SearchAction","target":{"@type":"EntryPoint","urlTemplate":"https:\/\/powerballticketonline.com\/tr\/?s={search_term_string}"},"query-input":{"@type":"PropertyValueSpecification","valueRequired":true,"valueName":"search_term_string"}}],"inLanguage":"tr"}]}},"_links":{"self":[{"href":"https:\/\/powerballticketonline.com\/tr\/wp-json\/wp\/v2\/pages\/110","targetHints":{"allow":["GET"]}}],"collection":[{"href":"https:\/\/powerballticketonline.com\/tr\/wp-json\/wp\/v2\/pages"}],"about":[{"href":"https:\/\/powerballticketonline.com\/tr\/wp-json\/wp\/v2\/types\/page"}],"author":[{"embeddable":true,"href":"https:\/\/powerballticketonline.com\/tr\/wp-json\/wp\/v2\/users\/1"}],"replies":[{"embeddable":true,"href":"https:\/\/powerballticketonline.com\/tr\/wp-json\/wp\/v2\/comments?post=110"}],"version-history":[{"count":0,"href":"https:\/\/powerballticketonline.com\/tr\/wp-json\/wp\/v2\/pages\/110\/revisions"}],"wp:attachment":[{"href":"https:\/\/powerballticketonline.com\/tr\/wp-json\/wp\/v2\/media?parent=110"}],"curies":[{"name":"wp","href":"https:\/\/api.w.org\/{rel}","templated":true}]}}