{"id":86,"date":"2025-08-04T10:29:33","date_gmt":"2025-08-04T10:29:33","guid":{"rendered":"https:\/\/powerballticketonline.com\/powerball-numaralarini-kontrol-edin\/"},"modified":"2025-08-04T10:29:33","modified_gmt":"2025-08-04T10:29:33","slug":"powerball-numaralarini-kontrol-edin","status":"publish","type":"page","link":"https:\/\/powerballticketonline.com\/tr\/powerball-numaralarini-kontrol-edin\/","title":{"rendered":"Powerball Numaralar\u0131n\u0131 Kontrol Edin"},"content":{"rendered":"<h1>Powerball numaralar\u0131n\u0131z\u0131n kazan\u0131p kazanmad\u0131\u011f\u0131n\u0131 nas\u0131l \u00f6\u011frenebilirsiniz?<\/h1>\n<p>Powerball numaralar\u0131n\u0131 h\u0131zl\u0131 ve kolay bir \u015fekilde kontrol etmenin bir yolunu mu ar\u0131yorsunuz? \u00d6yleyse, kesinlikle do\u011fru yerdesiniz \u00e7\u00fcnk\u00fc as\u0131l mesele bu. Do\u011fru numaralara hemen sahip oldu\u011funuzdan ve kazanc\u0131n\u0131z\u0131n tad\u0131n\u0131 \u00e7\u0131karabildi\u011finizden (veya ba\u015fka bir bilet i\u00e7in ma\u011fazaya gitti\u011finizden) emin olmak istiyorsunuz. Peki numaralar\u0131 nas\u0131l kontrol edecek ve sonu\u00e7lar\u0131 nas\u0131l \u00f6\u011freneceksiniz? Bu numaralar\u0131n kimde oldu\u011funu ve ne zaman yay\u0131nlanaca\u011f\u0131n\u0131 bilmeniz gerekecek.<\/p>\n<h2>Powerball Numaralar\u0131n\u0131 Ne Zaman Kontrol Etmelisiniz?<\/h2>\n<p>Powerball i\u00e7in kazanan numaralar\u0131 ne zaman kontrol edebilirsiniz? Asl\u0131nda, bunlar\u0131 birka\u00e7 farkl\u0131 \u015fekilde kontrol edebilirsiniz. Numaralar \u00e7\u0131kar \u00e7\u0131kmaz \u00f6\u011frenmek istiyorsan\u0131z, en iyi se\u00e7ene\u011finiz canl\u0131 izlemektir. Bunu, sahip oldu\u011funuz herhangi bir internet ba\u011flant\u0131l\u0131 cihaz arac\u0131l\u0131\u011f\u0131yla \u00e7evrimi\u00e7i olarak yapabilirsiniz. Ma\u00e7\u0131n ne oldu\u011funu izlemek i\u00e7in oyunun web sitesine gitmeniz ve ba\u011flant\u0131y\u0131 takip etmeniz yeterli. Ayr\u0131ca, \u00e7ekili\u015fi canl\u0131 izlemek i\u00e7in yerel kanallar\u0131 da takip edebilirsiniz.<\/p>\n<p> Kazanan numaran\u0131n ne oldu\u011funu hemen \u00f6\u011frenmekle \u00e7ok ilgilenmiyorsan\u0131z, \u00e7ekili\u015ften hemen sonra Powerball web sitesi, haber siteleri ve hatta loto oyunlar\u0131n\u0131 takip eden web siteleri gibi siteleri kontrol edebilirsiniz. Bu siteler (\u00e7o\u011fu durumda) yakla\u015f\u0131k bir saat i\u00e7inde g\u00fcncellenir, bu nedenle olduk\u00e7a h\u0131zl\u0131 bir \u015fekilde \u00f6\u011frenirsiniz, ancak an\u0131nda de\u011fil. Her say\u0131n\u0131n \u00e7\u0131k\u0131\u015f\u0131n\u0131 izlemeyeceksiniz, bu da baz\u0131lar\u0131 i\u00e7in \u00e7ok e\u011flenceli olabilir. Ancak yine de ilk \u00f6\u011frenenlerden biri olacaks\u0131n\u0131z, bu y\u00fczden canl\u0131 \u00e7ekili\u015fi ka\u00e7\u0131r\u0131rsan\u0131z bile bu harika bir yoldur.<\/p>\n<p>Numaralar\u0131n\u0131z\u0131 bir makinede de kontrol edebilirsiniz. Loto satan herhangi bir yer, kazanan olup olmad\u0131\u011f\u0131n\u0131z\u0131 g\u00f6rmek i\u00e7in biletinizi tarayabilir. Bu, size kazanan numaralar\u0131 tam olarak vermeyecektir (yine de bu yerler kazanan numaralar\u0131 yazd\u0131rabilir). Ancak bir \u015fey kazan\u0131p kazanmad\u0131\u011f\u0131n\u0131z\u0131 size bildirecektir. Bu makinelerin baz\u0131lar\u0131n\u0131 kendiniz tarayabilirken, baz\u0131lar\u0131 da tezgah\u0131n arkas\u0131nda olacak ve sizin i\u00e7in ba\u015fkas\u0131n\u0131n ilgilenmesini isteyeceksiniz.<\/p>\n<p>Son olarak, \u00e7ekili\u015ften sonraki g\u00fcn gazeteye bakabilirsiniz. Gazeteyi zaten ald\u0131ysan\u0131z veya kuponun sonucunu hemen \u00f6\u011frenmekle ilgilenmiyorsan\u0131z, ertesi sabah gazeteyi almay\u0131 bekleyebilirsiniz. Bu gazetelerde Powerball kazanan numaralar\u0131n\u0131n yan\u0131 s\u0131ra o g\u00fcn \u00e7ekilen di\u011fer t\u00fcm lotolar\u0131n kazanan numaralar\u0131 da yer alacakt\u0131r. Elbette bu, yerel ve ulusal loto anlam\u0131na geliyor, ancak d\u00fcnyan\u0131n di\u011fer b\u00f6lgelerinde oynanan ve sizin i\u00e7in tamamen yeni ve e\u011flenceli bir e\u011flence olabilecek oyunlar anlam\u0131na gelmiyor.<\/p>\n<h2>Powerball Numaralar\u0131n\u0131 Neden Bilmek \u0130stiyorsunuz?<\/h2>\n<p>Powerball oynad\u0131ysan\u0131z, say\u0131lar\u0131 bilmek istersiniz \u00e7\u00fcnk\u00fc kesinlikle kazan\u0131p kazanmad\u0131\u011f\u0131n\u0131z\u0131 bilmek istersiniz, de\u011fil mi? Hangi say\u0131lar\u0131n \u00e7\u0131kt\u0131\u011f\u0131n\u0131 g\u00f6rebilmek istersiniz, b\u00f6ylece sizinkinin uyumlu olup olmad\u0131\u011f\u0131n\u0131 veya en az\u0131ndan k\u00fc\u00e7\u00fck bir kazan\u00e7 elde etmek i\u00e7in yeterli say\u0131ya sahip olup olmad\u0131\u011f\u0131n\u0131z\u0131 anlayabilirsiniz. Sadece biraz oynayabilmek istersiniz, de\u011fil mi? Ve biraz kazan\u0131p tekrar oynayabilece\u011finizden emin olmak istersiniz. Elbette, say\u0131lar\u0131 bilmek istemenizin tek nedeni bu de\u011fil.<\/p>\n<p>Powerball&#8217;u nas\u0131l oynamay\u0131 sevdi\u011finize ba\u011fl\u0131 olarak, bir sonraki oynayaca\u011f\u0131n\u0131z say\u0131lar\u0131 belirlemek i\u00e7in say\u0131lar\u0131 bilmek isteyebilirsiniz. Stratejinizi belirleyebilmek i\u00e7in hangilerinin en \u00e7ok kazand\u0131rd\u0131\u011f\u0131n\u0131 kontrol etmek isteyebilirsiniz. Baz\u0131 insanlar i\u00e7in, s\u0131k s\u0131k \u00e7\u0131kan say\u0131lar\u0131 bilmek, bir dahaki sefere do\u011fru say\u0131lar\u0131 yakalaman\u0131n en iyi yoludur. Ancak ne kazanaca\u011f\u0131n\u0131z\u0131 asla bilemezsiniz.<\/p>\n<h2>Lotoya Ba\u015flamak<\/h2>\n<p>Tan\u0131d\u0131\u011f\u0131n\u0131z di\u011fer baz\u0131 ki\u015filer kadar lotoya merakl\u0131 de\u011filseniz, bu, ayn\u0131 \u015fekilde devam etmeniz gerekti\u011fi anlam\u0131na gelmez. Kesinlikle yeni oyunlara g\u00f6z atabilir veya daha \u00f6nce duydu\u011funuz, hatta izledi\u011finiz oyunlar\u0131 oynamaya ba\u015flayabilirsiniz. Daha yerel oyunlardan baz\u0131lar\u0131yla ilgileniyorsan\u0131z, Daily 3 ve 4, Lotto 47, Powerball ve Mega Millions gibi oyunlar var. Bu oyunlar farkl\u0131 b\u00f6lgelerde ve genel olarak Amerika Birle\u015fik Devletleri&#8217;nde bulunmaktad\u0131r. Ancak piyasada daha bir\u00e7ok oyun var.<\/p>\n<p>Super Enalotto&#8217;yu duydunuz mu? Peki ya Euro Jackpot? Ya da La Primitiva? Bunlar\u0131n hepsi \u015fu anda farkl\u0131 \u00fclkelerde oynanan b\u00fcy\u00fck loto oyunlar\u0131. Ve kesinlikle oynayabilece\u011finiz, ancak varl\u0131\u011f\u0131ndan bile haberdar olmad\u0131\u011f\u0131n\u0131z oyunlar. Bu, oynayabilece\u011finiz oyunlar\u0131 oynamad\u0131\u011f\u0131n\u0131z i\u00e7in harika bir \u00f6d\u00fcl (veya herhangi bir \u00f6d\u00fcl) kazanma \u015fans\u0131n\u0131 ka\u00e7\u0131rd\u0131\u011f\u0131n\u0131z anlam\u0131na geliyor. Tabii ki bu, piyasadaki her oyunu oynaman\u0131z gerekti\u011fi anlam\u0131na gelmiyor. Ancak, ne istedi\u011finizi g\u00f6rmek i\u00e7in en az\u0131ndan birka\u00e7 oyuna mutlaka g\u00f6z atmal\u0131s\u0131n\u0131z.r favorileri.<\/p>\n<p>\u00c7evrimi\u00e7i loto oynamaya gelince, se\u00e7eneklerinizin ne oldu\u011funu g\u00f6r\u00fcnce \u015fa\u015f\u0131rabilirsiniz. Oynaman\u0131n bir\u00e7ok farkl\u0131 yolu ve farkl\u0131 lokasyonlar\u0131 var. Baz\u0131 oyunlar daha k\u00fc\u00e7\u00fck olabilir, bu da b\u00fcy\u00fck bir \u00f6d\u00fcl kazanma \u015fans\u0131n\u0131z\u0131n olmayabilece\u011fi anlam\u0131na gelir. Ancak bu oyunlar size daha y\u00fcksek kazanma \u015fans\u0131 sunar. Di\u011fer oyunlar d\u00fc\u015f\u00fcnd\u00fc\u011f\u00fcn\u00fczden daha b\u00fcy\u00fck olabilir ve bu da ger\u00e7ekten iyi bir \u015fey kazanma \u015fans\u0131n\u0131z olabilece\u011fi anlam\u0131na gelir. Ancak oynam\u0131yorsan\u0131z kesinlikle kazanamazs\u0131n\u0131z ve as\u0131l e\u011flence burada ba\u015flar.<\/p>\n<h2>\u00c7evrimi\u00e7i Loto Nas\u0131l Oynan\u0131r<\/h2>\n<p><img loading=\"lazy\" decoding=\"async\" src=\"images\/jackpot_online.jpg\" alt=\"Powerball say\u0131 denetleyicisi\" width=\"200\" height=\"200\" style=\"margin: 1px; float: right;\" \/>\u00c7evrimi\u00e7i loto oynaman\u0131n yollar\u0131n\u0131 ar\u0131yorsan\u0131z <a href=\"https:\/\/redfoxlotto.com\/?ref=A8564250A2&#038;medium=pwrb\" target=\"_blank\" rel=\"noopener noreferrer\"><span style=\"text-decoration: underline;\">RedFoxLotto.com&#8217;a g\u00f6z atmal\u0131s\u0131n\u0131z<\/span><\/a>. Bu web sitesi, d\u00fcnya genelinde loto d\u00fcnyas\u0131nda neler olup bitti\u011fini g\u00f6rme ve baz\u0131 oyunlara g\u00f6z atma f\u0131rsat\u0131 sunar. Ayr\u0131ca ikramiyelerin ne oldu\u011funu da g\u00f6rebileceksiniz, b\u00f6ylece neye bula\u015ft\u0131\u011f\u0131n\u0131z\u0131 bileceksiniz. \u0130kramiyenin hangi para biriminde listelendi\u011fini akl\u0131n\u0131zda bulundurun ve hangi oyunlar\u0131 denemek isteyebilece\u011finizi g\u00f6r\u00fcn. Ne kazanabilece\u011finizi asla bilemezsiniz.<\/p>\n<p>Ger\u00e7ekten e\u011flenceli olan \u015fey, \u00e7evrimi\u00e7i loto oynaman\u0131n size \u00e7ok daha fazla se\u00e7enek sunmas\u0131d\u0131r. RedFoxLotto sitesine g\u00f6z atabilir, hangi oyunlar\u0131 oynamak istedi\u011finize karar verebilir ve ard\u0131ndan biletlerinizi se\u00e7ebilirsiniz. Mega Millions ve Powerball gibi oyunlar bile burada mevcut, yani oynamaya karar verdi\u011finizde hi\u00e7bir yere gitmenize gerek yok. Bilgisayar\u0131n\u0131z\u0131n ba\u015f\u0131na oturup istedi\u011finiz biletleri se\u00e7ebilir ve istedi\u011finiz kadar oyun i\u00e7in ihtiyac\u0131n\u0131z olan her \u015feyi alabilirsiniz. Bu kesinlikle i\u015finizi kolayla\u015ft\u0131racak ve \u00e7ok daha e\u011flenceli hale getirecek, sizce de \u00f6yle de\u011fil mi?<\/p>\n<h2>\u00d6zet<\/h2>\n<p>Sonu\u00e7 olarak, Powerball numaralar\u0131n\u0131 kontrol etmek istiyorsan\u0131z, d\u00fc\u015f\u00fcnd\u00fc\u011f\u00fcn\u00fczden \u00e7ok daha fazla se\u00e7ene\u011finiz var. Her \u015fey, numaralar\u0131 hemen \u00f6\u011frenmek mi yoksa bulmak i\u00e7in biraz daha beklemek mi istedi\u011finize ba\u011fl\u0131. Hemen \u00f6\u011frenmek istiyorsan\u0131z, canl\u0131 \u00e7ekili\u015fi tercih edebilir veya numaralar\u0131 \u00e7ekilir \u00e7ekilmez veren bir web sitesine g\u00f6z atabilirsiniz. \u00d6te yandan, daha sonra say\u0131lara bak\u0131yorsan\u0131z veya \u00e7ok endi\u015felenmiyorsan\u0131z, ertesi g\u00fcn gazeteye veya f\u0131rsat buldu\u011funuzda bir makineye bakmak i\u015fe yarayabilir.<\/p>\n<p>Powerball say\u0131lar\u0131n\u0131 kontrol etme zaman\u0131 geldi\u011finde, tam olarak nereye gidece\u011finizi bildi\u011finizden emin olmak istersiniz ve bu da \u00f6nceden bir stratejiye ihtiyac\u0131n\u0131z oldu\u011fu anlam\u0131na gelir. Sadece kazand\u0131\u011f\u0131n\u0131zda ilk \u00f6\u011frenen siz oldu\u011funuzdan emin olun.<\/p>\n","protected":false},"excerpt":{"rendered":"<p>Powerball numaralar\u0131n\u0131z\u0131n kazan\u0131p kazanmad\u0131\u011f\u0131n\u0131 nas\u0131l \u00f6\u011frenebilirsiniz? Powerball numaralar\u0131n\u0131 h\u0131zl\u0131 ve kolay bir \u015fekilde kontrol etmenin bir yolunu mu ar\u0131yorsunuz? \u00d6yleyse, kesinlikle do\u011fru yerdesiniz \u00e7\u00fcnk\u00fc as\u0131l mesele bu. Do\u011fru numaralara hemen sahip oldu\u011funuzdan ve kazanc\u0131n\u0131z\u0131n tad\u0131n\u0131 \u00e7\u0131karabildi\u011finizden (veya ba\u015fka bir bilet i\u00e7in ma\u011fazaya gitti\u011finizden) emin olmak istiyorsunuz. Peki numaralar\u0131 nas\u0131l kontrol edecek ve sonu\u00e7lar\u0131 nas\u0131l \u00f6\u011freneceksiniz? &hellip; <\/p>\n<p class=\"link-more\"><a href=\"https:\/\/powerballticketonline.com\/tr\/powerball-numaralarini-kontrol-edin\/\" class=\"more-link\"><span class=\"screen-reader-text\"> &#8220;Powerball Numaralar\u0131n\u0131 Kontrol Edin&#8221;<\/span>devam\u0131n\u0131 oku<\/a><\/p>\n","protected":false},"author":1,"featured_media":0,"parent":0,"menu_order":0,"comment_status":"closed","ping_status":"closed","template":"","meta":{"footnotes":""},"class_list":["post-86","page","type-page","status-publish","hentry"],"yoast_head":"<!-- This site is optimized with the Yoast SEO plugin v27.3 - https:\/\/yoast.com\/product\/yoast-seo-wordpress\/ -->\n<title>Powerball Numaralar\u0131n\u0131 Kontrol Edin -<\/title>\n<meta name=\"robots\" content=\"index, follow, max-snippet:-1, max-image-preview:large, max-video-preview:-1\" \/>\n<link rel=\"canonical\" href=\"https:\/\/powerballticketonline.com\/tr\/powerball-numaralarini-kontrol-edin\/\" \/>\n<meta property=\"og:locale\" content=\"tr_TR\" \/>\n<meta property=\"og:type\" content=\"article\" \/>\n<meta property=\"og:title\" content=\"Powerball Numaralar\u0131n\u0131 Kontrol Edin -\" \/>\n<meta property=\"og:description\" content=\"Powerball numaralar\u0131n\u0131z\u0131n kazan\u0131p kazanmad\u0131\u011f\u0131n\u0131 nas\u0131l \u00f6\u011frenebilirsiniz? Powerball numaralar\u0131n\u0131 h\u0131zl\u0131 ve kolay bir \u015fekilde kontrol etmenin bir yolunu mu ar\u0131yorsunuz? \u00d6yleyse, kesinlikle do\u011fru yerdesiniz \u00e7\u00fcnk\u00fc as\u0131l mesele bu. Do\u011fru numaralara hemen sahip oldu\u011funuzdan ve kazanc\u0131n\u0131z\u0131n tad\u0131n\u0131 \u00e7\u0131karabildi\u011finizden (veya ba\u015fka bir bilet i\u00e7in ma\u011fazaya gitti\u011finizden) emin olmak istiyorsunuz. Peki numaralar\u0131 nas\u0131l kontrol edecek ve sonu\u00e7lar\u0131 nas\u0131l \u00f6\u011freneceksiniz? &hellip; &quot;Powerball Numaralar\u0131n\u0131 Kontrol Edin&quot;devam\u0131n\u0131 oku\" \/>\n<meta property=\"og:url\" content=\"https:\/\/powerballticketonline.com\/tr\/powerball-numaralarini-kontrol-edin\/\" \/>\n<meta name=\"twitter:card\" content=\"summary_large_image\" \/>\n<meta name=\"twitter:label1\" content=\"Tahmini okuma s\u00fcresi\" \/>\n\t<meta name=\"twitter:data1\" content=\"6 dakika\" \/>\n<script type=\"application\/ld+json\" class=\"yoast-schema-graph\">{\"@context\":\"https:\\\/\\\/schema.org\",\"@graph\":[{\"@type\":\"WebPage\",\"@id\":\"https:\\\/\\\/powerballticketonline.com\\\/tr\\\/powerball-numaralarini-kontrol-edin\\\/\",\"url\":\"https:\\\/\\\/powerballticketonline.com\\\/tr\\\/powerball-numaralarini-kontrol-edin\\\/\",\"name\":\"Powerball Numaralar\u0131n\u0131 Kontrol Edin -\",\"isPartOf\":{\"@id\":\"https:\\\/\\\/powerballticketonline.com\\\/tr\\\/#website\"},\"datePublished\":\"2025-08-04T10:29:33+00:00\",\"breadcrumb\":{\"@id\":\"https:\\\/\\\/powerballticketonline.com\\\/tr\\\/powerball-numaralarini-kontrol-edin\\\/#breadcrumb\"},\"inLanguage\":\"tr\",\"potentialAction\":[{\"@type\":\"ReadAction\",\"target\":[\"https:\\\/\\\/powerballticketonline.com\\\/tr\\\/powerball-numaralarini-kontrol-edin\\\/\"]}]},{\"@type\":\"BreadcrumbList\",\"@id\":\"https:\\\/\\\/powerballticketonline.com\\\/tr\\\/powerball-numaralarini-kontrol-edin\\\/#breadcrumb\",\"itemListElement\":[{\"@type\":\"ListItem\",\"position\":1,\"name\":\"Home\",\"item\":\"https:\\\/\\\/powerballticketonline.com\\\/tr\\\/\"},{\"@type\":\"ListItem\",\"position\":2,\"name\":\"Powerball Numaralar\u0131n\u0131 Kontrol Edin\"}]},{\"@type\":\"WebSite\",\"@id\":\"https:\\\/\\\/powerballticketonline.com\\\/tr\\\/#website\",\"url\":\"https:\\\/\\\/powerballticketonline.com\\\/tr\\\/\",\"name\":\"\",\"description\":\"\",\"potentialAction\":[{\"@type\":\"SearchAction\",\"target\":{\"@type\":\"EntryPoint\",\"urlTemplate\":\"https:\\\/\\\/powerballticketonline.com\\\/tr\\\/?s={search_term_string}\"},\"query-input\":{\"@type\":\"PropertyValueSpecification\",\"valueRequired\":true,\"valueName\":\"search_term_string\"}}],\"inLanguage\":\"tr\"}]}<\/script>\n<!-- \/ Yoast SEO plugin. -->","yoast_head_json":{"title":"Powerball Numaralar\u0131n\u0131 Kontrol Edin -","robots":{"index":"index","follow":"follow","max-snippet":"max-snippet:-1","max-image-preview":"max-image-preview:large","max-video-preview":"max-video-preview:-1"},"canonical":"https:\/\/powerballticketonline.com\/tr\/powerball-numaralarini-kontrol-edin\/","og_locale":"tr_TR","og_type":"article","og_title":"Powerball Numaralar\u0131n\u0131 Kontrol Edin -","og_description":"Powerball numaralar\u0131n\u0131z\u0131n kazan\u0131p kazanmad\u0131\u011f\u0131n\u0131 nas\u0131l \u00f6\u011frenebilirsiniz? Powerball numaralar\u0131n\u0131 h\u0131zl\u0131 ve kolay bir \u015fekilde kontrol etmenin bir yolunu mu ar\u0131yorsunuz? \u00d6yleyse, kesinlikle do\u011fru yerdesiniz \u00e7\u00fcnk\u00fc as\u0131l mesele bu. Do\u011fru numaralara hemen sahip oldu\u011funuzdan ve kazanc\u0131n\u0131z\u0131n tad\u0131n\u0131 \u00e7\u0131karabildi\u011finizden (veya ba\u015fka bir bilet i\u00e7in ma\u011fazaya gitti\u011finizden) emin olmak istiyorsunuz. Peki numaralar\u0131 nas\u0131l kontrol edecek ve sonu\u00e7lar\u0131 nas\u0131l \u00f6\u011freneceksiniz? &hellip; \"Powerball Numaralar\u0131n\u0131 Kontrol Edin\"devam\u0131n\u0131 oku","og_url":"https:\/\/powerballticketonline.com\/tr\/powerball-numaralarini-kontrol-edin\/","twitter_card":"summary_large_image","twitter_misc":{"Tahmini okuma s\u00fcresi":"6 dakika"},"schema":{"@context":"https:\/\/schema.org","@graph":[{"@type":"WebPage","@id":"https:\/\/powerballticketonline.com\/tr\/powerball-numaralarini-kontrol-edin\/","url":"https:\/\/powerballticketonline.com\/tr\/powerball-numaralarini-kontrol-edin\/","name":"Powerball Numaralar\u0131n\u0131 Kontrol Edin -","isPartOf":{"@id":"https:\/\/powerballticketonline.com\/tr\/#website"},"datePublished":"2025-08-04T10:29:33+00:00","breadcrumb":{"@id":"https:\/\/powerballticketonline.com\/tr\/powerball-numaralarini-kontrol-edin\/#breadcrumb"},"inLanguage":"tr","potentialAction":[{"@type":"ReadAction","target":["https:\/\/powerballticketonline.com\/tr\/powerball-numaralarini-kontrol-edin\/"]}]},{"@type":"BreadcrumbList","@id":"https:\/\/powerballticketonline.com\/tr\/powerball-numaralarini-kontrol-edin\/#breadcrumb","itemListElement":[{"@type":"ListItem","position":1,"name":"Home","item":"https:\/\/powerballticketonline.com\/tr\/"},{"@type":"ListItem","position":2,"name":"Powerball Numaralar\u0131n\u0131 Kontrol Edin"}]},{"@type":"WebSite","@id":"https:\/\/powerballticketonline.com\/tr\/#website","url":"https:\/\/powerballticketonline.com\/tr\/","name":"","description":"","potentialAction":[{"@type":"SearchAction","target":{"@type":"EntryPoint","urlTemplate":"https:\/\/powerballticketonline.com\/tr\/?s={search_term_string}"},"query-input":{"@type":"PropertyValueSpecification","valueRequired":true,"valueName":"search_term_string"}}],"inLanguage":"tr"}]}},"_links":{"self":[{"href":"https:\/\/powerballticketonline.com\/tr\/wp-json\/wp\/v2\/pages\/86","targetHints":{"allow":["GET"]}}],"collection":[{"href":"https:\/\/powerballticketonline.com\/tr\/wp-json\/wp\/v2\/pages"}],"about":[{"href":"https:\/\/powerballticketonline.com\/tr\/wp-json\/wp\/v2\/types\/page"}],"author":[{"embeddable":true,"href":"https:\/\/powerballticketonline.com\/tr\/wp-json\/wp\/v2\/users\/1"}],"replies":[{"embeddable":true,"href":"https:\/\/powerballticketonline.com\/tr\/wp-json\/wp\/v2\/comments?post=86"}],"version-history":[{"count":0,"href":"https:\/\/powerballticketonline.com\/tr\/wp-json\/wp\/v2\/pages\/86\/revisions"}],"wp:attachment":[{"href":"https:\/\/powerballticketonline.com\/tr\/wp-json\/wp\/v2\/media?parent=86"}],"curies":[{"name":"wp","href":"https:\/\/api.w.org\/{rel}","templated":true}]}}