{"id":88,"date":"2025-08-04T10:30:36","date_gmt":"2025-08-04T10:30:36","guid":{"rendered":"https:\/\/powerballticketonline.com\/powerball-numaralarini-kontrol-edin\/the-best-powerball-lottery-numbers-today\/"},"modified":"2025-08-04T10:30:36","modified_gmt":"2025-08-04T10:30:36","slug":"the-best-powerball-lottery-numbers-today","status":"publish","type":"page","link":"https:\/\/powerballticketonline.com\/tr\/powerball-numaralarini-kontrol-edin\/the-best-powerball-lottery-numbers-today\/","title":{"rendered":"The Best Powerball Lottery Numbers Today"},"content":{"rendered":"<h1>Bug\u00fcn\u00fcn En \u0130yi Powerball Piyango Numaralar\u0131: En \u015eansl\u0131 Kazanan Numaralar<\/h1>\n<p><a href=\"https:\/\/redfoxlotto.com\/play\/\">Oynamak<\/a> i\u00e7in tek bir &#8220;en iyi&#8221; Powerball piyango numaras\u0131 seti yoktur. Powerball b\u00fcy\u00fck ikramiyesini kazanma olas\u0131l\u0131\u011f\u0131 292.201.338&#8217;de 1&#8217;dir, yani se\u00e7ti\u011finiz herhangi bir say\u0131 setinin \u00e7\u0131kma \u015fans\u0131 e\u015fittir. Bununla birlikte, kazanan numaralar\u0131 se\u00e7menin kesin bir yolu olmasa da, son y\u0131llarda en s\u0131k \u00e7ekilen kazanan numaralara g\u00f6z atmakta fayda var. Sanki \u015fans\u0131n\u0131z\u0131 denemek i\u00e7in! Sonu\u00e7ta, her \u015fey <a href=\"https:\/\/gambling6.com\">kumar<\/a> ile ilgili!<\/p>\n<p>Bu say\u0131lar (beyaz toplar) son 7 y\u0131lda en \u00e7ok \u00e7ekilen say\u0131lard\u0131r.<\/p>\n<p>14 \u2014 46 kez \u00e7ekildi.<br \/>21 \u2014 46 kez \u00e7ekildi.<br \/>3 \u2014 48 kez \u00e7ekildi.<br \/>64 \u2014 49 kez \u00e7ekildi.<br \/>53 \u2014 50 kez \u00e7ekildi.<br \/>69 \u2014 50 kez \u00e7ekildi.<br \/>61 \u2014 51 kez \u00e7ekildi.<br \/>32 \u2014 56 kez \u00e7ekildi.<br \/>23 \u2014 58 kez \u00e7ekildi.<br \/>27 \u2014 46 kez \u00e7ekildi.<br \/>62 \u2014 46 kez \u00e7ekildi.<br \/>12, 28, 41, 56, 59 ve 63 \u2013 45 kez \u00e7ekildi<\/p>\n<p>Peki ya k\u0131rm\u0131z\u0131 say\u0131lar? Bu k\u0131rm\u0131z\u0131 say\u0131lar son 7 y\u0131lda en s\u0131k \u00e7ekildi.<\/p>\n<p>18 \u2014 29 kez \u00e7ekildi.<br \/>21 \u2014 28 kez \u00e7ekildi.<br \/>13 \u2014 27 kez \u00e7ekildi.<br \/>3 \u2014 24 kez \u00e7ekildi.<br \/>6 \u2014 24 kez \u00e7ekildi.<br \/>4 \u2014 23 kez \u00e7ekildi.<br \/>24 \u2014 30 kez \u00e7ekildi.<br \/>8 \u2014 21 kez \u00e7ekildi.<br \/>20 \u2014 21 kez \u00e7ekildi.<br \/>9, 10, 19, 25, 26 \u2014 her biri 22 kez \u00e7ekildi.<br \/>2, 11, 14 \u2014 her biri 20 kez \u00e7ekildi.<\/p>\n<p>&nbsp;<\/p>\n<p>Ge\u00e7mi\u015fte kazanan bu say\u0131larla, kazanma \u015fans\u0131n\u0131z y\u00fcksek. Powerball piyangosu. Powerball biletlerinizi bug\u00fcn <a href=\"https:\/\/redfoxlotto.com\/\">Redfoxlotto<\/a> adresinden sat\u0131n al\u0131n ve bol \u015fans!<\/p>\n","protected":false},"excerpt":{"rendered":"<p>Bug\u00fcn\u00fcn En \u0130yi Powerball Piyango Numaralar\u0131: En \u015eansl\u0131 Kazanan Numaralar Oynamak i\u00e7in tek bir &#8220;en iyi&#8221; Powerball piyango numaras\u0131 seti yoktur. Powerball b\u00fcy\u00fck ikramiyesini kazanma olas\u0131l\u0131\u011f\u0131 292.201.338&#8217;de 1&#8217;dir, yani se\u00e7ti\u011finiz herhangi bir say\u0131 setinin \u00e7\u0131kma \u015fans\u0131 e\u015fittir. Bununla birlikte, kazanan numaralar\u0131 se\u00e7menin kesin bir yolu olmasa da, son y\u0131llarda en s\u0131k \u00e7ekilen kazanan numaralara g\u00f6z &hellip; <\/p>\n<p class=\"link-more\"><a href=\"https:\/\/powerballticketonline.com\/tr\/powerball-numaralarini-kontrol-edin\/the-best-powerball-lottery-numbers-today\/\" class=\"more-link\"><span class=\"screen-reader-text\"> &#8220;The Best Powerball Lottery Numbers Today&#8221;<\/span>devam\u0131n\u0131 oku<\/a><\/p>\n","protected":false},"author":1,"featured_media":0,"parent":86,"menu_order":0,"comment_status":"closed","ping_status":"closed","template":"","meta":{"footnotes":""},"class_list":["post-88","page","type-page","status-publish","hentry"],"yoast_head":"<!-- This site is optimized with the Yoast SEO plugin v27.3 - https:\/\/yoast.com\/product\/yoast-seo-wordpress\/ -->\n<title>The Best Powerball Lottery Numbers Today -<\/title>\n<meta name=\"robots\" content=\"index, follow, max-snippet:-1, max-image-preview:large, max-video-preview:-1\" \/>\n<link rel=\"canonical\" href=\"https:\/\/powerballticketonline.com\/tr\/powerball-numaralarini-kontrol-edin\/the-best-powerball-lottery-numbers-today\/\" \/>\n<meta property=\"og:locale\" content=\"tr_TR\" \/>\n<meta property=\"og:type\" content=\"article\" \/>\n<meta property=\"og:title\" content=\"The Best Powerball Lottery Numbers Today -\" \/>\n<meta property=\"og:description\" content=\"Bug\u00fcn\u00fcn En \u0130yi Powerball Piyango Numaralar\u0131: En \u015eansl\u0131 Kazanan Numaralar Oynamak i\u00e7in tek bir &#8220;en iyi&#8221; Powerball piyango numaras\u0131 seti yoktur. Powerball b\u00fcy\u00fck ikramiyesini kazanma olas\u0131l\u0131\u011f\u0131 292.201.338&#8217;de 1&#8217;dir, yani se\u00e7ti\u011finiz herhangi bir say\u0131 setinin \u00e7\u0131kma \u015fans\u0131 e\u015fittir. Bununla birlikte, kazanan numaralar\u0131 se\u00e7menin kesin bir yolu olmasa da, son y\u0131llarda en s\u0131k \u00e7ekilen kazanan numaralara g\u00f6z &hellip; &quot;The Best Powerball Lottery Numbers Today&quot;devam\u0131n\u0131 oku\" \/>\n<meta property=\"og:url\" content=\"https:\/\/powerballticketonline.com\/tr\/powerball-numaralarini-kontrol-edin\/the-best-powerball-lottery-numbers-today\/\" \/>\n<meta name=\"twitter:card\" content=\"summary_large_image\" \/>\n<meta name=\"twitter:label1\" content=\"Tahmini okuma s\u00fcresi\" \/>\n\t<meta name=\"twitter:data1\" content=\"1 dakika\" \/>\n<script type=\"application\/ld+json\" class=\"yoast-schema-graph\">{\"@context\":\"https:\\\/\\\/schema.org\",\"@graph\":[{\"@type\":\"WebPage\",\"@id\":\"https:\\\/\\\/powerballticketonline.com\\\/tr\\\/powerball-numaralarini-kontrol-edin\\\/the-best-powerball-lottery-numbers-today\\\/\",\"url\":\"https:\\\/\\\/powerballticketonline.com\\\/tr\\\/powerball-numaralarini-kontrol-edin\\\/the-best-powerball-lottery-numbers-today\\\/\",\"name\":\"The Best Powerball Lottery Numbers Today -\",\"isPartOf\":{\"@id\":\"https:\\\/\\\/powerballticketonline.com\\\/tr\\\/#website\"},\"datePublished\":\"2025-08-04T10:30:36+00:00\",\"breadcrumb\":{\"@id\":\"https:\\\/\\\/powerballticketonline.com\\\/tr\\\/powerball-numaralarini-kontrol-edin\\\/the-best-powerball-lottery-numbers-today\\\/#breadcrumb\"},\"inLanguage\":\"tr\",\"potentialAction\":[{\"@type\":\"ReadAction\",\"target\":[\"https:\\\/\\\/powerballticketonline.com\\\/tr\\\/powerball-numaralarini-kontrol-edin\\\/the-best-powerball-lottery-numbers-today\\\/\"]}]},{\"@type\":\"BreadcrumbList\",\"@id\":\"https:\\\/\\\/powerballticketonline.com\\\/tr\\\/powerball-numaralarini-kontrol-edin\\\/the-best-powerball-lottery-numbers-today\\\/#breadcrumb\",\"itemListElement\":[{\"@type\":\"ListItem\",\"position\":1,\"name\":\"Home\",\"item\":\"https:\\\/\\\/powerballticketonline.com\\\/tr\\\/\"},{\"@type\":\"ListItem\",\"position\":2,\"name\":\"Powerball Numaralar\u0131n\u0131 Kontrol Edin\",\"item\":\"https:\\\/\\\/powerballticketonline.com\\\/tr\\\/check-powerball-numbers\\\/\"},{\"@type\":\"ListItem\",\"position\":3,\"name\":\"The Best Powerball Lottery Numbers Today\"}]},{\"@type\":\"WebSite\",\"@id\":\"https:\\\/\\\/powerballticketonline.com\\\/tr\\\/#website\",\"url\":\"https:\\\/\\\/powerballticketonline.com\\\/tr\\\/\",\"name\":\"\",\"description\":\"\",\"potentialAction\":[{\"@type\":\"SearchAction\",\"target\":{\"@type\":\"EntryPoint\",\"urlTemplate\":\"https:\\\/\\\/powerballticketonline.com\\\/tr\\\/?s={search_term_string}\"},\"query-input\":{\"@type\":\"PropertyValueSpecification\",\"valueRequired\":true,\"valueName\":\"search_term_string\"}}],\"inLanguage\":\"tr\"}]}<\/script>\n<!-- \/ Yoast SEO plugin. -->","yoast_head_json":{"title":"The Best Powerball Lottery Numbers Today -","robots":{"index":"index","follow":"follow","max-snippet":"max-snippet:-1","max-image-preview":"max-image-preview:large","max-video-preview":"max-video-preview:-1"},"canonical":"https:\/\/powerballticketonline.com\/tr\/powerball-numaralarini-kontrol-edin\/the-best-powerball-lottery-numbers-today\/","og_locale":"tr_TR","og_type":"article","og_title":"The Best Powerball Lottery Numbers Today -","og_description":"Bug\u00fcn\u00fcn En \u0130yi Powerball Piyango Numaralar\u0131: En \u015eansl\u0131 Kazanan Numaralar Oynamak i\u00e7in tek bir &#8220;en iyi&#8221; Powerball piyango numaras\u0131 seti yoktur. Powerball b\u00fcy\u00fck ikramiyesini kazanma olas\u0131l\u0131\u011f\u0131 292.201.338&#8217;de 1&#8217;dir, yani se\u00e7ti\u011finiz herhangi bir say\u0131 setinin \u00e7\u0131kma \u015fans\u0131 e\u015fittir. Bununla birlikte, kazanan numaralar\u0131 se\u00e7menin kesin bir yolu olmasa da, son y\u0131llarda en s\u0131k \u00e7ekilen kazanan numaralara g\u00f6z &hellip; \"The Best Powerball Lottery Numbers Today\"devam\u0131n\u0131 oku","og_url":"https:\/\/powerballticketonline.com\/tr\/powerball-numaralarini-kontrol-edin\/the-best-powerball-lottery-numbers-today\/","twitter_card":"summary_large_image","twitter_misc":{"Tahmini okuma s\u00fcresi":"1 dakika"},"schema":{"@context":"https:\/\/schema.org","@graph":[{"@type":"WebPage","@id":"https:\/\/powerballticketonline.com\/tr\/powerball-numaralarini-kontrol-edin\/the-best-powerball-lottery-numbers-today\/","url":"https:\/\/powerballticketonline.com\/tr\/powerball-numaralarini-kontrol-edin\/the-best-powerball-lottery-numbers-today\/","name":"The Best Powerball Lottery Numbers Today -","isPartOf":{"@id":"https:\/\/powerballticketonline.com\/tr\/#website"},"datePublished":"2025-08-04T10:30:36+00:00","breadcrumb":{"@id":"https:\/\/powerballticketonline.com\/tr\/powerball-numaralarini-kontrol-edin\/the-best-powerball-lottery-numbers-today\/#breadcrumb"},"inLanguage":"tr","potentialAction":[{"@type":"ReadAction","target":["https:\/\/powerballticketonline.com\/tr\/powerball-numaralarini-kontrol-edin\/the-best-powerball-lottery-numbers-today\/"]}]},{"@type":"BreadcrumbList","@id":"https:\/\/powerballticketonline.com\/tr\/powerball-numaralarini-kontrol-edin\/the-best-powerball-lottery-numbers-today\/#breadcrumb","itemListElement":[{"@type":"ListItem","position":1,"name":"Home","item":"https:\/\/powerballticketonline.com\/tr\/"},{"@type":"ListItem","position":2,"name":"Powerball Numaralar\u0131n\u0131 Kontrol Edin","item":"https:\/\/powerballticketonline.com\/tr\/check-powerball-numbers\/"},{"@type":"ListItem","position":3,"name":"The Best Powerball Lottery Numbers Today"}]},{"@type":"WebSite","@id":"https:\/\/powerballticketonline.com\/tr\/#website","url":"https:\/\/powerballticketonline.com\/tr\/","name":"","description":"","potentialAction":[{"@type":"SearchAction","target":{"@type":"EntryPoint","urlTemplate":"https:\/\/powerballticketonline.com\/tr\/?s={search_term_string}"},"query-input":{"@type":"PropertyValueSpecification","valueRequired":true,"valueName":"search_term_string"}}],"inLanguage":"tr"}]}},"_links":{"self":[{"href":"https:\/\/powerballticketonline.com\/tr\/wp-json\/wp\/v2\/pages\/88","targetHints":{"allow":["GET"]}}],"collection":[{"href":"https:\/\/powerballticketonline.com\/tr\/wp-json\/wp\/v2\/pages"}],"about":[{"href":"https:\/\/powerballticketonline.com\/tr\/wp-json\/wp\/v2\/types\/page"}],"author":[{"embeddable":true,"href":"https:\/\/powerballticketonline.com\/tr\/wp-json\/wp\/v2\/users\/1"}],"replies":[{"embeddable":true,"href":"https:\/\/powerballticketonline.com\/tr\/wp-json\/wp\/v2\/comments?post=88"}],"version-history":[{"count":0,"href":"https:\/\/powerballticketonline.com\/tr\/wp-json\/wp\/v2\/pages\/88\/revisions"}],"up":[{"embeddable":true,"href":"https:\/\/powerballticketonline.com\/tr\/wp-json\/wp\/v2\/pages\/86"}],"wp:attachment":[{"href":"https:\/\/powerballticketonline.com\/tr\/wp-json\/wp\/v2\/media?parent=88"}],"curies":[{"name":"wp","href":"https:\/\/api.w.org\/{rel}","templated":true}]}}