{"id":90,"date":"2025-08-02T15:41:33","date_gmt":"2025-08-02T15:41:33","guid":{"rendered":"https:\/\/powerballticketonline.com\/ev\/"},"modified":"2025-08-27T07:04:20","modified_gmt":"2025-08-27T07:04:20","slug":"ev","status":"publish","type":"page","link":"https:\/\/powerballticketonline.com\/tr\/","title":{"rendered":"Ev"},"content":{"rendered":"<p>h2>Powerball Biletlerini \u00c7evrimi\u00e7i Nas\u0131l Sat\u0131n Alabilirsiniz?<\/h2>\n<p>PowerBall, 140 dolardan 300 milyon dolara kadar b\u00fcy\u00fck ikramiye \u00f6d\u00fclleri ve y\u00fcksek \u00f6demeler sunan son derece pop\u00fcler bir piyango oyunudur! 2012 y\u0131l\u0131nda PowerBall B\u00fcy\u00fck \u0130kramiyesini kazanan 7 ki\u015fi var. En d\u00fc\u015f\u00fck ikramiye 60 milyon dolar, en y\u00fcksek ikramiye ise 337 milyon ABD dolar\u0131yd\u0131! Bu ki\u015fi siz olabilirsiniz, milyonlarca dolara ula\u015fmak i\u00e7in yapman\u0131z gereken tek \u015fey <strong>\u00e7evrimi\u00e7i bir PowerBall bileti sat\u0131n almak<\/strong>.<\/p>\n<p><img loading=\"lazy\" decoding=\"async\" src=\"images\/powerball_lottery.gif\" alt=\"Powerball piyangosu\" width=\"250\" height=\"96\" style=\"margin: 1px; float: right;\" \/>Piyango ba\u015flang\u0131\u00e7ta ABD sakinleri i\u00e7in olu\u015fturulmu\u015f ve biletler yerel ma\u011fazalardan sat\u0131n al\u0131nabilse de, art\u0131k \u00e7evrimi\u00e7i olarak PowerBall bileti sat\u0131n almak m\u00fcmk\u00fcn! Bu, ister ABD&#8217;de ister Avustralya&#8217;da ya\u015f\u0131yor olun, <span style=\"text-decoration: underline;\"><a href=\"https:\/\/www.onlinelotto365.com\/usa\/powerball-lotto-online\" target=\"_blank\" rel=\"noopener noreferrer\">d\u00fcnyan\u0131n her yerinde PowerBall lotosu oynayabilece\u011finiz anlam\u0131na geliyor!&nbsp;<\/a><\/span><\/p>\n<p>RedFoxLotto taraf\u0131ndan sunulan \u00f6zel bir hizmet sayesinde PowerBall sat\u0131n almak ve kat\u0131lmak m\u00fcmk\u00fcnd\u00fcr. Bu, d\u00fcnya \u00e7ap\u0131nda y\u00fczlerce acentesi olan bir \u015firkettir ve onlar\u0131n yard\u0131m\u0131yla istedi\u011finiz herhangi bir piyangoyu sat\u0131n alabilirsiniz.<\/p>\n<p><strong>Piyango biletinizi almadan \u00f6nce yapman\u0131z gereken 4 kolay ad\u0131m vard\u0131r:<\/strong><\/p>\n<ol>\n<li>Sitemizdeki banner&#8217;a t\u0131klad\u0131ktan sonra kat\u0131lmak istedi\u011finiz piyangoyu -bu durumda PowerBall- se\u00e7in <span style=\"text-decoration: underline;\"><strong><a href=\"https:\/\/redfoxlotto.com\/?ref=A8564250A2&amp;medium=pwb\" target=\"_blank\" rel=\"noopener noreferrer\">veya buraya t\u0131klay\u0131n<\/a><\/strong><\/span><\/li>\n<li>RedFoxLotto&#8217;nun bir\u00e7ok yerel acentesinden biri sizin ad\u0131n\u0131za bir bilet sat\u0131n alacakt\u0131r<\/li>\n<li>Bilet daha sonra hesab\u0131n\u0131zda g\u00f6r\u00fcnecektir<\/li>\n<li>\u00c7ekili\u015f tamamland\u0131ktan ve kazanman\u0131z durumunda, nas\u0131l kazanaca\u011f\u0131n\u0131za dair bilgiler Kazan\u00e7lar\u0131n\u0131z\u0131 almak i\u00e7in size ba\u015fka bir e-posta g\u00f6nderilecektir.<\/li>\n<li>Asl\u0131nda 2500 \u20ac&#8217;nun alt\u0131ndaki t\u00fcm kazan\u00e7lar m\u00fc\u015fteri hesab\u0131n\u0131za aktar\u0131lacak ve daha y\u00fcksek ikramiyeler i\u00e7in RedFoxLotto \u00e7ekinizi alman\u0131za yard\u0131mc\u0131 olacakt\u0131r. Bu hizmet i\u00e7in ek \u00fccret al\u0131nmaz!<\/li>\n<\/ol>\n<p>Bu, d\u00fcnya \u00e7ap\u0131nda binlerce ki\u015fi taraf\u0131ndan kullan\u0131lan \u00f6zel bir hizmettir. B\u00fcy\u00fck ikramiyeyi kazanman\u0131z durumunda ne olaca\u011f\u0131n\u0131 d\u00fc\u015f\u00fcn\u00fcyorsan\u0131z, endi\u015felenmeyi b\u0131rak\u0131n. Bu \u015firket %100 sayg\u0131n ve me\u015fru olmas\u0131n\u0131n yan\u0131 s\u0131ra, bilette ad\u0131n\u0131z da yer ald\u0131\u011f\u0131 i\u00e7in hata veya doland\u0131r\u0131c\u0131l\u0131\u011fa yer yoktur.<\/p>\n<p>PowerBall piyangosu, bu hizmet arac\u0131l\u0131\u011f\u0131yla sat\u0131n al\u0131nabilen tek piyango de\u011fildir; ayr\u0131ca Euromillions biletleri sat\u0131n alabilir, El Gordo piyangosu ve Superenalotto&#8217;ya kat\u0131labilir ve bir\u00e7ok uluslararas\u0131 piyangoda oynayabilirsiniz. Sonu\u00e7 olarak, d\u00fcnyan\u0131n neresinde ya\u015farsan\u0131z ya\u015fay\u0131n, istedi\u011finiz zaman, istedi\u011finiz kadar yabanc\u0131 piyangolara kat\u0131labilirsiniz.<\/p>\n<h2>\u00c7ekili\u015fler<\/h2>\n<p>\u00c7ekili\u015fler haftada iki kez yap\u0131l\u0131r &#8211; her \u00c7ar\u015famba ve Cumartesi gecesi, Do\u011fu Saati ile 22:59&#8217;da. Biletler \u00e7ekili\u015fin son saatine kadar sat\u0131n al\u0131nabilir, yani sat\u0131\u015flar ba\u015flamadan 59 dakika \u00f6nce kapan\u0131r. \u00c7evrimi\u00e7i bilet sat\u0131n al\u0131m\u0131n\u0131z i\u00e7in, RedFoxLotto&#8217;nun Powerball bilet sipari\u015finizi i\u015fleme koymas\u0131 i\u00e7in en az 2 saatlik bir ara verin.<br \/>Kazananlar ve \u015fansl\u0131 numaralar, toplam 59 top i\u00e7eren bir tamburdan 5 beyaz top \u00e7ekilerek belirlenir. Ayr\u0131ca yeni bir \u00f6zellik daha var: 35 k\u0131rm\u0131z\u0131 toptan olu\u015fan farkl\u0131 bir tamburdan \u00e7ekilen bir k\u0131rm\u0131z\u0131 top.<\/p>\n<h2>Kazanma Yollar\u0131<\/h2>\n<p>PowerBall Piyangosu oynarken kazanman\u0131n 9 farkl\u0131 yolu vard\u0131r. Piyango biletiniz 5 beyaz top numaras\u0131n\u0131n ve PowerBall olarak da bilinen k\u0131rm\u0131z\u0131 topun tamam\u0131n\u0131 yakalarsa, ana \u00f6d\u00fcl olan b\u00fcy\u00fck ikramiye kazan\u0131l\u0131r. B\u00fcy\u00fck ikramiyeyi kazanman\u0131z durumunda, an\u0131nda \u00f6denen toplu bir miktar para se\u00e7ebilir veya 29 y\u0131l boyunca y\u0131ll\u0131k olarak tam ikramiyeyi alabilirsiniz. Bu uzun bir s\u00fcre gibi g\u00f6r\u00fcnse de, y\u0131lda yakla\u015f\u0131k 10 milyon dolar kazanman\u0131n sizin i\u00e7in sorun olmayaca\u011f\u0131ndan eminiz!<\/p>\n<p>PowerBall Piyangosu oynarken herhangi bir \u00f6d\u00fcl kazanma olas\u0131l\u0131\u011f\u0131 yakla\u015f\u0131k 32&#8217;de 1&#8217;dir. A\u015fa\u011f\u0131daki yollarla \u00f6d\u00fcl kazanabilirsiniz:<\/p>\n<ul>\n<li>5 Beyaz Top + PowerBall, Jackpot&#8217;u kazan\u0131r<\/li>\n<li>5 Beyaz Top, 1 Milyon Dolar Kazan\u0131r<\/li>\n<li>4 Beyaz Top + PowerBall, 10.000 Dolar Kazan\u0131r<\/li>\n<li>4 Beyaz Top, 100 Dolar Kazan\u0131r<\/li>\n<li>3 Beyaz Top + PowerBall, 100 Dolar Kazan\u0131r<\/li>\n<li>3 Beyaz Top, 7 Dolar Kazan\u0131r<\/li>\n<li>2 Beyaz Top + PowerBall, 7 Dolar Kazan\u0131r<\/li>\n<li>1 Beyaz Top + PowerBall, 7$<\/li>\n<li>Tek ba\u015f\u0131na PowerBall ile 4$ kazanacaks\u0131n\u0131z<\/li>\n<\/ul>\n<p>Ayr\u0131ca ek bir \u00f6zellik daha eklendi: PowerPlay \u00f6zelli\u011fini se\u00e7erseniz, orijinal \u00f6d\u00fcl tutar\u0131n\u0131 art\u0131rabilirsiniz. Biletiniz 5+0 kazanan kombinasyonu i\u00e7eriyorsa, \u00f6d\u00fcl\u00fcn\u00fcz 1 Milyon$ yerine 2 Milyon$ olur. Biletinizi sat\u0131n al\u0131rken PowerPlay \u00f6zelli\u011fini se\u00e7meniz gerekir.<\/p>\n<h2>NeredeOynayabilir miyim?<\/p>\n<p>PowerBall, Amerika&#8217;n\u0131n en sevilen piyango oyunudur ve \u00fclke genelinde 42 eyalette oynanabilir. Ayr\u0131ca Washington D.C. ve ABD Virjin Adalar\u0131&#8217;nda da oynan\u0131r. 8 eyalette, sakinlerinin bu piyangoya kat\u0131lmas\u0131na izin verilmez: Nevada, Kaliforniya, Utah, Mississippi, Wyoming, Alabama, Hawaii ve Alaska.<\/p>\n<p>Ancak, bu makalenin ba\u015f\u0131nda da belirtildi\u011fi gibi, ABD d\u0131\u015f\u0131nda ve ABD&#8217;de ikamet etmeyen biri olarak veya ma\u011fazadan sat\u0131n alamad\u0131\u011f\u0131n\u0131z bir ABD eyaletinden PowerBall oynamak da m\u00fcmk\u00fcnd\u00fcr. RedFoxLotto bunu herkes i\u00e7in m\u00fcmk\u00fcn k\u0131lar. <strong><span style=\"text-decoration: underline;\"><a href=\"https:\/\/redfoxlotto.com\/?ref=A8564250A2&amp;medium=pwb\" target=\"_blank\" rel=\"noopener noreferrer\">PowerBall loto biletinizi hemen \u00e7evrimi\u00e7i al\u0131n!<\/a><\/span><\/strong><\/p>\n","protected":false},"excerpt":{"rendered":"<p>h2>Powerball Biletlerini \u00c7evrimi\u00e7i Nas\u0131l Sat\u0131n Alabilirsiniz? PowerBall, 140 dolardan 300 milyon dolara kadar b\u00fcy\u00fck ikramiye \u00f6d\u00fclleri ve y\u00fcksek \u00f6demeler sunan son derece pop\u00fcler bir piyango oyunudur! 2012 y\u0131l\u0131nda PowerBall B\u00fcy\u00fck \u0130kramiyesini kazanan 7 ki\u015fi var. En d\u00fc\u015f\u00fck ikramiye 60 milyon dolar, en y\u00fcksek ikramiye ise 337 milyon ABD dolar\u0131yd\u0131! Bu ki\u015fi siz olabilirsiniz, milyonlarca dolara &hellip; <\/p>\n<p class=\"link-more\"><a href=\"https:\/\/powerballticketonline.com\/tr\/\" class=\"more-link\"><span class=\"screen-reader-text\"> &#8220;Ev&#8221;<\/span>devam\u0131n\u0131 oku<\/a><\/p>\n","protected":false},"author":1,"featured_media":0,"parent":0,"menu_order":0,"comment_status":"closed","ping_status":"closed","template":"","meta":{"footnotes":""},"class_list":["post-90","page","type-page","status-publish","hentry"],"yoast_head":"<!-- This site is optimized with the Yoast SEO plugin v27.3 - https:\/\/yoast.com\/product\/yoast-seo-wordpress\/ -->\n<title>D\u00fcnyan\u0131n her yerinden Powerball Piyango Biletlerini \u00e7evrimi\u00e7i sat\u0131n al\u0131n<\/title>\n<meta name=\"robots\" content=\"index, follow, max-snippet:-1, max-image-preview:large, max-video-preview:-1\" \/>\n<link rel=\"canonical\" href=\"https:\/\/powerballticketonline.com\/tr\/\" \/>\n<meta property=\"og:locale\" content=\"tr_TR\" \/>\n<meta property=\"og:type\" content=\"article\" \/>\n<meta property=\"og:title\" content=\"D\u00fcnyan\u0131n her yerinden Powerball Piyango Biletlerini \u00e7evrimi\u00e7i sat\u0131n al\u0131n\" \/>\n<meta property=\"og:description\" content=\"h2&gt;Powerball Biletlerini \u00c7evrimi\u00e7i Nas\u0131l Sat\u0131n Alabilirsiniz? PowerBall, 140 dolardan 300 milyon dolara kadar b\u00fcy\u00fck ikramiye \u00f6d\u00fclleri ve y\u00fcksek \u00f6demeler sunan son derece pop\u00fcler bir piyango oyunudur! 2012 y\u0131l\u0131nda PowerBall B\u00fcy\u00fck \u0130kramiyesini kazanan 7 ki\u015fi var. En d\u00fc\u015f\u00fck ikramiye 60 milyon dolar, en y\u00fcksek ikramiye ise 337 milyon ABD dolar\u0131yd\u0131! Bu ki\u015fi siz olabilirsiniz, milyonlarca dolara &hellip; &quot;Ev&quot;devam\u0131n\u0131 oku\" \/>\n<meta property=\"og:url\" content=\"https:\/\/powerballticketonline.com\/tr\/\" \/>\n<meta property=\"article:modified_time\" content=\"2025-08-27T07:04:20+00:00\" \/>\n<meta name=\"twitter:card\" content=\"summary_large_image\" \/>\n<meta name=\"twitter:label1\" content=\"Tahmini okuma s\u00fcresi\" \/>\n\t<meta name=\"twitter:data1\" content=\"4 dakika\" \/>\n<script type=\"application\/ld+json\" class=\"yoast-schema-graph\">{\"@context\":\"https:\\\/\\\/schema.org\",\"@graph\":[{\"@type\":\"WebPage\",\"@id\":\"https:\\\/\\\/powerballticketonline.com\\\/tr\\\/\",\"url\":\"https:\\\/\\\/powerballticketonline.com\\\/tr\\\/\",\"name\":\"D\u00fcnyan\u0131n her yerinden Powerball Piyango Biletlerini \u00e7evrimi\u00e7i sat\u0131n al\u0131n\",\"isPartOf\":{\"@id\":\"https:\\\/\\\/powerballticketonline.com\\\/tr\\\/#website\"},\"datePublished\":\"2025-08-02T15:41:33+00:00\",\"dateModified\":\"2025-08-27T07:04:20+00:00\",\"breadcrumb\":{\"@id\":\"https:\\\/\\\/powerballticketonline.com\\\/tr\\\/#breadcrumb\"},\"inLanguage\":\"tr\",\"potentialAction\":[{\"@type\":\"ReadAction\",\"target\":[\"https:\\\/\\\/powerballticketonline.com\\\/tr\\\/\"]}]},{\"@type\":\"BreadcrumbList\",\"@id\":\"https:\\\/\\\/powerballticketonline.com\\\/tr\\\/#breadcrumb\",\"itemListElement\":[{\"@type\":\"ListItem\",\"position\":1,\"name\":\"Home\",\"item\":\"https:\\\/\\\/powerballticketonline.com\\\/tr\\\/\"},{\"@type\":\"ListItem\",\"position\":2,\"name\":\"Ev\"}]},{\"@type\":\"WebSite\",\"@id\":\"https:\\\/\\\/powerballticketonline.com\\\/tr\\\/#website\",\"url\":\"https:\\\/\\\/powerballticketonline.com\\\/tr\\\/\",\"name\":\"\",\"description\":\"\",\"potentialAction\":[{\"@type\":\"SearchAction\",\"target\":{\"@type\":\"EntryPoint\",\"urlTemplate\":\"https:\\\/\\\/powerballticketonline.com\\\/tr\\\/?s={search_term_string}\"},\"query-input\":{\"@type\":\"PropertyValueSpecification\",\"valueRequired\":true,\"valueName\":\"search_term_string\"}}],\"inLanguage\":\"tr\"}]}<\/script>\n<!-- \/ Yoast SEO plugin. -->","yoast_head_json":{"title":"D\u00fcnyan\u0131n her yerinden Powerball Piyango Biletlerini \u00e7evrimi\u00e7i sat\u0131n al\u0131n","robots":{"index":"index","follow":"follow","max-snippet":"max-snippet:-1","max-image-preview":"max-image-preview:large","max-video-preview":"max-video-preview:-1"},"canonical":"https:\/\/powerballticketonline.com\/tr\/","og_locale":"tr_TR","og_type":"article","og_title":"D\u00fcnyan\u0131n her yerinden Powerball Piyango Biletlerini \u00e7evrimi\u00e7i sat\u0131n al\u0131n","og_description":"h2>Powerball Biletlerini \u00c7evrimi\u00e7i Nas\u0131l Sat\u0131n Alabilirsiniz? PowerBall, 140 dolardan 300 milyon dolara kadar b\u00fcy\u00fck ikramiye \u00f6d\u00fclleri ve y\u00fcksek \u00f6demeler sunan son derece pop\u00fcler bir piyango oyunudur! 2012 y\u0131l\u0131nda PowerBall B\u00fcy\u00fck \u0130kramiyesini kazanan 7 ki\u015fi var. En d\u00fc\u015f\u00fck ikramiye 60 milyon dolar, en y\u00fcksek ikramiye ise 337 milyon ABD dolar\u0131yd\u0131! Bu ki\u015fi siz olabilirsiniz, milyonlarca dolara &hellip; \"Ev\"devam\u0131n\u0131 oku","og_url":"https:\/\/powerballticketonline.com\/tr\/","article_modified_time":"2025-08-27T07:04:20+00:00","twitter_card":"summary_large_image","twitter_misc":{"Tahmini okuma s\u00fcresi":"4 dakika"},"schema":{"@context":"https:\/\/schema.org","@graph":[{"@type":"WebPage","@id":"https:\/\/powerballticketonline.com\/tr\/","url":"https:\/\/powerballticketonline.com\/tr\/","name":"D\u00fcnyan\u0131n her yerinden Powerball Piyango Biletlerini \u00e7evrimi\u00e7i sat\u0131n al\u0131n","isPartOf":{"@id":"https:\/\/powerballticketonline.com\/tr\/#website"},"datePublished":"2025-08-02T15:41:33+00:00","dateModified":"2025-08-27T07:04:20+00:00","breadcrumb":{"@id":"https:\/\/powerballticketonline.com\/tr\/#breadcrumb"},"inLanguage":"tr","potentialAction":[{"@type":"ReadAction","target":["https:\/\/powerballticketonline.com\/tr\/"]}]},{"@type":"BreadcrumbList","@id":"https:\/\/powerballticketonline.com\/tr\/#breadcrumb","itemListElement":[{"@type":"ListItem","position":1,"name":"Home","item":"https:\/\/powerballticketonline.com\/tr\/"},{"@type":"ListItem","position":2,"name":"Ev"}]},{"@type":"WebSite","@id":"https:\/\/powerballticketonline.com\/tr\/#website","url":"https:\/\/powerballticketonline.com\/tr\/","name":"","description":"","potentialAction":[{"@type":"SearchAction","target":{"@type":"EntryPoint","urlTemplate":"https:\/\/powerballticketonline.com\/tr\/?s={search_term_string}"},"query-input":{"@type":"PropertyValueSpecification","valueRequired":true,"valueName":"search_term_string"}}],"inLanguage":"tr"}]}},"_links":{"self":[{"href":"https:\/\/powerballticketonline.com\/tr\/wp-json\/wp\/v2\/pages\/90","targetHints":{"allow":["GET"]}}],"collection":[{"href":"https:\/\/powerballticketonline.com\/tr\/wp-json\/wp\/v2\/pages"}],"about":[{"href":"https:\/\/powerballticketonline.com\/tr\/wp-json\/wp\/v2\/types\/page"}],"author":[{"embeddable":true,"href":"https:\/\/powerballticketonline.com\/tr\/wp-json\/wp\/v2\/users\/1"}],"replies":[{"embeddable":true,"href":"https:\/\/powerballticketonline.com\/tr\/wp-json\/wp\/v2\/comments?post=90"}],"version-history":[{"count":1,"href":"https:\/\/powerballticketonline.com\/tr\/wp-json\/wp\/v2\/pages\/90\/revisions"}],"predecessor-version":[{"id":392,"href":"https:\/\/powerballticketonline.com\/tr\/wp-json\/wp\/v2\/pages\/90\/revisions\/392"}],"wp:attachment":[{"href":"https:\/\/powerballticketonline.com\/tr\/wp-json\/wp\/v2\/media?parent=90"}],"curies":[{"name":"wp","href":"https:\/\/api.w.org\/{rel}","templated":true}]}}