{"id":92,"date":"2025-08-02T15:14:15","date_gmt":"2025-08-02T15:14:15","guid":{"rendered":"https:\/\/powerballticketonline.com\/bitcoin-ile-powerball-oynayin\/"},"modified":"2025-08-02T15:14:15","modified_gmt":"2025-08-02T15:14:15","slug":"bitcoin-ile-powerball-oynayin","status":"publish","type":"page","link":"https:\/\/powerballticketonline.com\/tr\/bitcoin-ile-powerball-oynayin\/","title":{"rendered":"Bitcoin ile Powerball oynay\u0131n"},"content":{"rendered":"<h1>Powerball Piyango Biletinizi Bitcoin ile \u00d6deyin<\/h1>\n<p>Ge\u00e7en y\u0131l ABD Powerball piyangosu 1,5 milyar dolarl\u0131k tarihi bir rekora ula\u015ft\u0131. Vay can\u0131na, bu rakam\u0131 ve kazanman\u0131n ne anlama geldi\u011fini hayal bile edemezsiniz. Herkes \u00e7\u0131lg\u0131nca zengin olma hayaliyle bilet al\u0131yordu. Peki, Bitcoin kullanarak Powerball bileti alman\u0131n m\u00fcmk\u00fcn oldu\u011funu biliyor muydunuz?<br \/>Bitcoin c\u00fczdanlar\u0131nda yedek Bitcoin&#8217;i olanlar bunu biliyor olmal\u0131. Ama sadece oturup \u00fcz\u00fclmeyin, \u00e7\u00fcnk\u00fc Bitcoin&#8217;inizi kullanabilirsiniz. <span style=\"text-decoration: underline;\"><a href=\"http:\/\/www.bitcoincasino.org\/\" target=\"_blank\" rel=\"noopener noreferrer\">Bitcoin kumar\u0131<\/a><\/span> ve Bitcoin piyangolar\u0131 hakk\u0131nda daha fazla bilgi edinin ve yepyeni bir d\u00fcnyan\u0131n kap\u0131lar\u0131n\u0131 aralay\u0131n.<\/p>\n<h2>Bitcoin ile Powerball Piyango Biletleri Nereden Al\u0131n\u0131r?<\/h2>\n<p>Do\u011fal olarak, yerel marketinizden Bitcoin kullanarak Powerball bileti sat\u0131n alamazs\u0131n\u0131z. Bu <span style=\"text-decoration: underline;\"><a href=\"https:\/\/www.forbes.com\/sites\/investopedia\/2013\/08\/01\/how-bitcoin-works\/\" target=\"_blank\" rel=\"noopener noreferrer\">Bitcoin nas\u0131l \u00e7al\u0131\u015f\u0131r?<\/a><\/span> ile ilgili de\u011fildir. Tek yapman\u0131z gereken, Powerball piyango biletlerinin resmi, me\u015fru bir online sat\u0131c\u0131s\u0131n\u0131 bulmak.<br \/>Bulmak zor de\u011fil, \u00e7\u00fcnk\u00fc neredeyse her online sat\u0131c\u0131 bu kripto para biriminin avantajlar\u0131n\u0131 yava\u015f yava\u015f ke\u015ffediyor. En b\u00fcy\u00fck markalar bile bu alana giriyor. Bu sat\u0131c\u0131lar\u0131n \u00e7o\u011fu dolar da kabul ediyor, ancak burada \u00f6nemli olan, biletleri Bitcoin ile sat\u0131n alman\u0131za izin vermeleri.<br \/>Baz\u0131lar\u0131 size Avrupa&#8217;daki en b\u00fcy\u00fck piyango olan EuroMillions gibi uluslararas\u0131 piyango oyunlar\u0131 i\u00e7in piyango bileti bile satabilir. Powerball bileti\/biletlerini sat\u0131n ald\u0131\u011f\u0131n\u0131zda, sat\u0131c\u0131 size bir onay e-postas\u0131 g\u00f6nderecektir.<\/p>\n<h2>\u00d6deme Nas\u0131l Al\u0131n\u0131r<\/h2>\n<p><img loading=\"lazy\" decoding=\"async\" src=\"images\/win_lottery_prize.jpg\" alt=\"bitcoin win powerball\" width=\"200\" height=\"200\" style=\"margin: 1px; float: right;\" \/>Bu, en \u00f6nemli k\u0131s\u0131md\u0131r: Kazanc\u0131n\u0131z\u0131 almak. Birka\u00e7 se\u00e7enek mevcuttur. Daha k\u00fc\u00e7\u00fck bir kazan\u00e7 elde ederseniz, t\u00fcm tutar\u0131 tek seferde alabilirsiniz. Daha b\u00fcy\u00fck bir kazan\u00e7 elde ederseniz, bayi size Bitcoin c\u00fczdan\u0131n\u0131za birden fazla taksit halinde \u00f6deme yapma politikas\u0131na sahip olabilir. Genellikle \u00e7ok b\u00fcy\u00fck olan b\u00fcy\u00fck ikramiyeyi kazan\u0131rsan\u0131z, kazanc\u0131n\u0131z\u0131 \u015fahsen almay\u0131 se\u00e7ebilirsiniz.<br \/>Ama i\u015fte en iyi k\u0131s\u0131m. Kazanc\u0131n\u0131z\u0131 \u015fahsen almak zorunda de\u011filsiniz. Normal para biriminde \u00f6deme almak istiyorsan\u0131z bu se\u00e7enek genellikle en iyisidir. Ancak kazanc\u0131n\u0131z\u0131 Bitcoin olarak almak istiyorsan\u0131z, t\u00fcm tutar\u0131 (m\u00fcmk\u00fcnse) al\u0131n.<br \/>Bitcoin&#8217;ler vergilendirilmez ve i\u015flem \u00fccretlerine tabi de\u011fildir. En \u00f6nemlisi, ba\u015fka hi\u00e7bir \u00f6deme y\u00f6nteminde m\u00fcmk\u00fcn olmayan bir \u015fekilde, \u00f6deme talebinde bulunduktan dakikalar i\u00e7inde kazanc\u0131n\u0131z\u0131 alabilirsiniz.<\/p>\n<h2>Avantaj<\/h2>\n<p>Bitcoin ile herhangi bir piyango oynaman\u0131n b\u00fcy\u00fck bir avantaj\u0131 vard\u0131r: anonim kalmak. Normal para yat\u0131rma i\u015flemleri farkl\u0131 kimlik bilgileri ve kimlik do\u011frulamas\u0131 gerektirirken, Bitcoin gerektirmez. \u00c7evrimi\u00e7i bir sat\u0131c\u0131da hesap a\u00e7ma i\u015flemi bile olduk\u00e7a basittir. Tek yapman\u0131z gereken e-postan\u0131z\u0131 ve Bitcoin&#8217;inizin ula\u015faca\u011f\u0131 veya Bitcoin&#8217;inizin yat\u0131r\u0131laca\u011f\u0131 Bitcoin c\u00fczdan adresinizi girmektir. Ad\u0131n\u0131z, soyad\u0131n\u0131z, kredi kart\u0131n\u0131z, sokak adresiniz veya size zarar verebilecek hassas veriler gibi hi\u00e7bir \u015fey girilmez.<\/p>\n","protected":false},"excerpt":{"rendered":"<p>Powerball Piyango Biletinizi Bitcoin ile \u00d6deyin Ge\u00e7en y\u0131l ABD Powerball piyangosu 1,5 milyar dolarl\u0131k tarihi bir rekora ula\u015ft\u0131. Vay can\u0131na, bu rakam\u0131 ve kazanman\u0131n ne anlama geldi\u011fini hayal bile edemezsiniz. Herkes \u00e7\u0131lg\u0131nca zengin olma hayaliyle bilet al\u0131yordu. Peki, Bitcoin kullanarak Powerball bileti alman\u0131n m\u00fcmk\u00fcn oldu\u011funu biliyor muydunuz?Bitcoin c\u00fczdanlar\u0131nda yedek Bitcoin&#8217;i olanlar bunu biliyor olmal\u0131. Ama &hellip; <\/p>\n<p class=\"link-more\"><a href=\"https:\/\/powerballticketonline.com\/tr\/bitcoin-ile-powerball-oynayin\/\" class=\"more-link\"><span class=\"screen-reader-text\"> &#8220;Bitcoin ile Powerball oynay\u0131n&#8221;<\/span>devam\u0131n\u0131 oku<\/a><\/p>\n","protected":false},"author":1,"featured_media":0,"parent":0,"menu_order":0,"comment_status":"closed","ping_status":"closed","template":"","meta":{"footnotes":""},"class_list":["post-92","page","type-page","status-publish","hentry"],"yoast_head":"<!-- This site is optimized with the Yoast SEO plugin v27.3 - https:\/\/yoast.com\/product\/yoast-seo-wordpress\/ -->\n<title>Bitcoin ile Powerball Piyangosu Oynayabilir misiniz?<\/title>\n<meta name=\"robots\" content=\"index, follow, max-snippet:-1, max-image-preview:large, max-video-preview:-1\" \/>\n<link rel=\"canonical\" href=\"https:\/\/powerballticketonline.com\/tr\/bitcoin-ile-powerball-oynayin\/\" \/>\n<meta property=\"og:locale\" content=\"tr_TR\" \/>\n<meta property=\"og:type\" content=\"article\" \/>\n<meta property=\"og:title\" content=\"Bitcoin ile Powerball Piyangosu Oynayabilir misiniz?\" \/>\n<meta property=\"og:description\" content=\"Powerball Piyango Biletinizi Bitcoin ile \u00d6deyin Ge\u00e7en y\u0131l ABD Powerball piyangosu 1,5 milyar dolarl\u0131k tarihi bir rekora ula\u015ft\u0131. Vay can\u0131na, bu rakam\u0131 ve kazanman\u0131n ne anlama geldi\u011fini hayal bile edemezsiniz. Herkes \u00e7\u0131lg\u0131nca zengin olma hayaliyle bilet al\u0131yordu. Peki, Bitcoin kullanarak Powerball bileti alman\u0131n m\u00fcmk\u00fcn oldu\u011funu biliyor muydunuz?Bitcoin c\u00fczdanlar\u0131nda yedek Bitcoin&#8217;i olanlar bunu biliyor olmal\u0131. Ama &hellip; &quot;Bitcoin ile Powerball oynay\u0131n&quot;devam\u0131n\u0131 oku\" \/>\n<meta property=\"og:url\" content=\"https:\/\/powerballticketonline.com\/tr\/bitcoin-ile-powerball-oynayin\/\" \/>\n<meta name=\"twitter:card\" content=\"summary_large_image\" \/>\n<meta name=\"twitter:label1\" content=\"Tahmini okuma s\u00fcresi\" \/>\n\t<meta name=\"twitter:data1\" content=\"2 dakika\" \/>\n<script type=\"application\/ld+json\" class=\"yoast-schema-graph\">{\"@context\":\"https:\\\/\\\/schema.org\",\"@graph\":[{\"@type\":\"WebPage\",\"@id\":\"https:\\\/\\\/powerballticketonline.com\\\/tr\\\/bitcoin-ile-powerball-oynayin\\\/\",\"url\":\"https:\\\/\\\/powerballticketonline.com\\\/tr\\\/bitcoin-ile-powerball-oynayin\\\/\",\"name\":\"Bitcoin ile Powerball Piyangosu Oynayabilir misiniz?\",\"isPartOf\":{\"@id\":\"https:\\\/\\\/powerballticketonline.com\\\/tr\\\/#website\"},\"datePublished\":\"2025-08-02T15:14:15+00:00\",\"breadcrumb\":{\"@id\":\"https:\\\/\\\/powerballticketonline.com\\\/tr\\\/bitcoin-ile-powerball-oynayin\\\/#breadcrumb\"},\"inLanguage\":\"tr\",\"potentialAction\":[{\"@type\":\"ReadAction\",\"target\":[\"https:\\\/\\\/powerballticketonline.com\\\/tr\\\/bitcoin-ile-powerball-oynayin\\\/\"]}]},{\"@type\":\"BreadcrumbList\",\"@id\":\"https:\\\/\\\/powerballticketonline.com\\\/tr\\\/bitcoin-ile-powerball-oynayin\\\/#breadcrumb\",\"itemListElement\":[{\"@type\":\"ListItem\",\"position\":1,\"name\":\"Home\",\"item\":\"https:\\\/\\\/powerballticketonline.com\\\/tr\\\/\"},{\"@type\":\"ListItem\",\"position\":2,\"name\":\"Bitcoin ile Powerball oynay\u0131n\"}]},{\"@type\":\"WebSite\",\"@id\":\"https:\\\/\\\/powerballticketonline.com\\\/tr\\\/#website\",\"url\":\"https:\\\/\\\/powerballticketonline.com\\\/tr\\\/\",\"name\":\"\",\"description\":\"\",\"potentialAction\":[{\"@type\":\"SearchAction\",\"target\":{\"@type\":\"EntryPoint\",\"urlTemplate\":\"https:\\\/\\\/powerballticketonline.com\\\/tr\\\/?s={search_term_string}\"},\"query-input\":{\"@type\":\"PropertyValueSpecification\",\"valueRequired\":true,\"valueName\":\"search_term_string\"}}],\"inLanguage\":\"tr\"}]}<\/script>\n<!-- \/ Yoast SEO plugin. -->","yoast_head_json":{"title":"Bitcoin ile Powerball Piyangosu Oynayabilir misiniz?","robots":{"index":"index","follow":"follow","max-snippet":"max-snippet:-1","max-image-preview":"max-image-preview:large","max-video-preview":"max-video-preview:-1"},"canonical":"https:\/\/powerballticketonline.com\/tr\/bitcoin-ile-powerball-oynayin\/","og_locale":"tr_TR","og_type":"article","og_title":"Bitcoin ile Powerball Piyangosu Oynayabilir misiniz?","og_description":"Powerball Piyango Biletinizi Bitcoin ile \u00d6deyin Ge\u00e7en y\u0131l ABD Powerball piyangosu 1,5 milyar dolarl\u0131k tarihi bir rekora ula\u015ft\u0131. Vay can\u0131na, bu rakam\u0131 ve kazanman\u0131n ne anlama geldi\u011fini hayal bile edemezsiniz. Herkes \u00e7\u0131lg\u0131nca zengin olma hayaliyle bilet al\u0131yordu. Peki, Bitcoin kullanarak Powerball bileti alman\u0131n m\u00fcmk\u00fcn oldu\u011funu biliyor muydunuz?Bitcoin c\u00fczdanlar\u0131nda yedek Bitcoin&#8217;i olanlar bunu biliyor olmal\u0131. Ama &hellip; \"Bitcoin ile Powerball oynay\u0131n\"devam\u0131n\u0131 oku","og_url":"https:\/\/powerballticketonline.com\/tr\/bitcoin-ile-powerball-oynayin\/","twitter_card":"summary_large_image","twitter_misc":{"Tahmini okuma s\u00fcresi":"2 dakika"},"schema":{"@context":"https:\/\/schema.org","@graph":[{"@type":"WebPage","@id":"https:\/\/powerballticketonline.com\/tr\/bitcoin-ile-powerball-oynayin\/","url":"https:\/\/powerballticketonline.com\/tr\/bitcoin-ile-powerball-oynayin\/","name":"Bitcoin ile Powerball Piyangosu Oynayabilir misiniz?","isPartOf":{"@id":"https:\/\/powerballticketonline.com\/tr\/#website"},"datePublished":"2025-08-02T15:14:15+00:00","breadcrumb":{"@id":"https:\/\/powerballticketonline.com\/tr\/bitcoin-ile-powerball-oynayin\/#breadcrumb"},"inLanguage":"tr","potentialAction":[{"@type":"ReadAction","target":["https:\/\/powerballticketonline.com\/tr\/bitcoin-ile-powerball-oynayin\/"]}]},{"@type":"BreadcrumbList","@id":"https:\/\/powerballticketonline.com\/tr\/bitcoin-ile-powerball-oynayin\/#breadcrumb","itemListElement":[{"@type":"ListItem","position":1,"name":"Home","item":"https:\/\/powerballticketonline.com\/tr\/"},{"@type":"ListItem","position":2,"name":"Bitcoin ile Powerball oynay\u0131n"}]},{"@type":"WebSite","@id":"https:\/\/powerballticketonline.com\/tr\/#website","url":"https:\/\/powerballticketonline.com\/tr\/","name":"","description":"","potentialAction":[{"@type":"SearchAction","target":{"@type":"EntryPoint","urlTemplate":"https:\/\/powerballticketonline.com\/tr\/?s={search_term_string}"},"query-input":{"@type":"PropertyValueSpecification","valueRequired":true,"valueName":"search_term_string"}}],"inLanguage":"tr"}]}},"_links":{"self":[{"href":"https:\/\/powerballticketonline.com\/tr\/wp-json\/wp\/v2\/pages\/92","targetHints":{"allow":["GET"]}}],"collection":[{"href":"https:\/\/powerballticketonline.com\/tr\/wp-json\/wp\/v2\/pages"}],"about":[{"href":"https:\/\/powerballticketonline.com\/tr\/wp-json\/wp\/v2\/types\/page"}],"author":[{"embeddable":true,"href":"https:\/\/powerballticketonline.com\/tr\/wp-json\/wp\/v2\/users\/1"}],"replies":[{"embeddable":true,"href":"https:\/\/powerballticketonline.com\/tr\/wp-json\/wp\/v2\/comments?post=92"}],"version-history":[{"count":0,"href":"https:\/\/powerballticketonline.com\/tr\/wp-json\/wp\/v2\/pages\/92\/revisions"}],"wp:attachment":[{"href":"https:\/\/powerballticketonline.com\/tr\/wp-json\/wp\/v2\/media?parent=92"}],"curies":[{"name":"wp","href":"https:\/\/api.w.org\/{rel}","templated":true}]}}