{"id":94,"date":"2025-08-04T10:27:58","date_gmt":"2025-08-04T10:27:58","guid":{"rendered":"https:\/\/powerballticketonline.com\/cevrimici-powerball-oynayin\/"},"modified":"2025-08-04T10:27:58","modified_gmt":"2025-08-04T10:27:58","slug":"cevrimici-powerball-oynayin","status":"publish","type":"page","link":"https:\/\/powerballticketonline.com\/tr\/cevrimici-powerball-oynayin\/","title":{"rendered":"\u00c7evrimi\u00e7i Powerball oynay\u0131n"},"content":{"rendered":"<h1>Nerede olursan\u0131z olun, \u00e7evrimi\u00e7i Powerball nas\u0131l oynan\u0131r?<\/h1>\n<p>Ana sayfam\u0131zdaki makaleden \u00f6\u011frendi\u011finiz gibi, RedFoxLotto.com sayesinde art\u0131k Powerball da dahil olmak \u00fczere t\u00fcm uluslararas\u0131 piyango biletlerini \u00e7evrimi\u00e7i sat\u0131n almak m\u00fcmk\u00fcn. \u0130ster ABD, ister Japonya veya ba\u015fka bir \u00fclkede ikamet ediyor olun, Powerball Lotto&#8217;ya ve \u00e7e\u015fitli piyango etkinliklerine kat\u0131labilir ve oynayabilirsiniz. Tek ihtiyac\u0131n\u0131z olan, aktif internet ba\u011flant\u0131s\u0131 olan bir bilgisayara ve kredi kart\u0131, banka hesab\u0131 veya en pop\u00fcler e-C\u00fczdanlardan biri gibi bir \u00f6deme y\u00f6ntemine sahip olmak. Bunlara sahip oldu\u011funuzda, \u00e7evrimi\u00e7i Powerball oynayabilirsiniz!<\/p>\n<h2>Piyango Biletinizi Almak \u0130\u00e7in Kaydolma<\/h2>\n<p>Kaydolmak \u00e7ok kolay; sadece \u00fcstteki banner&#8217;a veya sitemizdeki mevcut ikramiyeleri g\u00f6steren \u00f6\u011felerden birine t\u0131klay\u0131n. Ard\u0131ndan, asl\u0131nda olduk\u00e7a kolay olan s\u00fcre\u00e7 boyunca size yol g\u00f6sterilecektir.<\/p>\n<p><a href=\"https:\/\/redfoxlotto.com\/?ref=A8564250A2&#038;medium=pwrb\" target=\"_blank\" rel=\"noopener noreferrer\"><img loading=\"lazy\" decoding=\"async\" src=\"images\/play_lotto_online.jpg\" alt=\"Jouez &agrave; Powerball en ligne\" width=\"250\" height=\"167\" style=\"margin: 1px; float: right;\" \/><\/a>RedFoxLotto web sitesine girdi\u011finizde, sayfan\u0131n \u00fcst k\u0131sm\u0131nda bulunan kay\u0131t butonuna t\u0131klay\u0131n. Ad\u0131n\u0131z, Soyad\u0131n\u0131z, E-posta Adresiniz, Telefon Numaran\u0131z vb. bilgilerinizi girmenizi isteyen bir form a\u00e7\u0131lacakt\u0131r. Kayd\u0131n\u0131z\u0131 tamamlamadan \u00f6nce l\u00fctfen t\u00fcm bilgileri tekrar kontrol edin, \u00e7\u00fcnk\u00fc yanl\u0131\u015f bilgiler nakit \u00f6d\u00fcl alma \u015fans\u0131n\u0131z\u0131 d\u00fc\u015f\u00fcrebilir. Bilgilerinizi kontrol ettiniz mi? Harika! Kay\u0131t formunun alt k\u0131sm\u0131nda bulunan &#8220;Kay\u0131t Ol&#8221; butonuna t\u0131klayarak kayd\u0131n\u0131z\u0131 onaylay\u0131n.<\/p>\n<p>Her \u015feyi do\u011fru yapt\u0131ysan\u0131z, e-postan\u0131za giri\u015f bilgilerinizi ve baz\u0131 faydal\u0131 bilgileri i\u00e7eren yeni bir mesaj g\u00f6nderilecektir. Art\u0131k, ana sayfada oynamak istedi\u011finiz piyangoyu se\u00e7erek veya &#8220;Piyangolar&#8221;a t\u0131klay\u0131p oradan se\u00e7erek \u00e7evrimi\u00e7i bir PowerBall Bileti sat\u0131n alabilirsiniz.<\/p>\n<p>PowerBall sayfas\u0131n\u0131 do\u011fru a\u00e7t\u0131ysan\u0131z, k\u0131sa bir a\u00e7\u0131klama ve b\u00fcy\u00fck bir &#8220;\u015eimdi Oyna&#8221; butonu g\u00f6receksiniz. Bilet sat\u0131n almaya haz\u0131rsan\u0131z, bu butona t\u0131klay\u0131n. Biraz daha karma\u015f\u0131k olan ve ger\u00e7ek biletiniz i\u00e7in birka\u00e7 se\u00e7enek sunan bir sonraki sayfa a\u00e7\u0131l\u0131r (l\u00fctfen \u00f6nce piyango numaralar\u0131n\u0131z\u0131 se\u00e7ip ard\u0131ndan kaydolmay\u0131 da tercih edebilece\u011finizi unutmay\u0131n):<\/p>\n<p><strong>Oynamak istedi\u011finiz hat say\u0131s\u0131<\/strong>. Bu, Powerball i\u00e7in sat\u0131n almak istedi\u011finiz say\u0131 kombinasyonu say\u0131s\u0131n\u0131 ifade eder. \u00d6rne\u011fin, 2 say\u0131 kombinasyonu, kombinasyonlardan biri ba\u015far\u0131s\u0131z olsa bile Powerball ikramiyesini kazanma \u015fans\u0131n\u0131z\u0131 art\u0131r\u0131r. Daha a\u00e7\u0131k olmak gerekirse, iki ayr\u0131 piyango biletiniz olacak &#8211; yani \u015fans\u0131n\u0131z iki kat\u0131na \u00e7\u0131kacak!<\/p>\n<p><strong>Kat\u0131lmak \u0130stedi\u011finiz \u00c7ekili\u015f Say\u0131s\u0131<\/strong> &#8211; bildi\u011finiz gibi, Powerball \u00e7ekili\u015fleri haftada iki kez, her \u00c7ar\u015famba ve Cumartesi g\u00fcn\u00fc ger\u00e7ekle\u015ftirilir. \u00d6nerilen sat\u0131n alma tutar\u0131 6 \u00e7ekili\u015f i\u00e7indir, yani numaralar\u0131n\u0131z\u0131n kazanma \u015fans\u0131 6&#8217;d\u0131r. 7 ay boyunca ger\u00e7ekle\u015ftirilen en fazla 52 ard\u0131\u015f\u0131k \u00e7ekili\u015f sat\u0131n alabilirsiniz!<\/p>\n<p><strong>Say\u0131 Se\u00e7imi<\/strong> &#8211; kendi numaralar\u0131n\u0131z\u0131 se\u00e7ebilir veya sizin i\u00e7in otomatik olarak numara se\u00e7ecek olan rastgele say\u0131 \u00fcreteci &#8220;H\u0131zl\u0131 Se\u00e7im&#8221; y\u00f6ntemini kullanabilirsiniz. Bunu yapmadan \u00f6nce, i\u015fte size k\u0131sa bir bilgi: B\u00fcy\u00fck ikramiye kazananlar\u0131n %68&#8217;i, Powerball numaralar\u0131n\u0131 se\u00e7mek i\u00e7in H\u0131zl\u0131 Se\u00e7im&#8217;i kulland\u0131!<\/p>\n<p>Numaralar\u0131n\u0131z\u0131 se\u00e7tikten sonra, al\u0131\u015fveri\u015f sepetinizin genel g\u00f6r\u00fcn\u00fcm\u00fcne y\u00f6nlendirileceksiniz. Her \u015fey yolundaysa, \u00f6deme a\u015famas\u0131na ge\u00e7ebilirsiniz.<\/p>\n<h2>PowerBall Piyango Bileti Sat\u0131n Alma<\/h2>\n<p>Numaralar\u0131n\u0131z\u0131 se\u00e7me ve sipari\u015finizi inceleme s\u00fcrecini tamamlad\u0131ktan sonra, \u00f6deme yaparak sat\u0131n alma i\u015flemini tamamlayabilirsiniz. RedFoxLotto, Powerball bileti sipari\u015finizi \u00f6demek ve tamamlamak i\u00e7in kullanabilece\u011finiz \u00e7ok \u00e7e\u015fitli \u00f6deme y\u00f6ntemleri sunar. \u00d6deme y\u00f6ntemlerinden baz\u0131lar\u0131 \u015funlard\u0131r:<\/p>\n<ul>\n<li>Kredi kartlar\u0131 i\u00e7in VISA, MasterCard, VISA Debit, Visa Electron.<\/li>\n<li>E-c\u00fczdanlar i\u00e7in EntroPay, Skrill, Neteller, Ukash<\/li>\n<li>Banka Havalesi<\/li>\n<li>Bitcoin<\/li>\n<\/ul>\n<p>\u00d6demeler an\u0131nda i\u015flenir ve tamamland\u0131\u011f\u0131nda kay\u0131tl\u0131 e-posta adresinize bir onay mesaj\u0131 g\u00f6nderilir. Sipari\u015finiz onayland\u0131ktan ve Powerball biletleriniz sat\u0131n al\u0131nd\u0131ktan sonra bir onay e-postas\u0131 al\u0131rs\u0131n\u0131z. Kazan\u0131rsan\u0131z, biletinizi kontrol edebilmeniz i\u00e7in sizi bilgilendiren ba\u015fka bir e-posta al\u0131rs\u0131n\u0131z.<\/p>\n<h2>Oynad\u0131m ve Kazand\u0131m! Param\u0131 Nas\u0131l Alabilirim?<\/h2>\n<p>\u00d6ncelikle tebrikler! Kazan\u0131lan \u00f6d\u00fcl 2500 Euro&#8217;nun alt\u0131ndaysa, paran\u0131z\u0131 \u015fu \u015fekilde alacaks\u0131n\u0131z:<\/p>\n<ul>\n<li>Para, RedFoxLotto&#8217;daki m\u00fc\u015fteri hesab\u0131n\u0131za yat\u0131r\u0131labilir ve yeni abonelikler i\u00e7in kullan\u0131labilir<\/li>\n<li>Veya \u00f6demeyi yapt\u0131\u011f\u0131n\u0131z gibi m\u00fc\u015fteri hesab\u0131n\u0131zdan \u00e7ekebilirsiniz<\/li>\n<\/ul>\n<p>2500 Euro&#8217;dan fazla bir \u00f6d\u00fcl kazan\u0131rsan\u0131z, 3 se\u00e7ene\u011finiz vard\u0131r:<\/p>\n<ul>\n<li>RedFoxLotto, resmi bir \u00e7ekili\u015f g\u00f6nderebilirnnings talep formunu doldurup geri g\u00f6ndermeniz gerekmektedir. \u015eirket daha sonra formu Powerball komisyonuna iletecek ve sizin ad\u0131n\u0131za \u00e7ekle kazan\u00e7 \u00f6demesi talep edecektir. Ancak, baz\u0131 piyango komisyonlar\u0131, Jackpot&#8217;u kazanman\u0131z durumunda paray\u0131 \u015fahsen alman\u0131z\u0131 gerektirebilir.<\/li>\n<li>Kazanan biletinizi \u015fahsen, RedFoxLotto ofislerinden birinde teslim alabilir ve kazanc\u0131n\u0131z\u0131 kendiniz alabilirsiniz.<\/li>\n<li>Biletinizi kurye veya istedi\u011finiz ba\u015fka bir teslimat hizmetiyle g\u00f6nderebilirsiniz. Bu biletin teslimat\u0131yla ilgili t\u00fcm masraflar ve riskler size ait olacakt\u0131r.<\/li>\n<\/ul>\n<p><strong>RedFoxLotto, Powerball kazan\u00e7lar\u0131n\u0131z\u0131 bozdurman\u0131z veya \u00f6d\u00fclden pay alman\u0131z durumunda hi\u00e7bir \u015fekilde sizden \u00fccret talep etmeyecektir!<\/strong><\/p>\n","protected":false},"excerpt":{"rendered":"<p>Nerede olursan\u0131z olun, \u00e7evrimi\u00e7i Powerball nas\u0131l oynan\u0131r? Ana sayfam\u0131zdaki makaleden \u00f6\u011frendi\u011finiz gibi, RedFoxLotto.com sayesinde art\u0131k Powerball da dahil olmak \u00fczere t\u00fcm uluslararas\u0131 piyango biletlerini \u00e7evrimi\u00e7i sat\u0131n almak m\u00fcmk\u00fcn. \u0130ster ABD, ister Japonya veya ba\u015fka bir \u00fclkede ikamet ediyor olun, Powerball Lotto&#8217;ya ve \u00e7e\u015fitli piyango etkinliklerine kat\u0131labilir ve oynayabilirsiniz. Tek ihtiyac\u0131n\u0131z olan, aktif internet ba\u011flant\u0131s\u0131 olan &hellip; <\/p>\n<p class=\"link-more\"><a href=\"https:\/\/powerballticketonline.com\/tr\/cevrimici-powerball-oynayin\/\" class=\"more-link\"><span class=\"screen-reader-text\"> &#8220;\u00c7evrimi\u00e7i Powerball oynay\u0131n&#8221;<\/span>devam\u0131n\u0131 oku<\/a><\/p>\n","protected":false},"author":1,"featured_media":0,"parent":0,"menu_order":0,"comment_status":"closed","ping_status":"closed","template":"","meta":{"footnotes":""},"class_list":["post-94","page","type-page","status-publish","hentry"],"yoast_head":"<!-- This site is optimized with the Yoast SEO plugin v27.3 - https:\/\/yoast.com\/product\/yoast-seo-wordpress\/ -->\n<title>\u00c7evrimi\u00e7i Powerball oynay\u0131n<\/title>\n<meta name=\"robots\" content=\"index, follow, max-snippet:-1, max-image-preview:large, max-video-preview:-1\" \/>\n<link rel=\"canonical\" href=\"https:\/\/powerballticketonline.com\/tr\/cevrimici-powerball-oynayin\/\" \/>\n<meta property=\"og:locale\" content=\"tr_TR\" \/>\n<meta property=\"og:type\" content=\"article\" \/>\n<meta property=\"og:title\" content=\"\u00c7evrimi\u00e7i Powerball oynay\u0131n\" \/>\n<meta property=\"og:description\" content=\"Nerede olursan\u0131z olun, \u00e7evrimi\u00e7i Powerball nas\u0131l oynan\u0131r? Ana sayfam\u0131zdaki makaleden \u00f6\u011frendi\u011finiz gibi, RedFoxLotto.com sayesinde art\u0131k Powerball da dahil olmak \u00fczere t\u00fcm uluslararas\u0131 piyango biletlerini \u00e7evrimi\u00e7i sat\u0131n almak m\u00fcmk\u00fcn. \u0130ster ABD, ister Japonya veya ba\u015fka bir \u00fclkede ikamet ediyor olun, Powerball Lotto&#8217;ya ve \u00e7e\u015fitli piyango etkinliklerine kat\u0131labilir ve oynayabilirsiniz. Tek ihtiyac\u0131n\u0131z olan, aktif internet ba\u011flant\u0131s\u0131 olan &hellip; &quot;\u00c7evrimi\u00e7i Powerball oynay\u0131n&quot;devam\u0131n\u0131 oku\" \/>\n<meta property=\"og:url\" content=\"https:\/\/powerballticketonline.com\/tr\/cevrimici-powerball-oynayin\/\" \/>\n<meta name=\"twitter:card\" content=\"summary_large_image\" \/>\n<meta name=\"twitter:label1\" content=\"Tahmini okuma s\u00fcresi\" \/>\n\t<meta name=\"twitter:data1\" content=\"4 dakika\" \/>\n<script type=\"application\/ld+json\" class=\"yoast-schema-graph\">{\"@context\":\"https:\\\/\\\/schema.org\",\"@graph\":[{\"@type\":\"WebPage\",\"@id\":\"https:\\\/\\\/powerballticketonline.com\\\/tr\\\/cevrimici-powerball-oynayin\\\/\",\"url\":\"https:\\\/\\\/powerballticketonline.com\\\/tr\\\/cevrimici-powerball-oynayin\\\/\",\"name\":\"\u00c7evrimi\u00e7i Powerball oynay\u0131n\",\"isPartOf\":{\"@id\":\"https:\\\/\\\/powerballticketonline.com\\\/tr\\\/#website\"},\"datePublished\":\"2025-08-04T10:27:58+00:00\",\"breadcrumb\":{\"@id\":\"https:\\\/\\\/powerballticketonline.com\\\/tr\\\/cevrimici-powerball-oynayin\\\/#breadcrumb\"},\"inLanguage\":\"tr\",\"potentialAction\":[{\"@type\":\"ReadAction\",\"target\":[\"https:\\\/\\\/powerballticketonline.com\\\/tr\\\/cevrimici-powerball-oynayin\\\/\"]}]},{\"@type\":\"BreadcrumbList\",\"@id\":\"https:\\\/\\\/powerballticketonline.com\\\/tr\\\/cevrimici-powerball-oynayin\\\/#breadcrumb\",\"itemListElement\":[{\"@type\":\"ListItem\",\"position\":1,\"name\":\"Home\",\"item\":\"https:\\\/\\\/powerballticketonline.com\\\/tr\\\/\"},{\"@type\":\"ListItem\",\"position\":2,\"name\":\"\u00c7evrimi\u00e7i Powerball oynay\u0131n\"}]},{\"@type\":\"WebSite\",\"@id\":\"https:\\\/\\\/powerballticketonline.com\\\/tr\\\/#website\",\"url\":\"https:\\\/\\\/powerballticketonline.com\\\/tr\\\/\",\"name\":\"\",\"description\":\"\",\"potentialAction\":[{\"@type\":\"SearchAction\",\"target\":{\"@type\":\"EntryPoint\",\"urlTemplate\":\"https:\\\/\\\/powerballticketonline.com\\\/tr\\\/?s={search_term_string}\"},\"query-input\":{\"@type\":\"PropertyValueSpecification\",\"valueRequired\":true,\"valueName\":\"search_term_string\"}}],\"inLanguage\":\"tr\"}]}<\/script>\n<!-- \/ Yoast SEO plugin. -->","yoast_head_json":{"title":"\u00c7evrimi\u00e7i Powerball oynay\u0131n","robots":{"index":"index","follow":"follow","max-snippet":"max-snippet:-1","max-image-preview":"max-image-preview:large","max-video-preview":"max-video-preview:-1"},"canonical":"https:\/\/powerballticketonline.com\/tr\/cevrimici-powerball-oynayin\/","og_locale":"tr_TR","og_type":"article","og_title":"\u00c7evrimi\u00e7i Powerball oynay\u0131n","og_description":"Nerede olursan\u0131z olun, \u00e7evrimi\u00e7i Powerball nas\u0131l oynan\u0131r? Ana sayfam\u0131zdaki makaleden \u00f6\u011frendi\u011finiz gibi, RedFoxLotto.com sayesinde art\u0131k Powerball da dahil olmak \u00fczere t\u00fcm uluslararas\u0131 piyango biletlerini \u00e7evrimi\u00e7i sat\u0131n almak m\u00fcmk\u00fcn. \u0130ster ABD, ister Japonya veya ba\u015fka bir \u00fclkede ikamet ediyor olun, Powerball Lotto&#8217;ya ve \u00e7e\u015fitli piyango etkinliklerine kat\u0131labilir ve oynayabilirsiniz. Tek ihtiyac\u0131n\u0131z olan, aktif internet ba\u011flant\u0131s\u0131 olan &hellip; \"\u00c7evrimi\u00e7i Powerball oynay\u0131n\"devam\u0131n\u0131 oku","og_url":"https:\/\/powerballticketonline.com\/tr\/cevrimici-powerball-oynayin\/","twitter_card":"summary_large_image","twitter_misc":{"Tahmini okuma s\u00fcresi":"4 dakika"},"schema":{"@context":"https:\/\/schema.org","@graph":[{"@type":"WebPage","@id":"https:\/\/powerballticketonline.com\/tr\/cevrimici-powerball-oynayin\/","url":"https:\/\/powerballticketonline.com\/tr\/cevrimici-powerball-oynayin\/","name":"\u00c7evrimi\u00e7i Powerball oynay\u0131n","isPartOf":{"@id":"https:\/\/powerballticketonline.com\/tr\/#website"},"datePublished":"2025-08-04T10:27:58+00:00","breadcrumb":{"@id":"https:\/\/powerballticketonline.com\/tr\/cevrimici-powerball-oynayin\/#breadcrumb"},"inLanguage":"tr","potentialAction":[{"@type":"ReadAction","target":["https:\/\/powerballticketonline.com\/tr\/cevrimici-powerball-oynayin\/"]}]},{"@type":"BreadcrumbList","@id":"https:\/\/powerballticketonline.com\/tr\/cevrimici-powerball-oynayin\/#breadcrumb","itemListElement":[{"@type":"ListItem","position":1,"name":"Home","item":"https:\/\/powerballticketonline.com\/tr\/"},{"@type":"ListItem","position":2,"name":"\u00c7evrimi\u00e7i Powerball oynay\u0131n"}]},{"@type":"WebSite","@id":"https:\/\/powerballticketonline.com\/tr\/#website","url":"https:\/\/powerballticketonline.com\/tr\/","name":"","description":"","potentialAction":[{"@type":"SearchAction","target":{"@type":"EntryPoint","urlTemplate":"https:\/\/powerballticketonline.com\/tr\/?s={search_term_string}"},"query-input":{"@type":"PropertyValueSpecification","valueRequired":true,"valueName":"search_term_string"}}],"inLanguage":"tr"}]}},"_links":{"self":[{"href":"https:\/\/powerballticketonline.com\/tr\/wp-json\/wp\/v2\/pages\/94","targetHints":{"allow":["GET"]}}],"collection":[{"href":"https:\/\/powerballticketonline.com\/tr\/wp-json\/wp\/v2\/pages"}],"about":[{"href":"https:\/\/powerballticketonline.com\/tr\/wp-json\/wp\/v2\/types\/page"}],"author":[{"embeddable":true,"href":"https:\/\/powerballticketonline.com\/tr\/wp-json\/wp\/v2\/users\/1"}],"replies":[{"embeddable":true,"href":"https:\/\/powerballticketonline.com\/tr\/wp-json\/wp\/v2\/comments?post=94"}],"version-history":[{"count":0,"href":"https:\/\/powerballticketonline.com\/tr\/wp-json\/wp\/v2\/pages\/94\/revisions"}],"wp:attachment":[{"href":"https:\/\/powerballticketonline.com\/tr\/wp-json\/wp\/v2\/media?parent=94"}],"curies":[{"name":"wp","href":"https:\/\/api.w.org\/{rel}","templated":true}]}}