{"id":96,"date":"2025-08-04T10:32:03","date_gmt":"2025-08-04T10:32:03","guid":{"rendered":"https:\/\/powerballticketonline.com\/beceriye-dayali-cevrimici-oyunlar\/"},"modified":"2025-08-04T10:32:03","modified_gmt":"2025-08-04T10:32:03","slug":"beceriye-dayali-cevrimici-oyunlar","status":"publish","type":"page","link":"https:\/\/powerballticketonline.com\/tr\/beceriye-dayali-cevrimici-oyunlar\/","title":{"rendered":"Beceriye dayal\u0131 \u00e7evrimi\u00e7i oyunlar"},"content":{"rendered":"<h1>Parayla \u00e7evrimi\u00e7i beceri oyunlar\u0131 oynamak<\/h1>\n<p>Bir piyango biletiyle b\u00fcy\u00fck ikramiyeyi kazanma ihtimali kesinlikle olduk\u00e7a cazip, \u00f6zellikle de <a href=\"https:\/\/www.jackpotlotteryonline.com\">www.jackpotlotteryonline.com<\/a> veya <a href=\"https:\/\/www.onlinelotto365.com\">www.onlinelotto365.com<\/a> gibi siteler aras\u0131ndan se\u00e7im yapabilece\u011finiz bir\u00e7ok uluslararas\u0131 ikramiye sundu\u011fundan. Peki, piyangodan daha az \u015fansa dayal\u0131 bir oyunda sonucu etkileyebilmeyi hi\u00e7 istediniz mi?<\/p>\n<p>Bunun i\u00e7in olduk\u00e7a fazla se\u00e7enek oldu\u011funu biliyorsunuz. Beceri gerektiren (az ya da \u00e7ok) tipik oyunlar \u00e7evrimi\u00e7i poker ve \u00e7evrimi\u00e7i blackjack&#8217;tir ve tabii ki spor bahisleri de vard\u0131r. \u00dc\u00e7\u00fc de, bir kazanma stratejisi kullanarak veya bir ata, futbol tak\u0131m\u0131na veya bireysel bir oyuncuya bahis yapmadan \u00f6nce ilgili bilgileri edinerek sonucu ve kazanma \u015fans\u0131n\u0131z\u0131 etkileyebilece\u011finiz harika se\u00e7eneklerdir.<\/p>\n<h2>Do\u011fru Strateji<\/h2>\n<p>Poker oyununuz o kadar iyi olmasa bile, kazanan bir oyuncu olabilece\u011finiz noktaya kadar kolayca geli\u015ftirebilirsiniz. Do\u011fru stratejiyi \u00f6\u011frenmenize yard\u0131mc\u0131 olacak bir\u00e7ok web sitesi mevcut. M\u00fckemmel sitelerden biri de&nbsp;<span style=\"text-decoration: underline;\"><a href=\"http:\/\/www.poker-coaching.net\/en\">www.poker-coaching.net<\/a><\/span>&nbsp; &#8230; Elbette, kumarhanenin size kar\u015f\u0131 h\u00e2l\u00e2 bir avantaj\u0131 var (sonu\u00e7ta bir hay\u0131r kurumu de\u011filler), ancak <a href=\"http:\/\/www.gambling6.com\/casino\/strategy\/how-to-minimize-the-casino-advantage-in-blackjack\" target=\"_blank\" rel=\"noopener noreferrer\"><span style=\"text-decoration: underline;\">bu makalede buldu\u011fumuz ipu\u00e7lar\u0131ndan yararlanarak<\/span>, onlar\u0131n avantaj\u0131n\u0131 azaltabilir ve \u015fans\u0131n\u0131z\u0131 \u00f6nemli \u00f6l\u00e7\u00fcde art\u0131rabilirsiniz.<\/a><\/p>\n<p>Spor bahisleri s\u00f6z konusu oldu\u011funda, bilginin kesinlikle \u00f6nemli oldu\u011fu yer buras\u0131d\u0131r. Elbette, en son sonu\u00e7lardan haberdar olman\u0131z, gazetenizin spor sayfalar\u0131n\u0131 okuman\u0131z, internette ara\u015ft\u0131rma yapman\u0131z gerekir. Ancak ger\u00e7ekten ba\u015far\u0131l\u0131 olmak i\u00e7in, se\u00e7ti\u011finiz oyunun i\u00e7 i\u015fleyi\u015fi hakk\u0131nda derinlemesine bilgi sahibi olman\u0131z gerekir. Eski profesyonellerden tavsiye al\u0131n, futbolda 4-4-2 sistemi ile 3-4-2-1 sistemi aras\u0131ndaki fark\u0131n ne oldu\u011funu \u00f6\u011frenin vb. Her spor dal\u0131 i\u00e7in, harika bilgiler sunan ve hatta \u00fccretsiz olan birka\u00e7 web sitesi mevcut. Baz\u0131lar\u0131 spor bahisleri d\u00fc\u015f\u00fcn\u00fclerek kurulmam\u0131\u015f olsa da yine de olduk\u00e7a faydal\u0131lar.<\/p>\n<p>Daha da iyisi, belirli bir sporla ilgili VE bahis odakl\u0131 bir site bulun. En iyilerinden biri <span style=\"text-decoration: underline;\"><a href=\"http:\/\/www.tennisbet.net\">www.tennisbet.net<\/a><\/span>. Makalelerinin sadece birka\u00e7\u0131n\u0131 okuduktan sonra, bir tenis ma\u00e7\u0131n\u0131 asla ayn\u0131 \u015fekilde izlemeyeceksiniz ve bir tenis ma\u00e7\u0131ndan \u00f6nce ve ma\u00e7 s\u0131ras\u0131nda bahis oynayabilece\u011finiz bir\u00e7ok iyi yer bulabileceksiniz.<\/p>\n<p>En sevdi\u011finiz spor ne olursa olsun, sadece bir Google aramas\u0131 yaparak sonu\u00e7lar\u0131n\u0131z\u0131 iyile\u015ftirmenize yard\u0131mc\u0131 olabilecek web siteleri bulabilirsiniz. Ve bu, kumar oynarken \u015fans fakt\u00f6r\u00fcn\u00fc azaltman\u0131n en iyi yoludur!<\/p>\n<p>&nbsp;<\/p>\n","protected":false},"excerpt":{"rendered":"<p>Parayla \u00e7evrimi\u00e7i beceri oyunlar\u0131 oynamak Bir piyango biletiyle b\u00fcy\u00fck ikramiyeyi kazanma ihtimali kesinlikle olduk\u00e7a cazip, \u00f6zellikle de www.jackpotlotteryonline.com veya www.onlinelotto365.com gibi siteler aras\u0131ndan se\u00e7im yapabilece\u011finiz bir\u00e7ok uluslararas\u0131 ikramiye sundu\u011fundan. Peki, piyangodan daha az \u015fansa dayal\u0131 bir oyunda sonucu etkileyebilmeyi hi\u00e7 istediniz mi? Bunun i\u00e7in olduk\u00e7a fazla se\u00e7enek oldu\u011funu biliyorsunuz. Beceri gerektiren (az ya da \u00e7ok) &hellip; <\/p>\n<p class=\"link-more\"><a href=\"https:\/\/powerballticketonline.com\/tr\/beceriye-dayali-cevrimici-oyunlar\/\" class=\"more-link\"><span class=\"screen-reader-text\"> &#8220;Beceriye dayal\u0131 \u00e7evrimi\u00e7i oyunlar&#8221;<\/span>devam\u0131n\u0131 oku<\/a><\/p>\n","protected":false},"author":1,"featured_media":0,"parent":0,"menu_order":0,"comment_status":"closed","ping_status":"closed","template":"","meta":{"footnotes":""},"class_list":["post-96","page","type-page","status-publish","hentry"],"yoast_head":"<!-- This site is optimized with the Yoast SEO plugin v27.3 - https:\/\/yoast.com\/product\/yoast-seo-wordpress\/ -->\n<title>Beceriye dayal\u0131 \u00e7evrimi\u00e7i oyunlar -<\/title>\n<meta name=\"robots\" content=\"index, follow, max-snippet:-1, max-image-preview:large, max-video-preview:-1\" \/>\n<link rel=\"canonical\" href=\"https:\/\/powerballticketonline.com\/tr\/beceriye-dayali-cevrimici-oyunlar\/\" \/>\n<meta property=\"og:locale\" content=\"tr_TR\" \/>\n<meta property=\"og:type\" content=\"article\" \/>\n<meta property=\"og:title\" content=\"Beceriye dayal\u0131 \u00e7evrimi\u00e7i oyunlar -\" \/>\n<meta property=\"og:description\" content=\"Parayla \u00e7evrimi\u00e7i beceri oyunlar\u0131 oynamak Bir piyango biletiyle b\u00fcy\u00fck ikramiyeyi kazanma ihtimali kesinlikle olduk\u00e7a cazip, \u00f6zellikle de www.jackpotlotteryonline.com veya www.onlinelotto365.com gibi siteler aras\u0131ndan se\u00e7im yapabilece\u011finiz bir\u00e7ok uluslararas\u0131 ikramiye sundu\u011fundan. Peki, piyangodan daha az \u015fansa dayal\u0131 bir oyunda sonucu etkileyebilmeyi hi\u00e7 istediniz mi? Bunun i\u00e7in olduk\u00e7a fazla se\u00e7enek oldu\u011funu biliyorsunuz. Beceri gerektiren (az ya da \u00e7ok) &hellip; &quot;Beceriye dayal\u0131 \u00e7evrimi\u00e7i oyunlar&quot;devam\u0131n\u0131 oku\" \/>\n<meta property=\"og:url\" content=\"https:\/\/powerballticketonline.com\/tr\/beceriye-dayali-cevrimici-oyunlar\/\" \/>\n<meta name=\"twitter:card\" content=\"summary_large_image\" \/>\n<meta name=\"twitter:label1\" content=\"Tahmini okuma s\u00fcresi\" \/>\n\t<meta name=\"twitter:data1\" content=\"2 dakika\" \/>\n<script type=\"application\/ld+json\" class=\"yoast-schema-graph\">{\"@context\":\"https:\\\/\\\/schema.org\",\"@graph\":[{\"@type\":\"WebPage\",\"@id\":\"https:\\\/\\\/powerballticketonline.com\\\/tr\\\/beceriye-dayali-cevrimici-oyunlar\\\/\",\"url\":\"https:\\\/\\\/powerballticketonline.com\\\/tr\\\/beceriye-dayali-cevrimici-oyunlar\\\/\",\"name\":\"Beceriye dayal\u0131 \u00e7evrimi\u00e7i oyunlar -\",\"isPartOf\":{\"@id\":\"https:\\\/\\\/powerballticketonline.com\\\/tr\\\/#website\"},\"datePublished\":\"2025-08-04T10:32:03+00:00\",\"breadcrumb\":{\"@id\":\"https:\\\/\\\/powerballticketonline.com\\\/tr\\\/beceriye-dayali-cevrimici-oyunlar\\\/#breadcrumb\"},\"inLanguage\":\"tr\",\"potentialAction\":[{\"@type\":\"ReadAction\",\"target\":[\"https:\\\/\\\/powerballticketonline.com\\\/tr\\\/beceriye-dayali-cevrimici-oyunlar\\\/\"]}]},{\"@type\":\"BreadcrumbList\",\"@id\":\"https:\\\/\\\/powerballticketonline.com\\\/tr\\\/beceriye-dayali-cevrimici-oyunlar\\\/#breadcrumb\",\"itemListElement\":[{\"@type\":\"ListItem\",\"position\":1,\"name\":\"Home\",\"item\":\"https:\\\/\\\/powerballticketonline.com\\\/tr\\\/\"},{\"@type\":\"ListItem\",\"position\":2,\"name\":\"Beceriye dayal\u0131 \u00e7evrimi\u00e7i oyunlar\"}]},{\"@type\":\"WebSite\",\"@id\":\"https:\\\/\\\/powerballticketonline.com\\\/tr\\\/#website\",\"url\":\"https:\\\/\\\/powerballticketonline.com\\\/tr\\\/\",\"name\":\"\",\"description\":\"\",\"potentialAction\":[{\"@type\":\"SearchAction\",\"target\":{\"@type\":\"EntryPoint\",\"urlTemplate\":\"https:\\\/\\\/powerballticketonline.com\\\/tr\\\/?s={search_term_string}\"},\"query-input\":{\"@type\":\"PropertyValueSpecification\",\"valueRequired\":true,\"valueName\":\"search_term_string\"}}],\"inLanguage\":\"tr\"}]}<\/script>\n<!-- \/ Yoast SEO plugin. -->","yoast_head_json":{"title":"Beceriye dayal\u0131 \u00e7evrimi\u00e7i oyunlar -","robots":{"index":"index","follow":"follow","max-snippet":"max-snippet:-1","max-image-preview":"max-image-preview:large","max-video-preview":"max-video-preview:-1"},"canonical":"https:\/\/powerballticketonline.com\/tr\/beceriye-dayali-cevrimici-oyunlar\/","og_locale":"tr_TR","og_type":"article","og_title":"Beceriye dayal\u0131 \u00e7evrimi\u00e7i oyunlar -","og_description":"Parayla \u00e7evrimi\u00e7i beceri oyunlar\u0131 oynamak Bir piyango biletiyle b\u00fcy\u00fck ikramiyeyi kazanma ihtimali kesinlikle olduk\u00e7a cazip, \u00f6zellikle de www.jackpotlotteryonline.com veya www.onlinelotto365.com gibi siteler aras\u0131ndan se\u00e7im yapabilece\u011finiz bir\u00e7ok uluslararas\u0131 ikramiye sundu\u011fundan. Peki, piyangodan daha az \u015fansa dayal\u0131 bir oyunda sonucu etkileyebilmeyi hi\u00e7 istediniz mi? Bunun i\u00e7in olduk\u00e7a fazla se\u00e7enek oldu\u011funu biliyorsunuz. Beceri gerektiren (az ya da \u00e7ok) &hellip; \"Beceriye dayal\u0131 \u00e7evrimi\u00e7i oyunlar\"devam\u0131n\u0131 oku","og_url":"https:\/\/powerballticketonline.com\/tr\/beceriye-dayali-cevrimici-oyunlar\/","twitter_card":"summary_large_image","twitter_misc":{"Tahmini okuma s\u00fcresi":"2 dakika"},"schema":{"@context":"https:\/\/schema.org","@graph":[{"@type":"WebPage","@id":"https:\/\/powerballticketonline.com\/tr\/beceriye-dayali-cevrimici-oyunlar\/","url":"https:\/\/powerballticketonline.com\/tr\/beceriye-dayali-cevrimici-oyunlar\/","name":"Beceriye dayal\u0131 \u00e7evrimi\u00e7i oyunlar -","isPartOf":{"@id":"https:\/\/powerballticketonline.com\/tr\/#website"},"datePublished":"2025-08-04T10:32:03+00:00","breadcrumb":{"@id":"https:\/\/powerballticketonline.com\/tr\/beceriye-dayali-cevrimici-oyunlar\/#breadcrumb"},"inLanguage":"tr","potentialAction":[{"@type":"ReadAction","target":["https:\/\/powerballticketonline.com\/tr\/beceriye-dayali-cevrimici-oyunlar\/"]}]},{"@type":"BreadcrumbList","@id":"https:\/\/powerballticketonline.com\/tr\/beceriye-dayali-cevrimici-oyunlar\/#breadcrumb","itemListElement":[{"@type":"ListItem","position":1,"name":"Home","item":"https:\/\/powerballticketonline.com\/tr\/"},{"@type":"ListItem","position":2,"name":"Beceriye dayal\u0131 \u00e7evrimi\u00e7i oyunlar"}]},{"@type":"WebSite","@id":"https:\/\/powerballticketonline.com\/tr\/#website","url":"https:\/\/powerballticketonline.com\/tr\/","name":"","description":"","potentialAction":[{"@type":"SearchAction","target":{"@type":"EntryPoint","urlTemplate":"https:\/\/powerballticketonline.com\/tr\/?s={search_term_string}"},"query-input":{"@type":"PropertyValueSpecification","valueRequired":true,"valueName":"search_term_string"}}],"inLanguage":"tr"}]}},"_links":{"self":[{"href":"https:\/\/powerballticketonline.com\/tr\/wp-json\/wp\/v2\/pages\/96","targetHints":{"allow":["GET"]}}],"collection":[{"href":"https:\/\/powerballticketonline.com\/tr\/wp-json\/wp\/v2\/pages"}],"about":[{"href":"https:\/\/powerballticketonline.com\/tr\/wp-json\/wp\/v2\/types\/page"}],"author":[{"embeddable":true,"href":"https:\/\/powerballticketonline.com\/tr\/wp-json\/wp\/v2\/users\/1"}],"replies":[{"embeddable":true,"href":"https:\/\/powerballticketonline.com\/tr\/wp-json\/wp\/v2\/comments?post=96"}],"version-history":[{"count":0,"href":"https:\/\/powerballticketonline.com\/tr\/wp-json\/wp\/v2\/pages\/96\/revisions"}],"wp:attachment":[{"href":"https:\/\/powerballticketonline.com\/tr\/wp-json\/wp\/v2\/media?parent=96"}],"curies":[{"name":"wp","href":"https:\/\/api.w.org\/{rel}","templated":true}]}}