{"id":98,"date":"2025-08-02T15:30:55","date_gmt":"2025-08-02T15:30:55","guid":{"rendered":"https:\/\/powerballticketonline.com\/bugunun-powerball-buyuk-ikramiyesi\/"},"modified":"2025-08-04T22:37:12","modified_gmt":"2025-08-04T22:37:12","slug":"bugunun-powerball-buyuk-ikramiyesi","status":"publish","type":"page","link":"https:\/\/powerballticketonline.com\/tr\/diger-ulkelerden-powerball-bileti-satin-almak-yasal-mi\/bugunun-powerball-buyuk-ikramiyesi\/","title":{"rendered":"Bug\u00fcn\u00fcn Powerball B\u00fcy\u00fck \u0130kramiyesi"},"content":{"rendered":"<h1>Bug\u00fcn\u00fcn Powerball B\u00fcy\u00fck \u0130kramiyesini (Ve Daha Fazlas\u0131n\u0131) Bulun<\/h1>\n<p>Bir piyango bileti almaya haz\u0131rs\u0131n\u0131z ama hangi oyunu oynamak istedi\u011finizden emin de\u011filsiniz mi? Do\u011fru oyunu se\u00e7mekte zorlan\u0131yorsan\u0131z, yapabilece\u011finiz en iyi \u015fey b\u00fcy\u00fck ikramiyelere bakmak olabilir, de\u011fil mi? Size kazanma \u015fans\u0131 y\u00fcksek bir oyun oynamak istersiniz, ancak ayn\u0131 zamanda ger\u00e7ekten b\u00fcy\u00fck ikramiyesi olan bir oyun oynad\u0131\u011f\u0131n\u0131zdan da emin olmak istersiniz \u00e7\u00fcnk\u00fc (muhtemelen) en \u00e7ok paray\u0131 orada kazanacaks\u0131n\u0131z, de\u011fil mi? Bug\u00fcn\u00fcn Powerball ikramiyesini ve di\u011fer t\u00fcm ikramiyeleri merak ediyorsan\u0131z, biraz daha yak\u0131ndan bakmak isteyeceksiniz.<\/p>\n<h2>Bug\u00fcn\u00fcn En B\u00fcy\u00fck Powerball \u0130kramiyesi<\/h2>\n<p>Powerball&#8217;un \u015fimdiye kadarki en b\u00fcy\u00fck ikramiyesi 1,5 milyar dolar\u0131n \u00fczerindeydi! Bu \u00e7ok b\u00fcy\u00fck bir para ve kesinlikle herkesin hayat\u0131n\u0131 de\u011fi\u015ftirecek bir \u015fey, de\u011fil mi? B\u00f6yle bir paray\u0131 kazanmak harika olmaz m\u0131yd\u0131? \u00c7o\u011fumuz i\u00e7in hayal gibi bir \u015fey, ama birinin ba\u015f\u0131na geldi ve bir dahaki sefere b\u00f6yle bir ikramiye geldi\u011finde kimin olaca\u011f\u0131n\u0131 kimse bilemez ve bu kesinlikle siz olabilirsiniz.<\/p>\n<p>Bir milyar dolar\u0131 sadece bir kez de\u011fil, iki kez a\u015ft\u0131ktan sonra, Powerball milyonlar kazanmaya devam ediyor. Olduk\u00e7a y\u00fckseldi ve kesinlikle bir\u00e7ok insan i\u00e7in harika oldu. \u0130nsanlar y\u00fcz milyonlarca, hatta neredeyse bir milyar dolar kazan\u0131yor, bu da bu t\u00fcr oyunlar\u0131 bizzat denemek isteyece\u011finiz anlam\u0131na geliyor. Bug\u00fcnk\u00fc Powerball ikramiyesi o kadar harika g\u00f6r\u00fcnmeyebilir, ancak artmaya devam edecek. Ve biri kazand\u0131\u011f\u0131nda, her \u015fey yeniden ba\u015flayacak.<\/p>\n<h2>En B\u00fcy\u00fck Mega Millions \u0130kramiyesi<\/h2>\n<p>Mega Millions, yakla\u015f\u0131k 1,5 milyar dolara ula\u015fan ABD merkezli bir oyun, ancak daha \u00f6nce hi\u00e7 bu kadar y\u00fcksek bir ikramiye g\u00f6rmedi. Yine de mutlaka kat\u0131lmal\u0131s\u0131n\u0131z \u00e7\u00fcnk\u00fc y\u00fcz milyonlarca dolar de\u011ferinde bir\u00e7ok \u00f6d\u00fcl var ve bu sizin hayat\u0131n\u0131zda da b\u00fcy\u00fck bir fark yaratacak, sizce de \u00f6yle de\u011fil mi? \u0130kramiye her zaman 40 milyon dolardan ba\u015flar ve oradan artar. Muhtemelen bu kadar d\u00fc\u015f\u00fckken hi\u00e7 kazan\u0131lmam\u0131\u015ft\u0131r, ama kazan\u0131lsa bile harika olmaz m\u0131yd\u0131?<\/p>\n<h2>En B\u00fcy\u00fck EuroMillions Jackpotu<\/h2>\n<p>Avrupa genelinde oynanan bu oyun, olduk\u00e7a b\u00fcy\u00fck bir ikramiyeye ula\u015fan oyunlardan biri. 183,5 milyon Euro&#8217;yu a\u015ft\u0131, bu da 206 milyon ABD dolar\u0131n\u0131n \u00fczerinde bir rakama denk geliyor. Bu kesinlikle \u00e7ok b\u00fcy\u00fck bir miktar ve piyasadaki di\u011fer oyunlardan g\u00f6rd\u00fc\u011f\u00fcm\u00fcz en b\u00fcy\u00fck ikramiye olmasa da, yine de kazanmak i\u00e7in harika bir jackpot, sizce de \u00f6yle de\u011fil mi? Elbette, bu kadar y\u00fckse\u011fe \u00e7\u0131kmas\u0131 \u00e7ok zor, ama oraya ula\u015fma \u015fans\u0131 var, bu y\u00fczden biraz daha d\u00fc\u015f\u00fck olsa bile izlemek isteyece\u011finiz bir oyun.<\/p>\n<h2>Top SuperEnalotto<\/h2>\n<p>\u0130talya&#8217;da oynanan bu oyun, bir zamanlar 177,7 milyon Euro&#8217;nun \u00fczerinde has\u0131lat elde etmi\u015fti, bu da yakla\u015f\u0131k 200 milyon ABD dolar\u0131na denk geliyor. Yani kesinlikle bir par\u00e7as\u0131 olmak isteyece\u011finiz bir oyundan bahsediyoruz. Y\u00fcz milyonlarca dolara ula\u015fabilen herhangi bir oyun, kesinlikle kazanmak isteyece\u011finiz bir oyundur ve bu da onu herkes i\u00e7in harika bir se\u00e7enek haline getirecektir. Bu b\u00fcy\u00fck ikramiye tek bir biletle kazan\u0131ld\u0131 (o bilete \u00e7ok say\u0131da ki\u015fi kat\u0131lsa da) ve bireysel biletlerle kazan\u0131lan \u00e7ok yak\u0131n ek \u00f6d\u00fcller de oldu.<\/p>\n<h2>En \u0130yi Milli Piyango<\/h2>\n<p>Birle\u015fik Krall\u0131k&#8217;taki oyunlara gelince, bir zamanlar 42 milyon sterline ula\u015fan bir milli piyango var, bu da yakla\u015f\u0131k 52 milyon ABD dolar\u0131na denk geliyor. Bu ikramiye, \u015fimdiye kadar bahsetti\u011fimiz di\u011ferlerinden \u00f6nemli \u00f6l\u00e7\u00fcde farkl\u0131 olsa da, kesinlikle \u00e7ok b\u00fcy\u00fck bir para ve kesinlikle denemek isteyece\u011finiz bir para, de\u011fil mi? Kazanan bilet epey zaman \u00f6nceydi, ancak oyun devam ediyor ve \u00f6d\u00fcller hala olduk\u00e7a harika.<\/p>\n<h2>Devlet Piyangosu<\/h2>\n<p>Amerika Birle\u015fik Devletleri d\u0131\u015f\u0131ndaki hemen hemen her \u00fclkenin bir eyalet piyangosu var (buradaki &lsquo;eyaletlerden&rsquo; farkl\u0131). Bu oyunlar milyonlarca dolara ula\u015ft\u0131 ve bu da onlar\u0131 oynamak i\u00e7in harika bir se\u00e7enek haline getiriyor. Neden mi? \u00c7\u00fcnk\u00fc bunlar daha k\u00fc\u00e7\u00fck oyunlar ama yine de ka\u00e7\u0131rmak istemeyece\u011finiz harika \u00f6d\u00fcller sunuyorlar. Bu k\u00fc\u00e7\u00fck oyunlardan baz\u0131lar\u0131n\u0131 oynayarak kesinlikle daha iyi bir \u015fans yakalayabilirsiniz ve bir \u015fey bulursan\u0131z \u00f6d\u00fcller o kadar da k\u00fc\u00e7\u00fck olmayabilir.<\/p>\n<h2>Union Lotto<\/h2>\n<p>\u00c7in&#8217;de Union Lotto ad\u0131nda ba\u015fka bir oyun daha var ve bu oyun bir zamanlar 570 milyon yene kadar \u00e7\u0131kabiliyordu, bu da yakla\u015f\u0131k 82 milyon ABD dolar\u0131na denk geliyor. Yerel para birimi ile ABD dolar\u0131 aras\u0131nda olduk\u00e7a b\u00fcy\u00fck bir fark olsa dars, kesinlikle hepimizin kazanmak isteyece\u011fi bir miktar ve bu kesinlikle d\u00fc\u015f\u00fcnmeniz gereken bir \u015fey. Elbette, di\u011fer \u00fclkelerdeki b\u00fcy\u00fck ikramiyeleri d\u00fc\u015f\u00fcnd\u00fc\u011f\u00fcn\u00fczde, kazanmak i\u00e7in ne girdi\u011finizi g\u00f6rmek i\u00e7in d\u00f6n\u00fc\u015f\u00fcmleri mutlaka yapmal\u0131s\u0131n\u0131z, ancak herhangi bir b\u00fcy\u00fck ikramiyeyi kazanmak harika olacakt\u0131r.<\/p>\n<h2>Mega-Sena<\/h2>\n<p>Brezilya&#8217;da Mega-Sena ad\u0131nda bir oyun var ve \u00e7ok da uzun zaman \u00f6nce \u00e7\u0131kmad\u0131. Tamam, 10 y\u0131ldan uzun zaman \u00f6nceydi, ancak bu b\u00fcy\u00fck ikramiyelerin baz\u0131lar\u0131 bundan daha eski. Bu, 145 milyon R$ de\u011ferindeydi, yani Brezilya Reali. Bu, ABD dolar\u0131 cinsinden yakla\u015f\u0131k 38,6 milyon dolar. Bu, herkesin kazanmaktan mutluluk duyaca\u011f\u0131 bir \u00f6d\u00fcl ve buradaki en b\u00fcy\u00fck ikramiye olmasa da, kesinlikle yat\u0131r\u0131m yapmaya de\u011fer. Loto oynamay\u0131 d\u00fc\u015f\u00fcnd\u00fc\u011f\u00fcn\u00fczde akl\u0131n\u0131za gelebilecek bir di\u011fer oyun da budur.<\/p>\n<h2>\u00c7evrimi\u00e7i Oynama<\/h2>\n<p><img loading=\"lazy\" decoding=\"async\" src=\"images\/play_lottery_online.jpg\" alt=\"bug\u00fcnk\u00fc mega milyonluk ikramiyenin boyutu\" width=\"200\" height=\"201\" style=\"margin: 1px; float: right;\" \/>Sonu\u00e7 olarak, bu oyunlar\u0131n hepsini oynaman\u0131n tek bir yolu var: Loto se\u00e7enekleriniz i\u00e7in \u00e7evrimi\u00e7i olmak. Piyasada ne kadar \u00e7ok harika oyun oldu\u011funu ve bunlar\u0131 oynaman\u0131n ne kadar kolay oldu\u011funu g\u00f6r\u00fcnce \u015fa\u015f\u0131rabilirsiniz. \u0130htiyac\u0131n\u0131z olan tek \u015fey, takip etmenize yard\u0131mc\u0131 olacak do\u011fru web sitesi <a href=\"https:\/\/redfoxlotto.com\/?ref=A8564250A2&#038;medium=pwrb\" target=\"_blank\" rel=\"noopener noreferrer\"><span style=\"text-decoration: underline;\">ve bu web sitesi RedFoxLotto.com olacak<\/span><\/a>. Yeni bir oyun y\u00f6ntemine ba\u015flamak istiyorsan\u0131z, t\u00fcm bu oyunlar\u0131 ve \u00e7ok daha fazlas\u0131n\u0131 bulacaks\u0131n\u0131z.<\/p>\n<p>\u00c7evrimi\u00e7i oyun s\u00f6z konusu oldu\u011funda da, fiziksel bir bilet sat\u0131n alarak kazanabilece\u011finiz t\u00fcm \u00f6d\u00fcllere sahip olacak ve \u00e7ok daha fazla se\u00e7ene\u011fe sahip olacaks\u0131n\u0131z. Art\u0131k ya\u015fad\u0131\u011f\u0131n\u0131z yer veya yerel marketinizden hangi biletleri alabilece\u011finizle s\u0131n\u0131rl\u0131 de\u011filsiniz. Aksine, d\u00fcnyan\u0131n d\u00f6rt bir yan\u0131ndaki farkl\u0131 \u00fclkelerden oyunlar oynama f\u0131rsat\u0131na sahip olacaks\u0131n\u0131z ve bu da size daha b\u00fcy\u00fck ikramiyeler, daha iyi oranlar ve bolca e\u011flence f\u0131rsat\u0131 sunacak.<\/p>\n<h2>\u00d6zet<\/h2>\n<p>Oynamak istedi\u011finiz bir sonraki oyunu se\u00e7me zaman\u0131 geldi\u011finde, hepsine iyi bir \u015fans verdi\u011finizden emin olun. Neler bulabilece\u011finize ve nas\u0131l kazanabilece\u011finize \u015fa\u015f\u0131rabilirsiniz. Ayr\u0131ca, kazanman\u0131n sizin i\u00e7in ne anlama gelebilece\u011fine de \u015fa\u015f\u0131rabilirsiniz. \u0130ster b\u00fcy\u00fck ister k\u00fc\u00e7\u00fck bir ikramiye kazan\u0131n ve bu ikramiye tamamen farkl\u0131 bir para biriminde olsun ya da olmas\u0131n, yol boyunca cebinize koyaca\u011f\u0131n\u0131z parayla harika vakit ge\u00e7ireceksiniz.<\/p>\n","protected":false},"excerpt":{"rendered":"<p>Bug\u00fcn\u00fcn Powerball B\u00fcy\u00fck \u0130kramiyesini (Ve Daha Fazlas\u0131n\u0131) Bulun Bir piyango bileti almaya haz\u0131rs\u0131n\u0131z ama hangi oyunu oynamak istedi\u011finizden emin de\u011filsiniz mi? Do\u011fru oyunu se\u00e7mekte zorlan\u0131yorsan\u0131z, yapabilece\u011finiz en iyi \u015fey b\u00fcy\u00fck ikramiyelere bakmak olabilir, de\u011fil mi? Size kazanma \u015fans\u0131 y\u00fcksek bir oyun oynamak istersiniz, ancak ayn\u0131 zamanda ger\u00e7ekten b\u00fcy\u00fck ikramiyesi olan bir oyun oynad\u0131\u011f\u0131n\u0131zdan da emin &hellip; <\/p>\n<p class=\"link-more\"><a href=\"https:\/\/powerballticketonline.com\/tr\/diger-ulkelerden-powerball-bileti-satin-almak-yasal-mi\/bugunun-powerball-buyuk-ikramiyesi\/\" class=\"more-link\"><span class=\"screen-reader-text\"> &#8220;Bug\u00fcn\u00fcn Powerball B\u00fcy\u00fck \u0130kramiyesi&#8221;<\/span>devam\u0131n\u0131 oku<\/a><\/p>\n","protected":false},"author":1,"featured_media":0,"parent":106,"menu_order":0,"comment_status":"closed","ping_status":"closed","template":"","meta":{"footnotes":""},"class_list":["post-98","page","type-page","status-publish","hentry"],"yoast_head":"<!-- This site is optimized with the Yoast SEO plugin v27.3 - https:\/\/yoast.com\/product\/yoast-seo-wordpress\/ -->\n<title>Bug\u00fcn\u00fcn Powerball B\u00fcy\u00fck \u0130kramiyesi -<\/title>\n<meta name=\"robots\" content=\"index, follow, max-snippet:-1, max-image-preview:large, max-video-preview:-1\" \/>\n<link rel=\"canonical\" href=\"https:\/\/powerballticketonline.com\/tr\/diger-ulkelerden-powerball-bileti-satin-almak-yasal-mi\/bugunun-powerball-buyuk-ikramiyesi\/\" \/>\n<meta property=\"og:locale\" content=\"tr_TR\" \/>\n<meta property=\"og:type\" content=\"article\" \/>\n<meta property=\"og:title\" content=\"Bug\u00fcn\u00fcn Powerball B\u00fcy\u00fck \u0130kramiyesi -\" \/>\n<meta property=\"og:description\" content=\"Bug\u00fcn\u00fcn Powerball B\u00fcy\u00fck \u0130kramiyesini (Ve Daha Fazlas\u0131n\u0131) Bulun Bir piyango bileti almaya haz\u0131rs\u0131n\u0131z ama hangi oyunu oynamak istedi\u011finizden emin de\u011filsiniz mi? Do\u011fru oyunu se\u00e7mekte zorlan\u0131yorsan\u0131z, yapabilece\u011finiz en iyi \u015fey b\u00fcy\u00fck ikramiyelere bakmak olabilir, de\u011fil mi? Size kazanma \u015fans\u0131 y\u00fcksek bir oyun oynamak istersiniz, ancak ayn\u0131 zamanda ger\u00e7ekten b\u00fcy\u00fck ikramiyesi olan bir oyun oynad\u0131\u011f\u0131n\u0131zdan da emin &hellip; &quot;Bug\u00fcn\u00fcn Powerball B\u00fcy\u00fck \u0130kramiyesi&quot;devam\u0131n\u0131 oku\" \/>\n<meta property=\"og:url\" content=\"https:\/\/powerballticketonline.com\/tr\/diger-ulkelerden-powerball-bileti-satin-almak-yasal-mi\/bugunun-powerball-buyuk-ikramiyesi\/\" \/>\n<meta property=\"article:modified_time\" content=\"2025-08-04T22:37:12+00:00\" \/>\n<meta name=\"twitter:card\" content=\"summary_large_image\" \/>\n<meta name=\"twitter:label1\" content=\"Tahmini okuma s\u00fcresi\" \/>\n\t<meta name=\"twitter:data1\" content=\"6 dakika\" \/>\n<script type=\"application\/ld+json\" class=\"yoast-schema-graph\">{\"@context\":\"https:\\\/\\\/schema.org\",\"@graph\":[{\"@type\":\"WebPage\",\"@id\":\"https:\\\/\\\/powerballticketonline.com\\\/tr\\\/diger-ulkelerden-powerball-bileti-satin-almak-yasal-mi\\\/bugunun-powerball-buyuk-ikramiyesi\\\/\",\"url\":\"https:\\\/\\\/powerballticketonline.com\\\/tr\\\/diger-ulkelerden-powerball-bileti-satin-almak-yasal-mi\\\/bugunun-powerball-buyuk-ikramiyesi\\\/\",\"name\":\"Bug\u00fcn\u00fcn Powerball B\u00fcy\u00fck \u0130kramiyesi -\",\"isPartOf\":{\"@id\":\"https:\\\/\\\/powerballticketonline.com\\\/tr\\\/#website\"},\"datePublished\":\"2025-08-02T15:30:55+00:00\",\"dateModified\":\"2025-08-04T22:37:12+00:00\",\"breadcrumb\":{\"@id\":\"https:\\\/\\\/powerballticketonline.com\\\/tr\\\/diger-ulkelerden-powerball-bileti-satin-almak-yasal-mi\\\/bugunun-powerball-buyuk-ikramiyesi\\\/#breadcrumb\"},\"inLanguage\":\"tr\",\"potentialAction\":[{\"@type\":\"ReadAction\",\"target\":[\"https:\\\/\\\/powerballticketonline.com\\\/tr\\\/diger-ulkelerden-powerball-bileti-satin-almak-yasal-mi\\\/bugunun-powerball-buyuk-ikramiyesi\\\/\"]}]},{\"@type\":\"BreadcrumbList\",\"@id\":\"https:\\\/\\\/powerballticketonline.com\\\/tr\\\/diger-ulkelerden-powerball-bileti-satin-almak-yasal-mi\\\/bugunun-powerball-buyuk-ikramiyesi\\\/#breadcrumb\",\"itemListElement\":[{\"@type\":\"ListItem\",\"position\":1,\"name\":\"Home\",\"item\":\"https:\\\/\\\/powerballticketonline.com\\\/tr\\\/\"},{\"@type\":\"ListItem\",\"position\":2,\"name\":\"Di\u011fer \u00dclkelerden Powerball Bileti Sat\u0131n Almak Yasal m\u0131?\",\"item\":\"https:\\\/\\\/powerballticketonline.com\\\/tr\\\/is-it-legal-to-buy-powerball-tickets-from-other-countries\\\/\"},{\"@type\":\"ListItem\",\"position\":3,\"name\":\"Bug\u00fcn\u00fcn Powerball B\u00fcy\u00fck \u0130kramiyesi\"}]},{\"@type\":\"WebSite\",\"@id\":\"https:\\\/\\\/powerballticketonline.com\\\/tr\\\/#website\",\"url\":\"https:\\\/\\\/powerballticketonline.com\\\/tr\\\/\",\"name\":\"\",\"description\":\"\",\"potentialAction\":[{\"@type\":\"SearchAction\",\"target\":{\"@type\":\"EntryPoint\",\"urlTemplate\":\"https:\\\/\\\/powerballticketonline.com\\\/tr\\\/?s={search_term_string}\"},\"query-input\":{\"@type\":\"PropertyValueSpecification\",\"valueRequired\":true,\"valueName\":\"search_term_string\"}}],\"inLanguage\":\"tr\"}]}<\/script>\n<!-- \/ Yoast SEO plugin. -->","yoast_head_json":{"title":"Bug\u00fcn\u00fcn Powerball B\u00fcy\u00fck \u0130kramiyesi -","robots":{"index":"index","follow":"follow","max-snippet":"max-snippet:-1","max-image-preview":"max-image-preview:large","max-video-preview":"max-video-preview:-1"},"canonical":"https:\/\/powerballticketonline.com\/tr\/diger-ulkelerden-powerball-bileti-satin-almak-yasal-mi\/bugunun-powerball-buyuk-ikramiyesi\/","og_locale":"tr_TR","og_type":"article","og_title":"Bug\u00fcn\u00fcn Powerball B\u00fcy\u00fck \u0130kramiyesi -","og_description":"Bug\u00fcn\u00fcn Powerball B\u00fcy\u00fck \u0130kramiyesini (Ve Daha Fazlas\u0131n\u0131) Bulun Bir piyango bileti almaya haz\u0131rs\u0131n\u0131z ama hangi oyunu oynamak istedi\u011finizden emin de\u011filsiniz mi? Do\u011fru oyunu se\u00e7mekte zorlan\u0131yorsan\u0131z, yapabilece\u011finiz en iyi \u015fey b\u00fcy\u00fck ikramiyelere bakmak olabilir, de\u011fil mi? Size kazanma \u015fans\u0131 y\u00fcksek bir oyun oynamak istersiniz, ancak ayn\u0131 zamanda ger\u00e7ekten b\u00fcy\u00fck ikramiyesi olan bir oyun oynad\u0131\u011f\u0131n\u0131zdan da emin &hellip; \"Bug\u00fcn\u00fcn Powerball B\u00fcy\u00fck \u0130kramiyesi\"devam\u0131n\u0131 oku","og_url":"https:\/\/powerballticketonline.com\/tr\/diger-ulkelerden-powerball-bileti-satin-almak-yasal-mi\/bugunun-powerball-buyuk-ikramiyesi\/","article_modified_time":"2025-08-04T22:37:12+00:00","twitter_card":"summary_large_image","twitter_misc":{"Tahmini okuma s\u00fcresi":"6 dakika"},"schema":{"@context":"https:\/\/schema.org","@graph":[{"@type":"WebPage","@id":"https:\/\/powerballticketonline.com\/tr\/diger-ulkelerden-powerball-bileti-satin-almak-yasal-mi\/bugunun-powerball-buyuk-ikramiyesi\/","url":"https:\/\/powerballticketonline.com\/tr\/diger-ulkelerden-powerball-bileti-satin-almak-yasal-mi\/bugunun-powerball-buyuk-ikramiyesi\/","name":"Bug\u00fcn\u00fcn Powerball B\u00fcy\u00fck \u0130kramiyesi -","isPartOf":{"@id":"https:\/\/powerballticketonline.com\/tr\/#website"},"datePublished":"2025-08-02T15:30:55+00:00","dateModified":"2025-08-04T22:37:12+00:00","breadcrumb":{"@id":"https:\/\/powerballticketonline.com\/tr\/diger-ulkelerden-powerball-bileti-satin-almak-yasal-mi\/bugunun-powerball-buyuk-ikramiyesi\/#breadcrumb"},"inLanguage":"tr","potentialAction":[{"@type":"ReadAction","target":["https:\/\/powerballticketonline.com\/tr\/diger-ulkelerden-powerball-bileti-satin-almak-yasal-mi\/bugunun-powerball-buyuk-ikramiyesi\/"]}]},{"@type":"BreadcrumbList","@id":"https:\/\/powerballticketonline.com\/tr\/diger-ulkelerden-powerball-bileti-satin-almak-yasal-mi\/bugunun-powerball-buyuk-ikramiyesi\/#breadcrumb","itemListElement":[{"@type":"ListItem","position":1,"name":"Home","item":"https:\/\/powerballticketonline.com\/tr\/"},{"@type":"ListItem","position":2,"name":"Di\u011fer \u00dclkelerden Powerball Bileti Sat\u0131n Almak Yasal m\u0131?","item":"https:\/\/powerballticketonline.com\/tr\/is-it-legal-to-buy-powerball-tickets-from-other-countries\/"},{"@type":"ListItem","position":3,"name":"Bug\u00fcn\u00fcn Powerball B\u00fcy\u00fck \u0130kramiyesi"}]},{"@type":"WebSite","@id":"https:\/\/powerballticketonline.com\/tr\/#website","url":"https:\/\/powerballticketonline.com\/tr\/","name":"","description":"","potentialAction":[{"@type":"SearchAction","target":{"@type":"EntryPoint","urlTemplate":"https:\/\/powerballticketonline.com\/tr\/?s={search_term_string}"},"query-input":{"@type":"PropertyValueSpecification","valueRequired":true,"valueName":"search_term_string"}}],"inLanguage":"tr"}]}},"_links":{"self":[{"href":"https:\/\/powerballticketonline.com\/tr\/wp-json\/wp\/v2\/pages\/98","targetHints":{"allow":["GET"]}}],"collection":[{"href":"https:\/\/powerballticketonline.com\/tr\/wp-json\/wp\/v2\/pages"}],"about":[{"href":"https:\/\/powerballticketonline.com\/tr\/wp-json\/wp\/v2\/types\/page"}],"author":[{"embeddable":true,"href":"https:\/\/powerballticketonline.com\/tr\/wp-json\/wp\/v2\/users\/1"}],"replies":[{"embeddable":true,"href":"https:\/\/powerballticketonline.com\/tr\/wp-json\/wp\/v2\/comments?post=98"}],"version-history":[{"count":1,"href":"https:\/\/powerballticketonline.com\/tr\/wp-json\/wp\/v2\/pages\/98\/revisions"}],"predecessor-version":[{"id":107,"href":"https:\/\/powerballticketonline.com\/tr\/wp-json\/wp\/v2\/pages\/98\/revisions\/107"}],"up":[{"embeddable":true,"href":"https:\/\/powerballticketonline.com\/tr\/wp-json\/wp\/v2\/pages\/106"}],"wp:attachment":[{"href":"https:\/\/powerballticketonline.com\/tr\/wp-json\/wp\/v2\/media?parent=98"}],"curies":[{"name":"wp","href":"https:\/\/api.w.org\/{rel}","templated":true}]}}